{"id":1543,"date":"2016-12-15T16:05:50","date_gmt":"2016-12-15T16:05:50","guid":{"rendered":"http:\/\/www.abogadonegligenciamedica.eu\/?page_id=7"},"modified":"2023-08-31T07:48:52","modified_gmt":"2023-08-31T07:48:52","slug":"abogado-accidente-trafico-sabadell","status":"publish","type":"page","link":"https:\/\/www.reclamaraccidentetrafico.es\/cat\/abogado-accidente-trafico-sabadell\/","title":{"rendered":"TARIFES"},"content":{"rendered":"<div data-elementor-type=\"wp-page\" data-elementor-id=\"1543\" class=\"elementor elementor-1543\">\n\t\t\t\t\t\t<section class=\"elementor-section elementor-top-section elementor-element elementor-element-407edb35 elementor-section-boxed elementor-section-height-default elementor-section-height-default\" data-id=\"407edb35\" data-element_type=\"section\">\n\t\t\t\t\t\t<div class=\"elementor-container elementor-column-gap-default\">\n\t\t\t\t\t<div class=\"elementor-column elementor-col-100 elementor-top-column elementor-element elementor-element-5d74fb54\" data-id=\"5d74fb54\" data-element_type=\"column\">\n\t\t\t<div class=\"elementor-widget-wrap elementor-element-populated\">\n\t\t\t\t\t\t<div class=\"elementor-element elementor-element-69b9711f elementor-widget__width-initial elementor-widget elementor-widget-text-editor\" data-id=\"69b9711f\" data-element_type=\"widget\" data-widget_type=\"text-editor.default\">\n\t\t\t\t<div class=\"elementor-widget-container\">\n\t\t\t\t\t\t\t\t\t<h1 style=\"text-align: center;\">ADVOCAT EXPERT ACCIDENTS DE TR\u00c0NSIT A SABADELL, CERDANYOLA I BARCELONA<\/h1><h2 style=\"text-align: center;\"><span style=\"color: #ff9900;\">NOM\u00c9S COBREM QUAN VOST\u00c8 COBRI<\/span><\/h2><figure id=\"attachment_1841\" aria-describedby=\"caption-attachment-1841\" style=\"width: 222px\" class=\"wp-caption aligncenter\"><img fetchpriority=\"high\" decoding=\"async\" class=\"size-medium wp-image-1841\" src=\"http:\/\/www.reclamaraccidentetrafico.es\/wp-content\/uploads\/2023\/04\/pallares-blanc-222x300.png\" alt=\"\" width=\"222\" height=\"300\" srcset=\"https:\/\/www.reclamaraccidentetrafico.es\/wp-content\/uploads\/2023\/04\/pallares-blanc-222x300.png 222w, https:\/\/www.reclamaraccidentetrafico.es\/wp-content\/uploads\/2023\/04\/pallares-blanc.png 305w\" sizes=\"(max-width: 222px) 100vw, 222px\" \/><figcaption id=\"caption-attachment-1841\" class=\"wp-caption-text\">Advocat d'accidents de tr\u00e0nsit Sabadell, Cerdanyola i Barcelona<\/figcaption><\/figure><p style=\"text-align: justify;\">En <a href=\"http:\/\/www.pallaresadvocats.com\">PALLAR\u00c8S ADVOCATS<\/a>som experts advocats en accidents de tr\u00e0nsit a Sabadell, Cerdanyola, Barcelona i si vost\u00e8 ha estat v\u00edctima d&#039;un accident, oferim una CONSULTA inicial GRATU\u00cfTA per discutir el seu cas.<\/p><p style=\"text-align: justify;\">Podeu dir-nos el teu cas per enviant un correu electr\u00f2nic a <a href=\"mailto:info@pallaresadvocats.com\">info@pallaresadvocats.com<\/a> o trucar a la 93.655.31.70 a demanar la teva cita-virtual (tel\u00e8fon o per videoconfer\u00e8ncia) o f\u00edsica en qualsevol de les nostres oficines a la prov\u00edncia de Barcelona<\/p><p style=\"text-align: justify;\">La nostra empresa ofereix un recorregut cara-a-cara amb un advocat de forma gratu\u00efta a qualsevol dels nostres <a title=\"CONTACTE\" href=\"http:\/\/www.reclamaraccidentetrafico.es\/cat\/contactenos\/\">DESPATXOS<\/a> Barcelona, Sabadell o Cerdanyola del Vall\u00e8s.<\/p><h2 style=\"text-align: center;\"><strong>PREGUNTES PER TEL\u00c8FON O A TRAV\u00c9S D&#039;INTERNET, QUE \u00c9S TOTALMENT GRATU\u00cfTA<\/strong><\/h2><p style=\"text-align: justify;\">Som un despatx obert a les noves tecnologies i treballar amb la majoria de plataformes que permetin una connexi\u00f3 telem\u00e0tica (Skype, Google Meet, Zoom, Jitsi Meet, etc.), ra\u00f3 per la qual donem servei en tot el territori espanyol.<img decoding=\"async\" class=\"size-medium wp-image-1700 alignright\" src=\"http:\/\/www.reclamaraccidentetrafico.es\/wp-content\/uploads\/2020\/06\/home-office-5055423_1280-300x262.png\" alt=\"\" width=\"300\" height=\"262\" srcset=\"https:\/\/www.reclamaraccidentetrafico.es\/wp-content\/uploads\/2020\/06\/home-office-5055423_1280-300x262.png 300w, https:\/\/www.reclamaraccidentetrafico.es\/wp-content\/uploads\/2020\/06\/home-office-5055423_1280-1024x895.png 1024w, https:\/\/www.reclamaraccidentetrafico.es\/wp-content\/uploads\/2020\/06\/home-office-5055423_1280-768x671.png 768w, https:\/\/www.reclamaraccidentetrafico.es\/wp-content\/uploads\/2020\/06\/home-office-5055423_1280.png 1280w\" sizes=\"(max-width: 300px) 100vw, 300px\" \/><\/p><p style=\"text-align: justify;\">El nostre equip hum\u00e0 est\u00e0 altament qualificats en les noves tecnologies i ens podr\u00e0 ajudar des de la dist\u00e0ncia sense cap problema, ja que nom\u00e9s seria necess\u00e0ria la nostra pres\u00e8ncia f\u00edsica en l&#039;hipot\u00e8tic cas d&#039;acabar en un tribunal d&#039;escoltar al final del proc\u00e9s, en moviment l&#039;advocat assignat al vostre cas per a la seva realitzaci\u00f3.<\/p><p style=\"text-align: justify;\">La nostra visita amb l&#039;advocat no ser\u00e0 nom\u00e9s un de gen\u00e8ric i orientaci\u00f3, per\u00f2 anem a entrar en el tema que vost\u00e8 est\u00e0 preocupat per l&#039;an\u00e0lisi de la situaci\u00f3 i de les mesures a prendre.<\/p><p style=\"text-align: justify;\">Aquest estudi previ amb l&#039;advocat ser\u00e0 totalment gratu\u00eft i, per descomptat, sense cap comprom\u00eds per la seva part.<\/p><p style=\"text-align: justify;\">La nostra empresa compta amb un equip d&#039;advocats especialistes en accidents de cotxe, de manera que sempre estar\u00e0 assistit per un advocat especialitzat en la mat\u00e8ria a tractar. No obstant aix\u00f2, en el cas que hi ha un problema que \u00e9s complexa, que comptar\u00e0 amb la pres\u00e8ncia de diversos advocats per assegurar que les mesures s\u00f3n estudiades en la secci\u00f3 transversal i \u00f2ptima.<\/p><h2 style=\"text-align: center;\"><strong>LA POL\u00cdTICA DE TARIFES\u00a0<\/strong><\/h2><p style=\"text-align: justify;\">En el cas que esteu interessats en contractar els serveis d'un advocat confeccionarem un pressupost tancat per a que tingui clar, des del principi, quin ser\u00e0 el cost dels nostres serveis sense sorpreses amb increments de taxes inesperat.<\/p><h3>\u00a0<\/h3><h3 style=\"text-align: center;\"><strong>PODEM ENLLA\u00c7AR ELS NOSTRES HONORARIS \u00cdNTEGRAMENT AL RESULTAT!<\/strong><\/h3><p style=\"text-align: justify;\">Si estem d&#039;acord amb un comprom\u00eds TOTAL amb el resultat, la nostra oficina no cobrar\u00e0 res fins que el coure, el fet de no tenir de pagar una quota per els nostres serveis fins que el coure. Si no cobren, no cobrem. Nom\u00e9s fer diners una vegada que has cobrat la indemnitzaci\u00f3 corresponent per la companyia d&#039;assegurances.<\/p><h3 style=\"text-align: center;\"><strong>ESTEU ASSEGURATS?<\/strong><\/h3><h3 style=\"text-align: center;\"><strong>FACILITEM L'EXERCICI DE LA LLIURE DESIGNA<\/strong><\/h3><p style=\"text-align: justify;\">La gran majoria d&#039;asseguran\u00e7a de l&#039;autom\u00f2bil estan incloses en el preu de la defensa jur\u00eddica de forma independent mitjan\u00e7ant lliure designaci\u00f3.<\/p><p style=\"text-align: justify;\">Els advocats que ofereix la seva companyia d&#039;assegurances en qu\u00e8 treballa la companyia d&#039;assegurances, i no per a tu. Els seus esfor\u00e7os no ser\u00e0 amb les seves necessitats en compte, si no \u00e9s el pensament de qui paga-los.<\/p><h3 style=\"text-align: center;\">NO TREBALLEM PER A QUALSEVOL COMPANYIA D&#039;ASSEGURANCES DE L&#039;AUTOM\u00d2BIL, TREBALLEM PER A TU!<\/h3><p style=\"text-align: justify;\">Vost\u00e8 t\u00e9 el dret a triar l&#039;advocat i el fiscal o la fiscal superior que representar\u00e0 pel mandat de l&#039;article 76 de la Llei de Contracte d&#039;Asseguran\u00e7a, que estableix que \u00a0<em>&#034;Per l&#039;asseguran\u00e7a de defensa jur\u00eddica, l&#039;assegurador est\u00e0 obligat<strong>dins els l\u00edmits establerts en la Llei i en el contracte, per tenir cura de les despeses que pugui inc\u00f3rrer l&#039;assegurat com a conseq\u00fc\u00e8ncia de la seva intervenci\u00f3 en un procediment administratiu, judicial o arbitral, i a prestar-li els serveis d&#039;assist\u00e8ncia jur\u00eddica, judicial i extrajudicial derivats de la cobertura de l&#039;asseguran\u00e7a<\/strong>.&#034;<\/em><\/p><p style=\"text-align: justify;\">Aix\u00f2 vol dir que si dipositar la seva confian\u00e7a en nosaltres, ens posarem en contacte amb la seva companyia d&#039;assegurances ha nomenat nosaltres per fer-nos membres de la seva assignatura i que un cop finalitzat, el mateix es remetr\u00e0 a l&#039;asseguradora de la factura que hem de pagar per el retorn en termes del seu contracte d&#039;asseguran\u00e7a.<\/p><p style=\"text-align: justify;\">Per tant, en la primera visita, demanem per la pol\u00edtica i analitzar la seva cobertura de manera totalment lliure de fer-te un pressupost personalitzat en base a les mateixes.<\/p><p style=\"text-align: justify;\"><span style=\"text-decoration: underline;\">El 90% dels nostres clients no han de pagar un sol euro de la seva butxaca per els nostres serveis<\/span>ja que est\u00e0 cobert per la p\u00f2lissa d&#039;asseguran\u00e7a i, en cas d&#039;haver de fer-ho, perqu\u00e8 a la seva empresa nom\u00e9s parcialment cobertes de la nostra minuts estarem parlant d&#039;una molt baixa quantitat i sempre en relaci\u00f3 amb la indemnitzaci\u00f3 a la qual heu rebut, la qual cosa implica tenir un advocat independent i especialitzat a la seva disposici\u00f3, per assegurar que nom\u00e9s i exclusivament per als seus interessos.<\/p><p style=\"text-align: justify;\">Fer una primera visita lliure on podem informar de tot per aclarir qualsevol dubte que pugui sorgir en relaci\u00f3 amb el dany que ha patit en l&#039;arrel del seu accident de tr\u00e0nsit<\/p><h2 style=\"text-align: justify;\">\u00a0<\/h2><figure id=\"attachment_1841\" aria-describedby=\"caption-attachment-1841\" style=\"width: 222px\" class=\"wp-caption aligncenter\"><img fetchpriority=\"high\" decoding=\"async\" class=\"size-medium wp-image-1841\" src=\"http:\/\/www.reclamaraccidentetrafico.es\/wp-content\/uploads\/2023\/04\/pallares-blanc-222x300.png\" alt=\"\" width=\"222\" height=\"300\" srcset=\"https:\/\/www.reclamaraccidentetrafico.es\/wp-content\/uploads\/2023\/04\/pallares-blanc-222x300.png 222w, https:\/\/www.reclamaraccidentetrafico.es\/wp-content\/uploads\/2023\/04\/pallares-blanc.png 305w\" sizes=\"(max-width: 222px) 100vw, 222px\" \/><figcaption id=\"caption-attachment-1841\" class=\"wp-caption-text\">Advocat d'accidents de tr\u00e0nsit Sabadell, Cerdanyola i Barcelona<\/figcaption><\/figure><h2 style=\"text-align: center;\"><u>SOM ADVOCATS DE LES V\u00cdCTIMES D&#039;ACCIDENTS DE TR\u00c0NSIT<\/u><\/h2><h2 style=\"text-align: center;\"><span style=\"color: #ff9900;\"><u><b>CONSULTA INICIAL GRATU\u00cfTA<\/b><\/u><\/span><br \/><b>\u00a0<\/b><a href=\"mailto:info@pallaresadvocats.com\"><b>info@pallaresadvocats.com<\/b><\/a><\/h2><h2 style=\"text-align: center;\"><span style=\"color: #ff9900;\"><b>93 655 31 70<\/b><\/span><\/h2>\t\t\t\t\t\t\t\t<\/div>\n\t\t\t\t<\/div>\n\t\t\t\t\t<\/div>\n\t\t<\/div>\n\t\t\t\t\t<\/div>\n\t\t<\/section>\n\t\t\t\t<\/div>","protected":false},"excerpt":{"rendered":"<p>ABOGADO EXPERTO EN ACCIDENTES DE TRAFICO EN SABADELL, CERDANYOLA Y BARCELONA SOLO COBRAMOS CUANDO USTED COBRE En PALLARES ADVOCATS, somos abogados expertos en accidentes de tr\u00e1fico en Sabadell, Cerdanyola y Barcelona y si usted ha sido v\u00edctima de un accidente, le ofrecemos una primera CONSULTA GRATUITA para analizar su caso. Puede contarnos su caso enviando [&hellip;]<\/p>","protected":false},"author":1,"featured_media":1698,"parent":0,"menu_order":0,"comment_status":"closed","ping_status":"closed","template":"","meta":{"footnotes":""},"class_list":["post-1543","page","type-page","status-publish","has-post-thumbnail","czr-hentry"],"yoast_head":"<!-- This site is optimized with the Yoast SEO plugin v26.0 - https:\/\/yoast.com\/wordpress\/plugins\/seo\/ -->\n<title>Abogado accidente tr\u00e1fico Sabadell<\/title>\n<meta name=\"description\" content=\"PALLARES ADVOCATS. El mejor Abogado de accidente de tr\u00e1fico Sabadell, Cerdanyola y Barcelona. 936553170-info@pallaresadvocats.com\" \/>\n<meta name=\"robots\" content=\"index, follow, max-snippet:-1, max-image-preview:large, max-video-preview:-1\" \/>\n<link rel=\"canonical\" href=\"https:\/\/www.reclamaraccidentetrafico.es\/cat\/abogado-accidente-trafico-sabadell\/\" \/>\n<meta property=\"og:locale\" content=\"ca_ES\" \/>\n<meta property=\"og:type\" content=\"article\" \/>\n<meta property=\"og:title\" content=\"Abogado accidente tr\u00e1fico Sabadell\" \/>\n<meta property=\"og:description\" content=\"PALLARES ADVOCATS. El mejor Abogado de accidente de tr\u00e1fico Sabadell, Cerdanyola y Barcelona. 936553170-info@pallaresadvocats.com\" \/>\n<meta property=\"og:url\" content=\"https:\/\/www.reclamaraccidentetrafico.es\/cat\/abogado-accidente-trafico-sabadell\/\" \/>\n<meta property=\"og:site_name\" content=\"ABOGADOS DE ACCIDENTES DE TRAFICO\" \/>\n<meta property=\"article:publisher\" content=\"https:\/\/www.facebook.com\/Pallares.Advocat\" \/>\n<meta property=\"article:modified_time\" content=\"2023-08-31T07:48:52+00:00\" \/>\n<meta property=\"og:image\" content=\"https:\/\/www.reclamaraccidentetrafico.es\/wp-content\/uploads\/2020\/06\/hammer-611589_640.jpg\" \/>\n\t<meta property=\"og:image:width\" content=\"640\" \/>\n\t<meta property=\"og:image:height\" content=\"480\" \/>\n\t<meta property=\"og:image:type\" content=\"image\/jpeg\" \/>\n<meta name=\"twitter:card\" content=\"summary_large_image\" \/>\n<meta name=\"twitter:site\" content=\"@pallaresadvocats\" \/>\n<meta name=\"twitter:label1\" content=\"Temps estimat de lectura\" \/>\n\t<meta name=\"twitter:data1\" content=\"5 minuts\" \/>\n<script type=\"application\/ld+json\" class=\"yoast-schema-graph\">{\"@context\":\"https:\/\/schema.org\",\"@graph\":[{\"@type\":\"WebPage\",\"@id\":\"https:\/\/www.reclamaraccidentetrafico.es\/abogado-accidente-trafico-sabadell\/\",\"url\":\"https:\/\/www.reclamaraccidentetrafico.es\/abogado-accidente-trafico-sabadell\/\",\"name\":\"Abogado accidente tr\u00e1fico Sabadell\",\"isPartOf\":{\"@id\":\"https:\/\/www.reclamaraccidentetrafico.es\/#website\"},\"primaryImageOfPage\":{\"@id\":\"https:\/\/www.reclamaraccidentetrafico.es\/abogado-accidente-trafico-sabadell\/#primaryimage\"},\"image\":{\"@id\":\"https:\/\/www.reclamaraccidentetrafico.es\/abogado-accidente-trafico-sabadell\/#primaryimage\"},\"thumbnailUrl\":\"https:\/\/www.reclamaraccidentetrafico.es\/wp-content\/uploads\/2020\/06\/hammer-611589_640.jpg\",\"datePublished\":\"2016-12-15T16:05:50+00:00\",\"dateModified\":\"2023-08-31T07:48:52+00:00\",\"description\":\"PALLARES ADVOCATS. El mejor Abogado de accidente de tr\u00e1fico Sabadell, Cerdanyola y Barcelona. 936553170-info@pallaresadvocats.com\",\"breadcrumb\":{\"@id\":\"https:\/\/www.reclamaraccidentetrafico.es\/abogado-accidente-trafico-sabadell\/#breadcrumb\"},\"inLanguage\":\"ca\",\"potentialAction\":[{\"@type\":\"ReadAction\",\"target\":[\"https:\/\/www.reclamaraccidentetrafico.es\/abogado-accidente-trafico-sabadell\/\"]}]},{\"@type\":\"ImageObject\",\"inLanguage\":\"ca\",\"@id\":\"https:\/\/www.reclamaraccidentetrafico.es\/abogado-accidente-trafico-sabadell\/#primaryimage\",\"url\":\"https:\/\/www.reclamaraccidentetrafico.es\/wp-content\/uploads\/2020\/06\/hammer-611589_640.jpg\",\"contentUrl\":\"https:\/\/www.reclamaraccidentetrafico.es\/wp-content\/uploads\/2020\/06\/hammer-611589_640.jpg\",\"width\":640,\"height\":480,\"caption\":\"abogados-accidente-trafico-Sabadell\"},{\"@type\":\"BreadcrumbList\",\"@id\":\"https:\/\/www.reclamaraccidentetrafico.es\/abogado-accidente-trafico-sabadell\/#breadcrumb\",\"itemListElement\":[{\"@type\":\"ListItem\",\"position\":1,\"name\":\"Portada\",\"item\":\"https:\/\/www.reclamaraccidentetrafico.es\/\"},{\"@type\":\"ListItem\",\"position\":2,\"name\":\"HONORARIOS\"}]},{\"@type\":\"WebSite\",\"@id\":\"https:\/\/www.reclamaraccidentetrafico.es\/#website\",\"url\":\"https:\/\/www.reclamaraccidentetrafico.es\/\",\"name\":\"ABOGADOS DE ACCIDENTES DE TRAFICO\",\"description\":\"ABOGADOS EXPERTOS EN RECLAMAR ACCIDENTES DE TRAFICO\",\"publisher\":{\"@id\":\"https:\/\/www.reclamaraccidentetrafico.es\/#organization\"},\"potentialAction\":[{\"@type\":\"SearchAction\",\"target\":{\"@type\":\"EntryPoint\",\"urlTemplate\":\"https:\/\/www.reclamaraccidentetrafico.es\/?s={search_term_string}\"},\"query-input\":{\"@type\":\"PropertyValueSpecification\",\"valueRequired\":true,\"valueName\":\"search_term_string\"}}],\"inLanguage\":\"ca\"},{\"@type\":\"Organization\",\"@id\":\"https:\/\/www.reclamaraccidentetrafico.es\/#organization\",\"name\":\"PALLAR\u00c8S ADVOCATS\",\"alternateName\":\"Pallar\u00e8s\",\"url\":\"https:\/\/www.reclamaraccidentetrafico.es\/\",\"logo\":{\"@type\":\"ImageObject\",\"inLanguage\":\"ca\",\"@id\":\"https:\/\/www.reclamaraccidentetrafico.es\/#\/schema\/logo\/image\/\",\"url\":\"https:\/\/www.reclamaraccidentetrafico.es\/wp-content\/uploads\/2023\/04\/pallares-blanc.png\",\"contentUrl\":\"https:\/\/www.reclamaraccidentetrafico.es\/wp-content\/uploads\/2023\/04\/pallares-blanc.png\",\"width\":305,\"height\":412,\"caption\":\"PALLAR\u00c8S ADVOCATS\"},\"image\":{\"@id\":\"https:\/\/www.reclamaraccidentetrafico.es\/#\/schema\/logo\/image\/\"},\"sameAs\":[\"https:\/\/www.facebook.com\/Pallares.Advocat\",\"https:\/\/x.com\/pallaresadvocats\",\"https:\/\/instagram.com\/pallares_advocats?igshid=NTc4MTIwNjQ2YQ==\"]}]}<\/script>\n<!-- \/ Yoast SEO plugin. -->","yoast_head_json":{"title":"Abogado accidente tr\u00e1fico Sabadell","description":"PALLARES ADVOCATS. El mejor Abogado de accidente de tr\u00e1fico Sabadell, Cerdanyola y Barcelona. 936553170-info@pallaresadvocats.com","robots":{"index":"index","follow":"follow","max-snippet":"max-snippet:-1","max-image-preview":"max-image-preview:large","max-video-preview":"max-video-preview:-1"},"canonical":"https:\/\/www.reclamaraccidentetrafico.es\/cat\/abogado-accidente-trafico-sabadell\/","og_locale":"ca_ES","og_type":"article","og_title":"Abogado accidente tr\u00e1fico Sabadell","og_description":"PALLARES ADVOCATS. El mejor Abogado de accidente de tr\u00e1fico Sabadell, Cerdanyola y Barcelona. 936553170-info@pallaresadvocats.com","og_url":"https:\/\/www.reclamaraccidentetrafico.es\/cat\/abogado-accidente-trafico-sabadell\/","og_site_name":"ABOGADOS DE ACCIDENTES DE TRAFICO","article_publisher":"https:\/\/www.facebook.com\/Pallares.Advocat","article_modified_time":"2023-08-31T07:48:52+00:00","og_image":[{"width":640,"height":480,"url":"https:\/\/www.reclamaraccidentetrafico.es\/wp-content\/uploads\/2020\/06\/hammer-611589_640.jpg","type":"image\/jpeg"}],"twitter_card":"summary_large_image","twitter_site":"@pallaresadvocats","twitter_misc":{"Temps estimat de lectura":"5 minuts"},"schema":{"@context":"https:\/\/schema.org","@graph":[{"@type":"WebPage","@id":"https:\/\/www.reclamaraccidentetrafico.es\/abogado-accidente-trafico-sabadell\/","url":"https:\/\/www.reclamaraccidentetrafico.es\/abogado-accidente-trafico-sabadell\/","name":"Abogado accidente tr\u00e1fico Sabadell","isPartOf":{"@id":"https:\/\/www.reclamaraccidentetrafico.es\/#website"},"primaryImageOfPage":{"@id":"https:\/\/www.reclamaraccidentetrafico.es\/abogado-accidente-trafico-sabadell\/#primaryimage"},"image":{"@id":"https:\/\/www.reclamaraccidentetrafico.es\/abogado-accidente-trafico-sabadell\/#primaryimage"},"thumbnailUrl":"https:\/\/www.reclamaraccidentetrafico.es\/wp-content\/uploads\/2020\/06\/hammer-611589_640.jpg","datePublished":"2016-12-15T16:05:50+00:00","dateModified":"2023-08-31T07:48:52+00:00","description":"PALLARES ADVOCATS. El mejor Abogado de accidente de tr\u00e1fico Sabadell, Cerdanyola y Barcelona. 936553170-info@pallaresadvocats.com","breadcrumb":{"@id":"https:\/\/www.reclamaraccidentetrafico.es\/abogado-accidente-trafico-sabadell\/#breadcrumb"},"inLanguage":"ca","potentialAction":[{"@type":"ReadAction","target":["https:\/\/www.reclamaraccidentetrafico.es\/abogado-accidente-trafico-sabadell\/"]}]},{"@type":"ImageObject","inLanguage":"ca","@id":"https:\/\/www.reclamaraccidentetrafico.es\/abogado-accidente-trafico-sabadell\/#primaryimage","url":"https:\/\/www.reclamaraccidentetrafico.es\/wp-content\/uploads\/2020\/06\/hammer-611589_640.jpg","contentUrl":"https:\/\/www.reclamaraccidentetrafico.es\/wp-content\/uploads\/2020\/06\/hammer-611589_640.jpg","width":640,"height":480,"caption":"abogados-accidente-trafico-Sabadell"},{"@type":"BreadcrumbList","@id":"https:\/\/www.reclamaraccidentetrafico.es\/abogado-accidente-trafico-sabadell\/#breadcrumb","itemListElement":[{"@type":"ListItem","position":1,"name":"Portada","item":"https:\/\/www.reclamaraccidentetrafico.es\/"},{"@type":"ListItem","position":2,"name":"HONORARIOS"}]},{"@type":"WebSite","@id":"https:\/\/www.reclamaraccidentetrafico.es\/#website","url":"https:\/\/www.reclamaraccidentetrafico.es\/","name":"ACCIDENT ADVOCATS DE TR\u00c0NSIT","description":"ADVOCATS ESPERTS EN RECLAMACI\u00d3 PER ACCIDENTS DE TR\u00c0NSIT","publisher":{"@id":"https:\/\/www.reclamaraccidentetrafico.es\/#organization"},"potentialAction":[{"@type":"SearchAction","target":{"@type":"EntryPoint","urlTemplate":"https:\/\/www.reclamaraccidentetrafico.es\/?s={search_term_string}"},"query-input":{"@type":"PropertyValueSpecification","valueRequired":true,"valueName":"search_term_string"}}],"inLanguage":"ca"},{"@type":"Organization","@id":"https:\/\/www.reclamaraccidentetrafico.es\/#organization","name":"PALLAR\u00c8S ADVOCATS","alternateName":"Pallar\u00e8s","url":"https:\/\/www.reclamaraccidentetrafico.es\/","logo":{"@type":"ImageObject","inLanguage":"ca","@id":"https:\/\/www.reclamaraccidentetrafico.es\/#\/schema\/logo\/image\/","url":"https:\/\/www.reclamaraccidentetrafico.es\/wp-content\/uploads\/2023\/04\/pallares-blanc.png","contentUrl":"https:\/\/www.reclamaraccidentetrafico.es\/wp-content\/uploads\/2023\/04\/pallares-blanc.png","width":305,"height":412,"caption":"PALLAR\u00c8S ADVOCATS"},"image":{"@id":"https:\/\/www.reclamaraccidentetrafico.es\/#\/schema\/logo\/image\/"},"sameAs":["https:\/\/www.facebook.com\/Pallares.Advocat","https:\/\/x.com\/pallaresadvocats","https:\/\/instagram.com\/pallares_advocats?igshid=NTc4MTIwNjQ2YQ=="]}]}},"_links":{"self":[{"href":"https:\/\/www.reclamaraccidentetrafico.es\/cat\/wp-json\/wp\/v2\/pages\/1543","targetHints":{"allow":["GET"]}}],"collection":[{"href":"https:\/\/www.reclamaraccidentetrafico.es\/cat\/wp-json\/wp\/v2\/pages"}],"about":[{"href":"https:\/\/www.reclamaraccidentetrafico.es\/cat\/wp-json\/wp\/v2\/types\/page"}],"author":[{"embeddable":true,"href":"https:\/\/www.reclamaraccidentetrafico.es\/cat\/wp-json\/wp\/v2\/users\/1"}],"replies":[{"embeddable":true,"href":"https:\/\/www.reclamaraccidentetrafico.es\/cat\/wp-json\/wp\/v2\/comments?post=1543"}],"version-history":[{"count":34,"href":"https:\/\/www.reclamaraccidentetrafico.es\/cat\/wp-json\/wp\/v2\/pages\/1543\/revisions"}],"predecessor-version":[{"id":2293,"href":"https:\/\/www.reclamaraccidentetrafico.es\/cat\/wp-json\/wp\/v2\/pages\/1543\/revisions\/2293"}],"wp:featuredmedia":[{"embeddable":true,"href":"https:\/\/www.reclamaraccidentetrafico.es\/cat\/wp-json\/wp\/v2\/media\/1698"}],"wp:attachment":[{"href":"https:\/\/www.reclamaraccidentetrafico.es\/cat\/wp-json\/wp\/v2\/media?parent=1543"}],"curies":[{"name":"wp","href":"https:\/\/api.w.org\/{rel}","templated":true}]}}