{"id":1780,"date":"2022-03-09T19:16:17","date_gmt":"2022-03-09T19:16:17","guid":{"rendered":"http:\/\/www.reclamaraccidentetrafico.es\/?page_id=1780"},"modified":"2023-05-14T17:49:00","modified_gmt":"2023-05-14T17:49:00","slug":"reclamar-accidente-trafico","status":"publish","type":"page","link":"https:\/\/www.reclamaraccidentetrafico.es\/cat\/reclamar-accidente-trafico\/","title":{"rendered":"CONSELLS PER REIVINDICAR UN ACCIDENT DE TR\u00c0NSIT"},"content":{"rendered":"<h1 style=\"text-align: center;\"><span style=\"text-decoration: underline;\"><strong>Nuestros consejos para poder reclamar un accidente de tr\u00e1fico.<\/strong><\/span><\/h1>\n<h2 style=\"text-align: center;\">Premisas b\u00e1sicas a tener muy en cuenta en caso de sufrir un accidente de circulaci\u00f3n para, posteriormente, poder reclamar un accidente de tr\u00e1fico<\/h2>\n<h3 style=\"text-align: center;\"><\/h3>\n<p style=\"text-align: justify;\">Desde la secci\u00f3n de <a href=\"http:\/\/www.pallaresadvocats.com\">PALLARES ADVOCATS,<\/a> especializada en accidentes de tr\u00e1fico en Cerdanyola, accidentes de trafico en Sabadell y -accidentes de trafico en Barcelona, queremos\u00a0 darle unos consejos a tener muy en cuenta para que pueda reclamar un accidente de tr\u00e1fico en caso de sufrir un accidente.<\/p>\n<p style=\"text-align: justify;\">Si puede, tome fotograf\u00edas o videos de su veh\u00edculo, del contrario, del lugar del accidente y posicionamiento de los veh\u00edculos y de todos los detalles del siniestro.<\/p>\n<ol>\n<li style=\"text-align: justify;\">\n<h4>Anote los datos personales y de contacto de las personas que se encuentren en el lugar de los hechos. Pueden ser muy \u00fatiles como testigos.<\/h4>\n<\/li>\n<li style=\"text-align: justify;\">\n<h4>Suscriba el parte amistoso de accidentes con todos los datos de los implicados. No posponga la firma para otro d\u00eda para que no surjan problemas.<\/h4>\n<\/li>\n<li style=\"text-align: justify;\">\n<h4>Si hay discrepancias en la mec\u00e1nica del accidente o existen heridos llame a la Polic\u00eda a fin de que hagan un atestado.<\/h4>\n<\/li>\n<li style=\"text-align: justify;\">\n<h4>Acuda inmediatamente a un m\u00e9dico que le efect\u00fae un examen exhaustivo, un dolor leve puede agravarse con posterioridad y si tarda en visitarse le pueden discutir el nexo de causalidad entre el accidente y las lesiones. Es muy importante que la primera visita m\u00e9dica sea realizada en las <strong>72 horas posteriores<\/strong> al siniestro tal y como marca la Ley 35\/2015, de reforma del sistema de valoraci\u00f3n de los da\u00f1os y perjuicios causados a las personas en accidentes de circulaci\u00f3n.<\/h4>\n<\/li>\n<li style=\"text-align: justify;\">\n<h4>Haga seguimiento de la curaci\u00f3n de sus lesiones, solicite informes de todas las visitas y gu\u00e1rdelos debidamente.<\/h4>\n<\/li>\n<li style=\"text-align: justify;\">\n<h4>Comunique el accidente en un plazo m\u00e1ximo de siete d\u00edas a su compa\u00f1\u00eda aseguradora.<\/h4>\n<\/li>\n<li style=\"text-align: justify;\">\n<h4>Solicite presupuesto de reparaci\u00f3n del veh\u00edculo si no va a repararlo de forma inmediata. Recuerde hacer fotograf\u00edas de su estado.<\/h4>\n<\/li>\n<li style=\"text-align: justify;\">\n<h4>No deje que su reclamaci\u00f3n prescriba. En nuestro derecho hay plazos para iniciar las acciones civiles o penales. El transcurso de los mismos sin iniciar las acciones puede provocar la p\u00e9rdida del derecho a reclamar.<\/h4>\n<\/li>\n<li style=\"text-align: justify;\">\n<h4>Deber\u00e1 decidir si sus intereses ser\u00e1n defendidos por la propia compa\u00f1\u00eda aseguradora o por un abogado ajeno a la misma. Como m\u00ednimo ases\u00f3rese por un abogado independiente e imparcial y despu\u00e9s decida qui\u00e9n quiere que le tramite la reclamaci\u00f3n. <a title=\"\u00bfPor qu\u00e9 contratar un abogado independiente experto en accidentes?\" href=\"http:\/\/www.reclamaraccidentetrafico.es\/cat\/abogadoindependienteexpertoaccidentestrafico\/\">RECUERDE QUE TIENE DERECHO A HACER LIBRE DESIGNA DE UN ABOGADO DE SU CONFIANZA<\/a><\/h4>\n<\/li>\n<li style=\"text-align: justify;\">\n<h4>Recuerde comprobar en todas sus p\u00f3lizas si tiene seguro de defensa jur\u00eddica y su importe ya que pueden cubrirle los gastos de la reclamaci\u00f3n.<\/h4>\n<\/li>\n<li style=\"text-align: justify;\">\n<h4>Nunca acepte una indemnizaci\u00f3n de da\u00f1os y perjuicios, ni firme documento alguno de hallarse saldado y finiquitado por cuantos conceptos pudieran corresponderle con ocasi\u00f3n de accidente, sin haberlo consultado con un abogado de su confianza.<\/h4>\n<\/li>\n<li style=\"text-align: justify;\">\n<h4>Tiene derecho a elegir el centro rehabilitador donde le van a tratar de sus lesiones as\u00ed como de elegir el taller donde quiere reparar su veh\u00edculo, le diga lo que diga su aseguradora, quien tendr\u00e1 especial inter\u00e9s en que asista usted donde ellos le sugieran por su propio inter\u00e9s. <strong>TIENE USTED DERECHO A ELEGIR D\u00d3NDE ASISTE!<\/strong><\/h4>\n<\/li>\n<li style=\"text-align: justify;\">\n<h4>Recuerde que nuestro despacho le ofrece una primera visita gratis a fin de que nos conozca y podamos explicarle con m\u00e1s detenimiento nuestra forma de trabajar en defensa de sus derechos.<\/h4>\n<\/li>\n<\/ol>\n<p>&nbsp;<\/p>\n<p><a href=\"http:\/\/www.pallaresadvocats.com\"><img fetchpriority=\"high\" decoding=\"async\" class=\"aligncenter wp-image-1841 size-medium\" src=\"http:\/\/www.reclamaraccidentetrafico.es\/wp-content\/uploads\/2023\/04\/pallares-blanc-222x300.png\" alt=\"reclamar accidente de trafico\" width=\"222\" height=\"300\" srcset=\"https:\/\/www.reclamaraccidentetrafico.es\/wp-content\/uploads\/2023\/04\/pallares-blanc-222x300.png 222w, https:\/\/www.reclamaraccidentetrafico.es\/wp-content\/uploads\/2023\/04\/pallares-blanc.png 305w\" sizes=\"(max-width: 222px) 100vw, 222px\" \/><\/a><\/p>\n<h3 style=\"text-align: center;\">\u00a0<strong><a href=\"http:\/\/www.pallaresadvocats.com\">PALLAR\u00c8S ADVOCATS<\/a><\/strong><\/h3>\n<p style=\"text-align: center;\">Ens pot ajudar en moltes altres especialitats<\/p>\n<p>&nbsp;<\/p>\n<p style=\"text-align: center;\">TREBALLEM PER AJUDAR-VOS<\/p>\n<p style=\"text-align: center;\">Som un despatx d&#039;advocats amb experi\u00e8ncia i independent, per\u00f2 tamb\u00e9 din\u00e0mic i innovador<\/p>\n<p style=\"text-align: center;\">\u00a0Els nostres m\u00e9s de 25 anys d&#039;experi\u00e8ncia acumulada i l&#039;experi\u00e8ncia en diversos \u00e0mbits, ens converteixen en una empresa de refer\u00e8ncia en el nostre \u00e0mbit<\/p>\n<p style=\"text-align: center;\"><u><b>EXISTEN DIVERSOS TIPOS DE DA\u00d1OS A CONSECUENCIA DE ACCIDENTES DE TRAFICO QUE PODEMOS<\/b><\/u><u><b> RECLAMAR-HO PER A TU<\/b><\/u><\/p>\n<p style=\"text-align: center;\"><strong>EXPLICA&#039;NS EL TEU CAS<\/strong><\/p>\n<p style=\"text-align: center;\"><u><b>CONSULTA INICIAL GRATU\u00cfTA<\/b><\/u><\/p>\n<p style=\"text-align: center;\"><b>\u00a0<\/b><b>info@pallaresadvocats.com<\/b><\/p>\n<p style=\"text-align: center;\"><b>936553170<\/b><\/p>","protected":false},"excerpt":{"rendered":"<p>Nuestros consejos para poder reclamar un accidente de tr\u00e1fico. Premisas b\u00e1sicas a tener muy en cuenta en caso de sufrir un accidente de circulaci\u00f3n para, posteriormente, poder reclamar un accidente de tr\u00e1fico Desde la secci\u00f3n de PALLARES ADVOCATS, especializada en accidentes de tr\u00e1fico en Cerdanyola, accidentes de trafico en Sabadell y -accidentes de trafico en [&hellip;]<\/p>","protected":false},"author":3,"featured_media":1781,"parent":0,"menu_order":0,"comment_status":"closed","ping_status":"open","template":"","meta":{"footnotes":""},"class_list":["post-1780","page","type-page","status-publish","has-post-thumbnail","czr-hentry"],"yoast_head":"<!-- This site is optimized with the Yoast SEO plugin v26.0 - https:\/\/yoast.com\/wordpress\/plugins\/seo\/ -->\n<title>Reclamar un accidente de tr\u00e1fico<\/title>\n<meta name=\"description\" content=\"Abogados en Cerdanyola, Sant Cugat, Sabadell, Castellar y Barcelona para ayudarle a reclamar un accidente de tr\u00e1fico\" \/>\n<meta name=\"robots\" content=\"index, follow, max-snippet:-1, max-image-preview:large, max-video-preview:-1\" \/>\n<link rel=\"canonical\" href=\"https:\/\/www.reclamaraccidentetrafico.es\/cat\/reclamar-accidente-trafico\/\" \/>\n<meta property=\"og:locale\" content=\"ca_ES\" \/>\n<meta property=\"og:type\" content=\"article\" \/>\n<meta property=\"og:title\" content=\"Reclamar un accidente de tr\u00e1fico\" \/>\n<meta property=\"og:description\" content=\"Abogados en Cerdanyola, Sant Cugat, Sabadell, Castellar y Barcelona para ayudarle a reclamar un accidente de tr\u00e1fico\" \/>\n<meta property=\"og:url\" content=\"https:\/\/www.reclamaraccidentetrafico.es\/cat\/reclamar-accidente-trafico\/\" \/>\n<meta property=\"og:site_name\" content=\"ABOGADOS DE ACCIDENTES DE TRAFICO\" \/>\n<meta property=\"article:publisher\" content=\"https:\/\/www.facebook.com\/Pallares.Advocat\" \/>\n<meta property=\"article:modified_time\" content=\"2023-05-14T17:49:00+00:00\" \/>\n<meta property=\"og:image\" content=\"https:\/\/www.reclamaraccidentetrafico.es\/wp-content\/uploads\/2022\/03\/istockphoto-1203044227-170667a.jpg\" \/>\n\t<meta property=\"og:image:width\" content=\"509\" \/>\n\t<meta property=\"og:image:height\" content=\"339\" \/>\n\t<meta property=\"og:image:type\" content=\"image\/jpeg\" \/>\n<meta name=\"twitter:card\" content=\"summary_large_image\" \/>\n<meta name=\"twitter:site\" content=\"@pallaresadvocats\" \/>\n<meta name=\"twitter:label1\" content=\"Temps estimat de lectura\" \/>\n\t<meta name=\"twitter:data1\" content=\"4 minuts\" \/>\n<script type=\"application\/ld+json\" class=\"yoast-schema-graph\">{\"@context\":\"https:\/\/schema.org\",\"@graph\":[{\"@type\":\"WebPage\",\"@id\":\"https:\/\/www.reclamaraccidentetrafico.es\/reclamar-accidente-trafico\/\",\"url\":\"https:\/\/www.reclamaraccidentetrafico.es\/reclamar-accidente-trafico\/\",\"name\":\"Reclamar un accidente de tr\u00e1fico\",\"isPartOf\":{\"@id\":\"https:\/\/www.reclamaraccidentetrafico.es\/#website\"},\"primaryImageOfPage\":{\"@id\":\"https:\/\/www.reclamaraccidentetrafico.es\/reclamar-accidente-trafico\/#primaryimage\"},\"image\":{\"@id\":\"https:\/\/www.reclamaraccidentetrafico.es\/reclamar-accidente-trafico\/#primaryimage\"},\"thumbnailUrl\":\"https:\/\/www.reclamaraccidentetrafico.es\/wp-content\/uploads\/2022\/03\/istockphoto-1203044227-170667a.jpg\",\"datePublished\":\"2022-03-09T19:16:17+00:00\",\"dateModified\":\"2023-05-14T17:49:00+00:00\",\"description\":\"Abogados en Cerdanyola, Sant Cugat, Sabadell, Castellar y Barcelona para ayudarle a reclamar un accidente de tr\u00e1fico\",\"breadcrumb\":{\"@id\":\"https:\/\/www.reclamaraccidentetrafico.es\/reclamar-accidente-trafico\/#breadcrumb\"},\"inLanguage\":\"ca\",\"potentialAction\":[{\"@type\":\"ReadAction\",\"target\":[\"https:\/\/www.reclamaraccidentetrafico.es\/reclamar-accidente-trafico\/\"]}]},{\"@type\":\"ImageObject\",\"inLanguage\":\"ca\",\"@id\":\"https:\/\/www.reclamaraccidentetrafico.es\/reclamar-accidente-trafico\/#primaryimage\",\"url\":\"https:\/\/www.reclamaraccidentetrafico.es\/wp-content\/uploads\/2022\/03\/istockphoto-1203044227-170667a.jpg\",\"contentUrl\":\"https:\/\/www.reclamaraccidentetrafico.es\/wp-content\/uploads\/2022\/03\/istockphoto-1203044227-170667a.jpg\",\"width\":509,\"height\":339,\"caption\":\"atropello-patinete\"},{\"@type\":\"BreadcrumbList\",\"@id\":\"https:\/\/www.reclamaraccidentetrafico.es\/reclamar-accidente-trafico\/#breadcrumb\",\"itemListElement\":[{\"@type\":\"ListItem\",\"position\":1,\"name\":\"Portada\",\"item\":\"https:\/\/www.reclamaraccidentetrafico.es\/\"},{\"@type\":\"ListItem\",\"position\":2,\"name\":\"CONSEJOS PARA PODER RECLAMAR UN ACCIDENTE DE TR\u00c1FICO\"}]},{\"@type\":\"WebSite\",\"@id\":\"https:\/\/www.reclamaraccidentetrafico.es\/#website\",\"url\":\"https:\/\/www.reclamaraccidentetrafico.es\/\",\"name\":\"ABOGADOS DE ACCIDENTES DE TRAFICO\",\"description\":\"ABOGADOS EXPERTOS EN RECLAMAR ACCIDENTES DE TRAFICO\",\"publisher\":{\"@id\":\"https:\/\/www.reclamaraccidentetrafico.es\/#organization\"},\"potentialAction\":[{\"@type\":\"SearchAction\",\"target\":{\"@type\":\"EntryPoint\",\"urlTemplate\":\"https:\/\/www.reclamaraccidentetrafico.es\/?s={search_term_string}\"},\"query-input\":{\"@type\":\"PropertyValueSpecification\",\"valueRequired\":true,\"valueName\":\"search_term_string\"}}],\"inLanguage\":\"ca\"},{\"@type\":\"Organization\",\"@id\":\"https:\/\/www.reclamaraccidentetrafico.es\/#organization\",\"name\":\"PALLAR\u00c8S ADVOCATS\",\"alternateName\":\"Pallar\u00e8s\",\"url\":\"https:\/\/www.reclamaraccidentetrafico.es\/\",\"logo\":{\"@type\":\"ImageObject\",\"inLanguage\":\"ca\",\"@id\":\"https:\/\/www.reclamaraccidentetrafico.es\/#\/schema\/logo\/image\/\",\"url\":\"https:\/\/www.reclamaraccidentetrafico.es\/wp-content\/uploads\/2023\/04\/pallares-blanc.png\",\"contentUrl\":\"https:\/\/www.reclamaraccidentetrafico.es\/wp-content\/uploads\/2023\/04\/pallares-blanc.png\",\"width\":305,\"height\":412,\"caption\":\"PALLAR\u00c8S ADVOCATS\"},\"image\":{\"@id\":\"https:\/\/www.reclamaraccidentetrafico.es\/#\/schema\/logo\/image\/\"},\"sameAs\":[\"https:\/\/www.facebook.com\/Pallares.Advocat\",\"https:\/\/x.com\/pallaresadvocats\",\"https:\/\/instagram.com\/pallares_advocats?igshid=NTc4MTIwNjQ2YQ==\"]}]}<\/script>\n<!-- \/ Yoast SEO plugin. -->","yoast_head_json":{"title":"Reclamar un accidente de tr\u00e1fico","description":"Abogados en Cerdanyola, Sant Cugat, Sabadell, Castellar y Barcelona para ayudarle a reclamar un accidente de tr\u00e1fico","robots":{"index":"index","follow":"follow","max-snippet":"max-snippet:-1","max-image-preview":"max-image-preview:large","max-video-preview":"max-video-preview:-1"},"canonical":"https:\/\/www.reclamaraccidentetrafico.es\/cat\/reclamar-accidente-trafico\/","og_locale":"ca_ES","og_type":"article","og_title":"Reclamar un accidente de tr\u00e1fico","og_description":"Abogados en Cerdanyola, Sant Cugat, Sabadell, Castellar y Barcelona para ayudarle a reclamar un accidente de tr\u00e1fico","og_url":"https:\/\/www.reclamaraccidentetrafico.es\/cat\/reclamar-accidente-trafico\/","og_site_name":"ABOGADOS DE ACCIDENTES DE TRAFICO","article_publisher":"https:\/\/www.facebook.com\/Pallares.Advocat","article_modified_time":"2023-05-14T17:49:00+00:00","og_image":[{"width":509,"height":339,"url":"https:\/\/www.reclamaraccidentetrafico.es\/wp-content\/uploads\/2022\/03\/istockphoto-1203044227-170667a.jpg","type":"image\/jpeg"}],"twitter_card":"summary_large_image","twitter_site":"@pallaresadvocats","twitter_misc":{"Temps estimat de lectura":"4 minuts"},"schema":{"@context":"https:\/\/schema.org","@graph":[{"@type":"WebPage","@id":"https:\/\/www.reclamaraccidentetrafico.es\/reclamar-accidente-trafico\/","url":"https:\/\/www.reclamaraccidentetrafico.es\/reclamar-accidente-trafico\/","name":"Reclamar un accidente de tr\u00e1fico","isPartOf":{"@id":"https:\/\/www.reclamaraccidentetrafico.es\/#website"},"primaryImageOfPage":{"@id":"https:\/\/www.reclamaraccidentetrafico.es\/reclamar-accidente-trafico\/#primaryimage"},"image":{"@id":"https:\/\/www.reclamaraccidentetrafico.es\/reclamar-accidente-trafico\/#primaryimage"},"thumbnailUrl":"https:\/\/www.reclamaraccidentetrafico.es\/wp-content\/uploads\/2022\/03\/istockphoto-1203044227-170667a.jpg","datePublished":"2022-03-09T19:16:17+00:00","dateModified":"2023-05-14T17:49:00+00:00","description":"Abogados en Cerdanyola, Sant Cugat, Sabadell, Castellar y Barcelona para ayudarle a reclamar un accidente de tr\u00e1fico","breadcrumb":{"@id":"https:\/\/www.reclamaraccidentetrafico.es\/reclamar-accidente-trafico\/#breadcrumb"},"inLanguage":"ca","potentialAction":[{"@type":"ReadAction","target":["https:\/\/www.reclamaraccidentetrafico.es\/reclamar-accidente-trafico\/"]}]},{"@type":"ImageObject","inLanguage":"ca","@id":"https:\/\/www.reclamaraccidentetrafico.es\/reclamar-accidente-trafico\/#primaryimage","url":"https:\/\/www.reclamaraccidentetrafico.es\/wp-content\/uploads\/2022\/03\/istockphoto-1203044227-170667a.jpg","contentUrl":"https:\/\/www.reclamaraccidentetrafico.es\/wp-content\/uploads\/2022\/03\/istockphoto-1203044227-170667a.jpg","width":509,"height":339,"caption":"atropello-patinete"},{"@type":"BreadcrumbList","@id":"https:\/\/www.reclamaraccidentetrafico.es\/reclamar-accidente-trafico\/#breadcrumb","itemListElement":[{"@type":"ListItem","position":1,"name":"Portada","item":"https:\/\/www.reclamaraccidentetrafico.es\/"},{"@type":"ListItem","position":2,"name":"CONSEJOS PARA PODER RECLAMAR UN ACCIDENTE DE TR\u00c1FICO"}]},{"@type":"WebSite","@id":"https:\/\/www.reclamaraccidentetrafico.es\/#website","url":"https:\/\/www.reclamaraccidentetrafico.es\/","name":"ACCIDENT ADVOCATS DE TR\u00c0NSIT","description":"ADVOCATS ESPERTS EN RECLAMACI\u00d3 PER ACCIDENTS DE TR\u00c0NSIT","publisher":{"@id":"https:\/\/www.reclamaraccidentetrafico.es\/#organization"},"potentialAction":[{"@type":"SearchAction","target":{"@type":"EntryPoint","urlTemplate":"https:\/\/www.reclamaraccidentetrafico.es\/?s={search_term_string}"},"query-input":{"@type":"PropertyValueSpecification","valueRequired":true,"valueName":"search_term_string"}}],"inLanguage":"ca"},{"@type":"Organization","@id":"https:\/\/www.reclamaraccidentetrafico.es\/#organization","name":"PALLAR\u00c8S ADVOCATS","alternateName":"Pallar\u00e8s","url":"https:\/\/www.reclamaraccidentetrafico.es\/","logo":{"@type":"ImageObject","inLanguage":"ca","@id":"https:\/\/www.reclamaraccidentetrafico.es\/#\/schema\/logo\/image\/","url":"https:\/\/www.reclamaraccidentetrafico.es\/wp-content\/uploads\/2023\/04\/pallares-blanc.png","contentUrl":"https:\/\/www.reclamaraccidentetrafico.es\/wp-content\/uploads\/2023\/04\/pallares-blanc.png","width":305,"height":412,"caption":"PALLAR\u00c8S ADVOCATS"},"image":{"@id":"https:\/\/www.reclamaraccidentetrafico.es\/#\/schema\/logo\/image\/"},"sameAs":["https:\/\/www.facebook.com\/Pallares.Advocat","https:\/\/x.com\/pallaresadvocats","https:\/\/instagram.com\/pallares_advocats?igshid=NTc4MTIwNjQ2YQ=="]}]}},"_links":{"self":[{"href":"https:\/\/www.reclamaraccidentetrafico.es\/cat\/wp-json\/wp\/v2\/pages\/1780","targetHints":{"allow":["GET"]}}],"collection":[{"href":"https:\/\/www.reclamaraccidentetrafico.es\/cat\/wp-json\/wp\/v2\/pages"}],"about":[{"href":"https:\/\/www.reclamaraccidentetrafico.es\/cat\/wp-json\/wp\/v2\/types\/page"}],"author":[{"embeddable":true,"href":"https:\/\/www.reclamaraccidentetrafico.es\/cat\/wp-json\/wp\/v2\/users\/3"}],"replies":[{"embeddable":true,"href":"https:\/\/www.reclamaraccidentetrafico.es\/cat\/wp-json\/wp\/v2\/comments?post=1780"}],"version-history":[{"count":11,"href":"https:\/\/www.reclamaraccidentetrafico.es\/cat\/wp-json\/wp\/v2\/pages\/1780\/revisions"}],"predecessor-version":[{"id":2230,"href":"https:\/\/www.reclamaraccidentetrafico.es\/cat\/wp-json\/wp\/v2\/pages\/1780\/revisions\/2230"}],"wp:featuredmedia":[{"embeddable":true,"href":"https:\/\/www.reclamaraccidentetrafico.es\/cat\/wp-json\/wp\/v2\/media\/1781"}],"wp:attachment":[{"href":"https:\/\/www.reclamaraccidentetrafico.es\/cat\/wp-json\/wp\/v2\/media?parent=1780"}],"curies":[{"name":"wp","href":"https:\/\/api.w.org\/{rel}","templated":true}]}}