{"id":24,"date":"2017-02-20T22:23:43","date_gmt":"2017-02-20T22:23:43","guid":{"rendered":"http:\/\/www.abogadonegligenciamedica.eu\/?page_id=24"},"modified":"2023-05-14T15:44:57","modified_gmt":"2023-05-14T15:44:57","slug":"abogados-accidentes-trafico-sabadell","status":"publish","type":"page","link":"https:\/\/www.reclamaraccidentetrafico.es\/cat\/abogados-accidentes-trafico-sabadell\/","title":{"rendered":"EQUIP"},"content":{"rendered":"<h1 style=\"text-align: center;\"><strong>CONEGUI ELS RESPONSABLES DEL NOSTRE EQUIP D'EXPERTS ADVOCATS EN ACCIDENTS DE TR\u00c0NSIT <\/strong><\/h1>\n<h2 style=\"text-align: center;\"><strong>Els advocats EXPERTS EN ACCIDENTS de TR\u00c0NSIT que formen part de l'equip PALLAR\u00c8S ADVOCATS poden ajudar-vos a les nostres oficines, a Cerdanyola, Castellar, Sabadell i Barcelona<\/strong><\/h2>\n<figure id=\"attachment_1841\" aria-describedby=\"caption-attachment-1841\" style=\"width: 222px\" class=\"wp-caption aligncenter\"><img fetchpriority=\"high\" decoding=\"async\" class=\"wp-image-1841 size-medium\" src=\"http:\/\/www.reclamaraccidentetrafico.es\/wp-content\/uploads\/2023\/04\/pallares-blanc-222x300.png\" alt=\"ABOGADOS EXPERTOS EN ACCIDENTES DE TRAFICO\" width=\"222\" height=\"300\" srcset=\"https:\/\/www.reclamaraccidentetrafico.es\/wp-content\/uploads\/2023\/04\/pallares-blanc-222x300.png 222w, https:\/\/www.reclamaraccidentetrafico.es\/wp-content\/uploads\/2023\/04\/pallares-blanc.png 305w\" sizes=\"(max-width: 222px) 100vw, 222px\" \/><figcaption id=\"caption-attachment-1841\" class=\"wp-caption-text\">EXPERT ADVOCATS ACCIDENT DE TR\u00c0NSIT<\/figcaption><\/figure>\n<p style=\"text-align: justify;\"><a href=\"http:\/\/www.pallaresadvocats.com\/\"><b>Pallar\u00e8s Advocats<\/b><\/a><b>\u00a0<\/b>\u00e9s un despatx multidisciplinari d&#039;experts advocats jan accientes tr\u00e0nsit, amb diferents equips d&#039;advocats que cobreixen un ventall de les especialitats jur\u00eddiques, incloent accidents de cotxes, motos, bicicletes, patinets el\u00e8ctrics i altres vehicles, de mobilitat personal.<\/p>\n<p style=\"text-align: justify;\">Per aix\u00f2, sabem que un accident pot ser traum\u00e0tic i estressant, perqu\u00e8 treballem per aportar solucions efectives personalitzat a cadascun dels nostres clients.<\/p>\n<p style=\"text-align: justify;\">Per tot aix\u00f2, volem destacar que tenim una \u00e0mplia experi\u00e8ncia en la reclamaci\u00f3 d&#039;indemnitzaci\u00f3 per danys i perjudicis a les ordres de dret administratiu, civil i penal.<\/p>\n<p style=\"text-align: justify;\">El domicili de l&#039;assessorament i defensa en els casos de danys causats per ACCIDENTS de TR\u00c0NSIT A SABADELL, ACCIDENT de TR\u00c0NSIT A CERDANYOLA I ACCIDENT de TR\u00c0NSIT A BARCELONA, correspon a la seg\u00fcent advocats:<\/p>\n<p style=\"text-align: center;\"><strong>ANTONI PALLAR\u00c8S ANDREU<\/strong><\/p>\n<p><img decoding=\"async\" class=\"aligncenter\" src=\"http:\/\/www.abogadonegligenciamedica.eu\/wp-content\/uploads\/2020\/04\/toni-sol-269x300.jpg\" alt=\"\" width=\"269\" height=\"300\" \/><\/p>\n<h4 style=\"text-align: justify;\"><strong>Perfil Professional:<\/strong><\/h4>\n<ul style=\"text-align: justify;\">\n<li>Llicenciat en Dret l&#039;any 1993, per la Universitat Aut\u00f2noma de Barcelona<\/li>\n<li>Curs Superior de la Universitat de Civil i Responsabilitat Penal del Personal m\u00e8dic expedit per la C\u00e0tedra Legalitas, i l&#039;Institut de Dret P\u00fablic de la Universitat Juan Carlos de Madrid<\/li>\n<li>\u00c0rbitre 1725 Il\u00b7llustre Col\u00b7legi d&#039;advocats de Sabadell des de l&#039;any 1994 (<a style=\"font-weight: inherit;\" href=\"https:\/\/www.icasbd.org\/ca\">ICASBD<\/a>)<\/li>\n<li>\u00c9s membre de les Comissions de Relacions amb l&#039;Administraci\u00f3 de Just\u00edcia (CRAJ) i l&#039;Ordinador Il\u00b7llustre Col\u00b7legi d&#039;advocats de Sabadell (<a style=\"font-weight: inherit;\" href=\"https:\/\/www.icasbd.org\/ca\">ICASBD<\/a>)<\/li>\n<li>Est\u00e0 associada a l&#039;Associaci\u00f3 de Juristes de la Salut (<a style=\"font-weight: inherit;\" href=\"https:\/\/www.ajs.es\/\">AJS)<\/a><\/li>\n<li>Part de l&#039;Associaci\u00f3 d&#039;advocats de les v\u00edctimes i de la responsabilitat civil (<a href=\"https:\/\/anavarc.org\/\">ANAVA<\/a>)<\/li>\n<li>Un membre de l&#039;Associaci\u00f3 d&#039;advocats de V\u00edctimes d&#039;&#039;accidents de Catalunya (<a href=\"https:\/\/www.adaviac.cat\/\">ADAVIAC<\/a>)<\/li>\n<li>Ha estat professor de D\u00ba. Administrativa de l&#039;Institut de Seguretat P\u00fablica de Catalunya, 1999-2012<\/li>\n<li>Va ser professor del Patronat Municipal de l&#039;escola Universit\u00e0ria Polit\u00e8cnica de Matar\u00f3<\/li>\n<li>Ha estat Professor de la Universitat Nacional d&#039;Educaci\u00f3 a Dist\u00e0ncia (<a href=\"https:\/\/www.uned.es\/universidad\/inicio.html\">U. N. E. D<\/a>.)<\/li>\n<li>Ha estat professor de la Universitat Ramon Llull<\/li>\n<\/ul>\n<p>&nbsp;<\/p>\n<p style=\"text-align: center;\"><strong>IVAN MU\u00d1OZ FLORES<\/strong><\/p>\n<h2 style=\"text-align: center;\"><strong><img decoding=\"async\" class=\"aligncenter\" src=\"http:\/\/www.abogadonegligenciamedica.eu\/wp-content\/uploads\/2020\/04\/ivan-200x300.jpg\" alt=\"\" width=\"246\" height=\"369\" \/><\/strong><\/h2>\n<p><strong>Perfil Professional<\/strong><\/p>\n<ul style=\"text-align: justify;\">\n<li>Llicenciat en Dret l&#039;any 2015 per la Universitat de Girona<\/li>\n<li>\u00c0rbitre 3565 Il\u00b7llustre Col\u00b7legi de l&#039;Advocacia de Girona<\/li>\n<li>\u00c9s <a href=\"https:\/\/www.linkedin.com\/posts\/iv%C3%A1n-mu%C3%B1oz-flores-a03a95a7_victimas-accidentes-anava-activity-7037463774647197697-rM44?utm_source=share&amp;utm_medium=member_desktop\">Vocals<\/a> a Catalunya de l&#039;Associaci\u00f3 d&#039;advocats de les v\u00edctimes i de la responsabilitat civil (<a href=\"https:\/\/anavarc.org\/\">ANAVA-RC<\/a>)<\/li>\n<li>Pertany a l&#039;Associaci\u00f3 Nacional d&#039;Advocats de les V\u00edctimes<a style=\"font-weight: inherit;\" href=\"https:\/\/abogadosdevictimas.es\/\">ADEVI<\/a>)<\/li>\n<li>Part de l&#039;Associaci\u00f3 d&#039;advocats de V\u00edctimes d&#039;&#039;accidents de Catalunya (<a href=\"https:\/\/www.adaviac.cat\/\">ADAVIAC<\/a>)<\/li>\n<li>Membre de l&#039;Associaci\u00f3 espanyola de Dret del Consumidor (<a href=\"https:\/\/aedconsumo.es\/\">AEDConsumo<\/a>)<\/li>\n<\/ul>\n<p style=\"text-align: justify;\">En <a href=\"http:\/\/www.pallaresadvocats.com\">PALLAR\u00c8S ADVOCATS<\/a> no treballem per a companyies d'assegurances de cotxe, \u00e9s per aix\u00f2 que els nostres ADVOCATS EXPERTS EN ACCIDENTS DE TR\u00c0NSIT, a Cerdanyola, els nostres ADVOCATS EXPERTS EN ACCIDENTS DE TR\u00c0NSIT a Sabadell i els nostres ADVOCATS EXPERTS EN ACCIDENTS DE TR\u00c0NSIT a Barcelona, s\u00f3n <strong>TOTALMENT INDEPENDENTS-<\/strong><\/p>\n<p style=\"text-align: justify;\">Aix\u00f2 \u00e9s molt important i a tenir en compte abans de triar un despatx i EXPERT EN ACCIDENT de TR\u00c0NSIT, ja que el client pot tenir plena confian\u00e7a que en qualsevol moment els nostres esfor\u00e7os en aconseguir la m\u00e0xima indemnitzaci\u00f3 ser\u00e0 sempre des d&#039;una posici\u00f3 d&#039;independ\u00e8ncia i pensant sempre en el m\u00e0xim benefici per als nostres clients.<\/p>\n<p style=\"text-align: justify;\">A m\u00e9s a m\u00e9s, <strong>PALLAR\u00c8S ADVOCATS<\/strong> \u00e9s un despatx d&#039;advocats especialitzat en litigis <a title=\"NEGLIG\u00c8NCIES M\u00c8DIQUES\" href=\"http:\/\/www.reclamaraccidentetrafico.es\/cat\/negligencias-medicas\/\">m\u00e8dica de la salut<\/a>que ens pr\u00e0ctica el nostre treball en l&#039;inter\u00e8s dels pacients que han patit un professional de neglig\u00e8ncia per part dels especialistes en salut.<\/p>\n<p style=\"text-align: justify;\">La nostra defensa dels interessos dels pacients s&#039;est\u00e9n a tot el territori nacional.<\/p>\n<p style=\"text-align: justify;\">Per descomptat, no, res d&#039;aix\u00f2 \u00e9s possible sense l&#039;ajuda de la resta dels seus companys de classe, companys i personal de l&#039;empresa<\/p>\n<p style=\"text-align: justify;\">Arribar a con\u00e8ixer-nos<\/p>\n<figure id=\"attachment_1841\" aria-describedby=\"caption-attachment-1841\" style=\"width: 222px\" class=\"wp-caption aligncenter\"><a href=\"http:\/\/www.pallaresadvocats.com\"><img fetchpriority=\"high\" decoding=\"async\" class=\"wp-image-1841 size-medium\" src=\"http:\/\/www.reclamaraccidentetrafico.es\/wp-content\/uploads\/2023\/04\/pallares-blanc-222x300.png\" alt=\"ABOGADOS EXPERTOS EN ACCIDENTES DE TRAFICO\" width=\"222\" height=\"300\" srcset=\"https:\/\/www.reclamaraccidentetrafico.es\/wp-content\/uploads\/2023\/04\/pallares-blanc-222x300.png 222w, https:\/\/www.reclamaraccidentetrafico.es\/wp-content\/uploads\/2023\/04\/pallares-blanc.png 305w\" sizes=\"(max-width: 222px) 100vw, 222px\" \/><\/a><figcaption id=\"caption-attachment-1841\" class=\"wp-caption-text\">--ACCIDENTS DE TR\u00c0NSIT\u2014<\/figcaption><\/figure>\n<h3 style=\"text-align: center;\">\u00a0<strong><a href=\"http:\/\/www.pallaresadvocats.com\">PALLAR\u00c8S ADVOCATS<\/a><\/strong><\/h3>\n<p style=\"text-align: center;\">Ens pot ajudar en moltes altres especialitats<\/p>\n<h4 style=\"text-align: center;\">TREBALLEM PER AJUDAR-VOS<\/h4>\n<p style=\"text-align: center;\">Som un despatx d&#039;advocats amb experi\u00e8ncia i independent, per\u00f2 tamb\u00e9 din\u00e0mic i innovador<\/p>\n<p style=\"text-align: center;\">\u00a0Els nostres m\u00e9s de 25 anys d&#039;experi\u00e8ncia acumulada i l&#039;experi\u00e8ncia en diversos \u00e0mbits, ens converteixen en una empresa de refer\u00e8ncia en el nostre \u00e0mbit<\/p>\n<h3 style=\"text-align: center;\"><u>Hi ha diversos tipus de danys que com advocats, EXPERTS EN ACCIDENTS DE TR\u00c0NSIT, podem reclamar per a vost\u00e9<\/u><\/h3>\n<p style=\"text-align: center;\"><strong>EXPLICA&#039;NS EL TEU CAS<\/strong><\/p>\n<p style=\"text-align: center;\"><u><b>CONSULTA INICIAL GRATU\u00cfTA<\/b><\/u><\/p>\n<p style=\"text-align: center;\"><b>\u00a0<\/b><b>info@pallaresadvocats.com<\/b><\/p>\n<p style=\"text-align: center;\"><b>936553170<\/b><\/p>\n<p style=\"text-align: center;\">Som empresa de socis de les entitats seg\u00fcents:<\/p>\n<p><a href=\"https:\/\/www.legalitas.com\/\" rel=\"nofollow\"><br \/>\n<img loading=\"lazy\" decoding=\"async\" class=\"aligncenter\" title=\"\" src=\"http:\/\/www.abogadonegligenciamedica.eu\/wp-content\/uploads\/2018\/07\/legalitas.png\" alt=\"\" width=\"519\" height=\"165\" \/> <\/a><br \/>\n<a href=\"https:\/\/negligenciamedica.abogado\/\" rel=\"nofollow\"><br \/>\n<\/a><br \/>\n<a href=\"https:\/\/www.ocaso.es\/es\" rel=\"nofollow\"><br \/>\n<img loading=\"lazy\" decoding=\"async\" class=\"aligncenter\" title=\"\" src=\"http:\/\/www.abogadonegligenciamedica.eu\/wp-content\/uploads\/2018\/07\/ocaso.png\" alt=\"\" width=\"432\" height=\"269\" \/> <\/a><br \/>\n<a href=\"https:\/\/anavarc.org\/\" rel=\"nofollow\"><br \/>\n<img loading=\"lazy\" decoding=\"async\" class=\"aligncenter\" src=\"http:\/\/www.reclamaraccidentetrafico.es\/wp-content\/uploads\/2022\/03\/LOGOTIPO-ANAVA.png\" sizes=\"(max-width: 470px) 100vw, 470px\" srcset=\"http:\/\/www.reclamaraccidentetrafico.es\/wp-content\/uploads\/2022\/03\/LOGOTIPO-ANAVA.png 470w, http:\/\/www.reclamaraccidentetrafico.es\/wp-content\/uploads\/2022\/03\/LOGOTIPO-ANAVA-300x68.png 300w\" alt=\"\" width=\"607\" height=\"137\" \/> <\/a><br \/>\n<a href=\"https:\/\/www.abogadosdevictimas.es\/\" rel=\"nofollow\"><br \/>\n<img loading=\"lazy\" decoding=\"async\" class=\"aligncenter\" title=\"logo-adevi-advocats-v\u00edctimes accidents\" src=\"http:\/\/www.reclamaraccidentetrafico.es\/wp-content\/uploads\/2022\/07\/logo-adevi-abogados-victimas-accidentes.png\" alt=\"logo-adevi-abogados-victimas-accidentes\" width=\"477\" height=\"257\" \/> <\/a><br \/>\n<img loading=\"lazy\" decoding=\"async\" class=\"aligncenter\" src=\"http:\/\/www.reclamaraccidentetrafico.es\/wp-content\/uploads\/2022\/07\/adaviac_logo.png\" sizes=\"(max-width: 800px) 100vw, 800px\" srcset=\"http:\/\/www.reclamaraccidentetrafico.es\/wp-content\/uploads\/2022\/07\/adaviac_logo.png 800w, http:\/\/www.reclamaraccidentetrafico.es\/wp-content\/uploads\/2022\/07\/adaviac_logo-300x57.png 300w, http:\/\/www.reclamaraccidentetrafico.es\/wp-content\/uploads\/2022\/07\/adaviac_logo-768x147.png 768w\" alt=\"\" width=\"800\" height=\"153\" \/><\/p>","protected":false},"excerpt":{"rendered":"<p>CONOZCA A LOS RESPONSABLES DE NUESTRO EQUIPO DE ABOGADOS EXPERTOS EN ACCIDENTES DE TRAFICO Los abogados EXPERTOS EN ACCIDENTES DE TRAFICO que forman parte del equipo de PALLARES ADVOCATS pueden atenderle en nuestros despachos de Cerdanyola, Castellar, Sabadell y Barcelona Pallares Advocats\u00a0es un bufete jur\u00eddico multidisciplinar de abogados expertos ene accientes de tr\u00e1fico, con diferentes [&hellip;]<\/p>","protected":false},"author":1,"featured_media":2046,"parent":0,"menu_order":0,"comment_status":"closed","ping_status":"closed","template":"","meta":{"footnotes":""},"class_list":["post-24","page","type-page","status-publish","has-post-thumbnail","czr-hentry"],"yoast_head":"<!-- This site is optimized with the Yoast SEO plugin v26.0 - https:\/\/yoast.com\/wordpress\/plugins\/seo\/ -->\n<title>Abogados expertos en accidentes de trafico en Sabadell<\/title>\n<meta name=\"description\" content=\"Somos abogados expertos en accidentes de tr\u00e1fico. Tenemos oficinas en Sabadell, Sant Cugat, Cerdanyola, Castellar y Barcelona\" \/>\n<meta name=\"robots\" content=\"index, follow, max-snippet:-1, max-image-preview:large, max-video-preview:-1\" \/>\n<link rel=\"canonical\" href=\"https:\/\/www.reclamaraccidentetrafico.es\/cat\/abogados-accidentes-trafico-sabadell\/\" \/>\n<meta property=\"og:locale\" content=\"ca_ES\" \/>\n<meta property=\"og:type\" content=\"article\" \/>\n<meta property=\"og:title\" content=\"Abogados expertos en accidentes de trafico en Sabadell\" \/>\n<meta property=\"og:description\" content=\"Somos abogados expertos en accidentes de tr\u00e1fico. Tenemos oficinas en Sabadell, Sant Cugat, Cerdanyola, Castellar y Barcelona\" \/>\n<meta property=\"og:url\" content=\"https:\/\/www.reclamaraccidentetrafico.es\/cat\/abogados-accidentes-trafico-sabadell\/\" \/>\n<meta property=\"og:site_name\" content=\"ABOGADOS DE ACCIDENTES DE TRAFICO\" \/>\n<meta property=\"article:publisher\" content=\"https:\/\/www.facebook.com\/Pallares.Advocat\" \/>\n<meta property=\"article:modified_time\" content=\"2023-05-14T15:44:57+00:00\" \/>\n<meta property=\"og:image\" content=\"https:\/\/www.reclamaraccidentetrafico.es\/wp-content\/uploads\/2023\/05\/why-us-pic2.jpg\" \/>\n\t<meta property=\"og:image:width\" content=\"400\" \/>\n\t<meta property=\"og:image:height\" content=\"457\" \/>\n\t<meta property=\"og:image:type\" content=\"image\/jpeg\" \/>\n<meta name=\"twitter:card\" content=\"summary_large_image\" \/>\n<meta name=\"twitter:site\" content=\"@pallaresadvocats\" \/>\n<meta name=\"twitter:label1\" content=\"Temps estimat de lectura\" \/>\n\t<meta name=\"twitter:data1\" content=\"5 minuts\" \/>\n<script type=\"application\/ld+json\" class=\"yoast-schema-graph\">{\"@context\":\"https:\/\/schema.org\",\"@graph\":[{\"@type\":\"WebPage\",\"@id\":\"https:\/\/www.reclamaraccidentetrafico.es\/abogados-accidentes-trafico-sabadell\/\",\"url\":\"https:\/\/www.reclamaraccidentetrafico.es\/abogados-accidentes-trafico-sabadell\/\",\"name\":\"Abogados expertos en accidentes de trafico en Sabadell\",\"isPartOf\":{\"@id\":\"https:\/\/www.reclamaraccidentetrafico.es\/#website\"},\"primaryImageOfPage\":{\"@id\":\"https:\/\/www.reclamaraccidentetrafico.es\/abogados-accidentes-trafico-sabadell\/#primaryimage\"},\"image\":{\"@id\":\"https:\/\/www.reclamaraccidentetrafico.es\/abogados-accidentes-trafico-sabadell\/#primaryimage\"},\"thumbnailUrl\":\"https:\/\/www.reclamaraccidentetrafico.es\/wp-content\/uploads\/2023\/05\/why-us-pic2.jpg\",\"datePublished\":\"2017-02-20T22:23:43+00:00\",\"dateModified\":\"2023-05-14T15:44:57+00:00\",\"description\":\"Somos abogados expertos en accidentes de tr\u00e1fico. Tenemos oficinas en Sabadell, Sant Cugat, Cerdanyola, Castellar y Barcelona\",\"breadcrumb\":{\"@id\":\"https:\/\/www.reclamaraccidentetrafico.es\/abogados-accidentes-trafico-sabadell\/#breadcrumb\"},\"inLanguage\":\"ca\",\"potentialAction\":[{\"@type\":\"ReadAction\",\"target\":[\"https:\/\/www.reclamaraccidentetrafico.es\/abogados-accidentes-trafico-sabadell\/\"]}]},{\"@type\":\"ImageObject\",\"inLanguage\":\"ca\",\"@id\":\"https:\/\/www.reclamaraccidentetrafico.es\/abogados-accidentes-trafico-sabadell\/#primaryimage\",\"url\":\"https:\/\/www.reclamaraccidentetrafico.es\/wp-content\/uploads\/2023\/05\/why-us-pic2.jpg\",\"contentUrl\":\"https:\/\/www.reclamaraccidentetrafico.es\/wp-content\/uploads\/2023\/05\/why-us-pic2.jpg\",\"width\":400,\"height\":457},{\"@type\":\"BreadcrumbList\",\"@id\":\"https:\/\/www.reclamaraccidentetrafico.es\/abogados-accidentes-trafico-sabadell\/#breadcrumb\",\"itemListElement\":[{\"@type\":\"ListItem\",\"position\":1,\"name\":\"Portada\",\"item\":\"https:\/\/www.reclamaraccidentetrafico.es\/\"},{\"@type\":\"ListItem\",\"position\":2,\"name\":\"EQUIPO\"}]},{\"@type\":\"WebSite\",\"@id\":\"https:\/\/www.reclamaraccidentetrafico.es\/#website\",\"url\":\"https:\/\/www.reclamaraccidentetrafico.es\/\",\"name\":\"ABOGADOS DE ACCIDENTES DE TRAFICO\",\"description\":\"ABOGADOS EXPERTOS EN RECLAMAR ACCIDENTES DE TRAFICO\",\"publisher\":{\"@id\":\"https:\/\/www.reclamaraccidentetrafico.es\/#organization\"},\"potentialAction\":[{\"@type\":\"SearchAction\",\"target\":{\"@type\":\"EntryPoint\",\"urlTemplate\":\"https:\/\/www.reclamaraccidentetrafico.es\/?s={search_term_string}\"},\"query-input\":{\"@type\":\"PropertyValueSpecification\",\"valueRequired\":true,\"valueName\":\"search_term_string\"}}],\"inLanguage\":\"ca\"},{\"@type\":\"Organization\",\"@id\":\"https:\/\/www.reclamaraccidentetrafico.es\/#organization\",\"name\":\"PALLAR\u00c8S ADVOCATS\",\"alternateName\":\"Pallar\u00e8s\",\"url\":\"https:\/\/www.reclamaraccidentetrafico.es\/\",\"logo\":{\"@type\":\"ImageObject\",\"inLanguage\":\"ca\",\"@id\":\"https:\/\/www.reclamaraccidentetrafico.es\/#\/schema\/logo\/image\/\",\"url\":\"https:\/\/www.reclamaraccidentetrafico.es\/wp-content\/uploads\/2023\/04\/pallares-blanc.png\",\"contentUrl\":\"https:\/\/www.reclamaraccidentetrafico.es\/wp-content\/uploads\/2023\/04\/pallares-blanc.png\",\"width\":305,\"height\":412,\"caption\":\"PALLAR\u00c8S ADVOCATS\"},\"image\":{\"@id\":\"https:\/\/www.reclamaraccidentetrafico.es\/#\/schema\/logo\/image\/\"},\"sameAs\":[\"https:\/\/www.facebook.com\/Pallares.Advocat\",\"https:\/\/x.com\/pallaresadvocats\",\"https:\/\/instagram.com\/pallares_advocats?igshid=NTc4MTIwNjQ2YQ==\"]}]}<\/script>\n<!-- \/ Yoast SEO plugin. -->","yoast_head_json":{"title":"Abogados expertos en accidentes de trafico en Sabadell","description":"Somos abogados expertos en accidentes de tr\u00e1fico. Tenemos oficinas en Sabadell, Sant Cugat, Cerdanyola, Castellar y Barcelona","robots":{"index":"index","follow":"follow","max-snippet":"max-snippet:-1","max-image-preview":"max-image-preview:large","max-video-preview":"max-video-preview:-1"},"canonical":"https:\/\/www.reclamaraccidentetrafico.es\/cat\/abogados-accidentes-trafico-sabadell\/","og_locale":"ca_ES","og_type":"article","og_title":"Abogados expertos en accidentes de trafico en Sabadell","og_description":"Somos abogados expertos en accidentes de tr\u00e1fico. Tenemos oficinas en Sabadell, Sant Cugat, Cerdanyola, Castellar y Barcelona","og_url":"https:\/\/www.reclamaraccidentetrafico.es\/cat\/abogados-accidentes-trafico-sabadell\/","og_site_name":"ABOGADOS DE ACCIDENTES DE TRAFICO","article_publisher":"https:\/\/www.facebook.com\/Pallares.Advocat","article_modified_time":"2023-05-14T15:44:57+00:00","og_image":[{"width":400,"height":457,"url":"https:\/\/www.reclamaraccidentetrafico.es\/wp-content\/uploads\/2023\/05\/why-us-pic2.jpg","type":"image\/jpeg"}],"twitter_card":"summary_large_image","twitter_site":"@pallaresadvocats","twitter_misc":{"Temps estimat de lectura":"5 minuts"},"schema":{"@context":"https:\/\/schema.org","@graph":[{"@type":"WebPage","@id":"https:\/\/www.reclamaraccidentetrafico.es\/abogados-accidentes-trafico-sabadell\/","url":"https:\/\/www.reclamaraccidentetrafico.es\/abogados-accidentes-trafico-sabadell\/","name":"Abogados expertos en accidentes de trafico en Sabadell","isPartOf":{"@id":"https:\/\/www.reclamaraccidentetrafico.es\/#website"},"primaryImageOfPage":{"@id":"https:\/\/www.reclamaraccidentetrafico.es\/abogados-accidentes-trafico-sabadell\/#primaryimage"},"image":{"@id":"https:\/\/www.reclamaraccidentetrafico.es\/abogados-accidentes-trafico-sabadell\/#primaryimage"},"thumbnailUrl":"https:\/\/www.reclamaraccidentetrafico.es\/wp-content\/uploads\/2023\/05\/why-us-pic2.jpg","datePublished":"2017-02-20T22:23:43+00:00","dateModified":"2023-05-14T15:44:57+00:00","description":"Somos abogados expertos en accidentes de tr\u00e1fico. Tenemos oficinas en Sabadell, Sant Cugat, Cerdanyola, Castellar y Barcelona","breadcrumb":{"@id":"https:\/\/www.reclamaraccidentetrafico.es\/abogados-accidentes-trafico-sabadell\/#breadcrumb"},"inLanguage":"ca","potentialAction":[{"@type":"ReadAction","target":["https:\/\/www.reclamaraccidentetrafico.es\/abogados-accidentes-trafico-sabadell\/"]}]},{"@type":"ImageObject","inLanguage":"ca","@id":"https:\/\/www.reclamaraccidentetrafico.es\/abogados-accidentes-trafico-sabadell\/#primaryimage","url":"https:\/\/www.reclamaraccidentetrafico.es\/wp-content\/uploads\/2023\/05\/why-us-pic2.jpg","contentUrl":"https:\/\/www.reclamaraccidentetrafico.es\/wp-content\/uploads\/2023\/05\/why-us-pic2.jpg","width":400,"height":457},{"@type":"BreadcrumbList","@id":"https:\/\/www.reclamaraccidentetrafico.es\/abogados-accidentes-trafico-sabadell\/#breadcrumb","itemListElement":[{"@type":"ListItem","position":1,"name":"Portada","item":"https:\/\/www.reclamaraccidentetrafico.es\/"},{"@type":"ListItem","position":2,"name":"EQUIPO"}]},{"@type":"WebSite","@id":"https:\/\/www.reclamaraccidentetrafico.es\/#website","url":"https:\/\/www.reclamaraccidentetrafico.es\/","name":"ACCIDENT ADVOCATS DE TR\u00c0NSIT","description":"ADVOCATS ESPERTS EN RECLAMACI\u00d3 PER ACCIDENTS DE TR\u00c0NSIT","publisher":{"@id":"https:\/\/www.reclamaraccidentetrafico.es\/#organization"},"potentialAction":[{"@type":"SearchAction","target":{"@type":"EntryPoint","urlTemplate":"https:\/\/www.reclamaraccidentetrafico.es\/?s={search_term_string}"},"query-input":{"@type":"PropertyValueSpecification","valueRequired":true,"valueName":"search_term_string"}}],"inLanguage":"ca"},{"@type":"Organization","@id":"https:\/\/www.reclamaraccidentetrafico.es\/#organization","name":"PALLAR\u00c8S ADVOCATS","alternateName":"Pallar\u00e8s","url":"https:\/\/www.reclamaraccidentetrafico.es\/","logo":{"@type":"ImageObject","inLanguage":"ca","@id":"https:\/\/www.reclamaraccidentetrafico.es\/#\/schema\/logo\/image\/","url":"https:\/\/www.reclamaraccidentetrafico.es\/wp-content\/uploads\/2023\/04\/pallares-blanc.png","contentUrl":"https:\/\/www.reclamaraccidentetrafico.es\/wp-content\/uploads\/2023\/04\/pallares-blanc.png","width":305,"height":412,"caption":"PALLAR\u00c8S ADVOCATS"},"image":{"@id":"https:\/\/www.reclamaraccidentetrafico.es\/#\/schema\/logo\/image\/"},"sameAs":["https:\/\/www.facebook.com\/Pallares.Advocat","https:\/\/x.com\/pallaresadvocats","https:\/\/instagram.com\/pallares_advocats?igshid=NTc4MTIwNjQ2YQ=="]}]}},"_links":{"self":[{"href":"https:\/\/www.reclamaraccidentetrafico.es\/cat\/wp-json\/wp\/v2\/pages\/24","targetHints":{"allow":["GET"]}}],"collection":[{"href":"https:\/\/www.reclamaraccidentetrafico.es\/cat\/wp-json\/wp\/v2\/pages"}],"about":[{"href":"https:\/\/www.reclamaraccidentetrafico.es\/cat\/wp-json\/wp\/v2\/types\/page"}],"author":[{"embeddable":true,"href":"https:\/\/www.reclamaraccidentetrafico.es\/cat\/wp-json\/wp\/v2\/users\/1"}],"replies":[{"embeddable":true,"href":"https:\/\/www.reclamaraccidentetrafico.es\/cat\/wp-json\/wp\/v2\/comments?post=24"}],"version-history":[{"count":53,"href":"https:\/\/www.reclamaraccidentetrafico.es\/cat\/wp-json\/wp\/v2\/pages\/24\/revisions"}],"predecessor-version":[{"id":2225,"href":"https:\/\/www.reclamaraccidentetrafico.es\/cat\/wp-json\/wp\/v2\/pages\/24\/revisions\/2225"}],"wp:featuredmedia":[{"embeddable":true,"href":"https:\/\/www.reclamaraccidentetrafico.es\/cat\/wp-json\/wp\/v2\/media\/2046"}],"wp:attachment":[{"href":"https:\/\/www.reclamaraccidentetrafico.es\/cat\/wp-json\/wp\/v2\/media?parent=24"}],"curies":[{"name":"wp","href":"https:\/\/api.w.org\/{rel}","templated":true}]}}