{"id":258,"date":"2018-07-09T21:28:26","date_gmt":"2018-07-09T21:28:26","guid":{"rendered":"http:\/\/www.abogadonegligenciamedica.eu\/?page_id=258"},"modified":"2023-05-17T15:50:49","modified_gmt":"2023-05-17T15:50:49","slug":"aviso-legal","status":"publish","type":"page","link":"https:\/\/www.reclamaraccidentetrafico.es\/cat\/aviso-legal\/","title":{"rendered":"Aviso Legal"},"content":{"rendered":"<h1 style=\"text-align: center;\"><strong>Informaci\u00f3n legal y protecci\u00f3n de datos de PALLARES ADVOCATS<\/strong><\/h1>\n<h2 style=\"text-align: center;\"><strong><u>CONDICIONES DE USO DE LA WEB <\/u><\/strong>WWW.RECLAMARACCIDENTETRAFICO.ES<u> <\/u><\/h2>\n<h2 style=\"text-align: center;\"><strong><u>Y DEL RESTO DE <a href=\"http:\/\/www.abogadonegligenciamedica.eu\">WEBS<\/a> DEL GRUPO PALLARES ADVOCATS<\/u><\/strong><\/h2>\n<figure id=\"attachment_1841\" aria-describedby=\"caption-attachment-1841\" style=\"width: 222px\" class=\"wp-caption alignright\"><img fetchpriority=\"high\" decoding=\"async\" class=\"wp-image-1841 size-medium\" src=\"http:\/\/www.reclamaraccidentetrafico.es\/wp-content\/uploads\/2023\/04\/pallares-blanc-222x300.png\" alt=\"PALLARES ADVOCATS\" width=\"222\" height=\"300\" srcset=\"https:\/\/www.reclamaraccidentetrafico.es\/wp-content\/uploads\/2023\/04\/pallares-blanc-222x300.png 222w, https:\/\/www.reclamaraccidentetrafico.es\/wp-content\/uploads\/2023\/04\/pallares-blanc.png 305w\" sizes=\"(max-width: 222px) 100vw, 222px\" \/><figcaption id=\"caption-attachment-1841\" class=\"wp-caption-text\">VOLEM SER EL SEU DESPATX DE LA CONFIAN\u00c7A EN ACCIDENT DE TR\u00c0NSIT<\/figcaption><\/figure>\n<p>&nbsp;<\/p>\n<p>Este sitio web es propiedad de PALLARES ADVOCATS, marca propiedad de\u00a0 <a title=\"CONTACTE\" href=\"http:\/\/www.reclamaraccidentetrafico.es\/cat\/contactenos\/\">ANTONI PALLAR\u00c8S ANDREU<\/a>, con domicilio profesional en la Avenida Primavera 76, Cerdanyola del Vall\u00e8s (08290), provincia de Barcelona, provisto de NIF 46.642.713-R.<\/p>\n<p>Esta Informaci\u00f3n Legal contiene las Condiciones de <strong>Uso del Sitio Web <\/strong><a href=\"http:\/\/www.abogadonegligenciamedica.eu\/\">www.reclamaraccidentetrafico.es<\/a> y del resto de webs del bufete que la mercantil <a href=\"http:\/\/www.pallaresadvocats.com\">PALLAR\u00c8S ADVOCATS<\/a> pone a disposici\u00f3n de sus clientes, de los clientes de los abogados colaboradores del despacho \u00a0y de los usuarios de Internet. El acceso y utilizaci\u00f3n de los servicios que facilitan estos sitios web supone la aceptaci\u00f3n de estas condiciones generales, que ser\u00e1n de aplicaci\u00f3n sin perjuicio de las condiciones particulares o especiales que, en su caso, se establezcan.<\/p>\n<p>La utilizaci\u00f3n de las webs significar\u00e1 la aceptaci\u00f3n de las presentes condiciones generales as\u00ed como de todas las condiciones particulares que puedan establecerse en alguno o algunos de los servicios ofrecidos. La utilizaci\u00f3n de la web significa la aceptaci\u00f3n de estas condiciones sin reserva alguna.<\/p>\n<p>&nbsp;<\/p>\n<p><strong><u>1.- Propiedad Intelectual e Industrial<\/u><\/strong><\/p>\n<p><strong>1.1<\/strong> Todos los contenidos que se recogen en <a href=\"http:\/\/www.abogadonegligenciamedica.eu\/\">www.reclamaraccidentetrafico.es<\/a>, y en las dem\u00e1s webs del bufete, salvo que se indique lo contrario, son titularidad exclusiva de PALLARES ADVOCATS entre los que se comprenden los logotipos, los textos, los gr\u00e1ficos, las ilustraciones y fotograf\u00edas y dem\u00e1s elementos que aparecen en la p\u00e1gina web excepto los logos, fotograf\u00edas y estructuras de creaci\u00f3n de la propia web que son propiedad de la empresa de servicios inform\u00e1ticos donde se alojan las webs.<\/p>\n<p>Igualmente, todos los nombres comerciales, marcas o signos distintivos de cualquier clase contenidos en el Web est\u00e1n protegidos por la Ley.<\/p>\n<p>&nbsp;<\/p>\n<p><strong>1.2<\/strong> PALLARES ADVOCATS no concede ning\u00fan tipo de licencia o autorizaci\u00f3n de uso al usuario sobre sus derechos de propiedad intelectual e industrial o sobre cualquier otro derecho relacionado con los contenidos de su propiedad de sus\u00a0sitios web.<\/p>\n<p>Por ello, el usuario reconoce que la reproducci\u00f3n, distribuci\u00f3n, comercializaci\u00f3n, transformaci\u00f3n, y en general, cualquier otra forma de explotaci\u00f3n, por cualquier procedimiento, de todo o parte de los contenidos de esta p\u00e1gina web constituye una infracci\u00f3n de los derechos de propiedad intelectual y\/o industrial del titular de la p\u00e1gina web o del titular de los mismos excepto si dispone de la autorizaci\u00f3n expresa y por escrito de PALLARES ADVOCATS.<\/p>\n<p><u>En concreto se proh\u00edbe expresamente la copia o el uso de las fotograf\u00edas y de los textos que aparecen en la web sin el consentimiento expreso y por escrito de PALLARES ADVOCATS excepto de las fotograf\u00edas y estructuras de la propia empresa de servicios inform\u00e1ticos que no son titularidad de PALLARES ADVOCATS<\/u><\/p>\n<p>&nbsp;<\/p>\n<p><strong><u>2.<\/u><\/strong><u>&#8211; <strong>Condiciones de uso y limitaci\u00f3n de responsabilidad<\/strong><\/u><\/p>\n<p><strong>2.1<\/strong> Los contenidos de la web son elaborados por PALLARES ADVOCATS \u00a0con fines \u00fanicamente informativos y no pueden ser considerados, en ning\u00fan supuesto, asesoramiento legal al usuario ya que \u00fanicamente constituyen una opini\u00f3n que puede no reflejar el estado legislativo o jurisprudencial m\u00e1s reciente sobre las cuestiones analizadas.<\/p>\n<p>&nbsp;<\/p>\n<p><strong>2.2<\/strong> Se advierte expresamente al usuario que no debe actuar amparado en la informaci\u00f3n contenida en la web sin antes recibir asesoramiento profesional por parte de PALLARES ADVOCATS o de cualquier otro profesional del derecho. En este sentido PALLARES ADVOCATS no se responsabiliza de los errores u omisiones que puedan contener los contenidos de la web y no se responsabilizar\u00e1 por posibles da\u00f1os ocasionados por una actuaci\u00f3n amparada en referido contenido. ni de la aplicaci\u00f3n o uso concreto que pudiera hacerse de dichos contenidos.<\/p>\n<p>En todo caso, esta informaci\u00f3n (que podr\u00e1 ser modificada, desarrollada o actualizada a voluntad de PALLARES ADVOCATS, sin previo aviso), EN NINGUN CASO puede ser considerada asesoramiento legal o sustitutivo de este y su utilizaci\u00f3n es responsabilidad exclusiva del usuario.<\/p>\n<p>El acceso a esta informaci\u00f3n no constituir\u00e1 ni implicar\u00e1 relaci\u00f3n mercantil ni profesional entre el usuario de este web-site y PALLARES ADVOCATS quien desaconseja que el usuario act\u00fae en base a dicha informaci\u00f3n sin recurrir a un asesoramiento profesional personalizado<\/p>\n<p>&nbsp;<\/p>\n<p><strong>2.3<\/strong> Los enlaces o links que contiene este sitio web pueden conducir al usuario a otros sitios y p\u00e1ginas web gestionados por terceros, sobre las que PALLARES ADVOCATS no ejerce ning\u00fan tipo de control. PALLARES ADVOCATS no responde ni de los contenidos ni del estado de dichos sitios y p\u00e1ginas web, y el acceso a las mismas a trav\u00e9s de este sitio web tampoco implica que PALLARES ADVOCATS recomiende o apruebe sus contenidos.<\/p>\n<p>&nbsp;<\/p>\n<p><strong>2.4<\/strong> PALLARES ADVOCATS, no garantiza ni puede garantizar que sus contenidos o los contenidos de WEB-SITES de terceros respecto a los que existan enlaces en este web-site est\u00e9n libres de de virus u otros elementos lesivos que pudieran causar da\u00f1os o alteraciones en el sistema inform\u00e1tico, documentos o ficheros de nuestro usuario por lo que tampoco responder\u00e1 por los da\u00f1os y perjuicios que tales elementos pudieran ocasionar al usuario o a terceros. Se recomienda, en todo caso, tener instalados los correspondientes sistemas de seguridad antivirus. PALLARES ADVOCATS no se responsabiliza de los posibles da\u00f1os ocasionados por la existencia de referidos virus o elementos lesivos.<\/p>\n<p>&nbsp;<\/p>\n<p><strong><u>3.- Protecci\u00f3n de datos<\/u><\/strong><\/p>\n<p>La mera visita a nuestro web-site no conlleva el registro de dato alguno que identifique al usuario m\u00e1s all\u00e1 de la informaci\u00f3n de car\u00e1cter no personal que recogen nuestros servidores (tipo de navegador utilizado, sistema operativo, I.P. de acceso, etc.) y que se utiliza para una mejor gesti\u00f3n del web-site.<\/p>\n<p>A pesar de todo, es posible que para la utilizaci\u00f3n de determinados servicios como las consultas telem\u00e1ticas se requiera del usuario determinados datos de car\u00e1cter personal. En todo caso, PALLARES ADVOCATS tratar\u00e1 con la m\u00e1xima confidencialidad la informaci\u00f3n y datos personales que reciba de los usuarios de este web-site y si bien se reserva la facultad de incluir en un fichero de datos de car\u00e1cter personal creado bajo su responsabilidad los datos que el usuario nos facilite voluntariamente, tambi\u00e9n facilita que este pueda ejercer los derechos de acceso, rectificaci\u00f3n, cancelaci\u00f3n y oposici\u00f3n dirigiendo a tal efecto un escrito (acompa\u00f1ando copia de un documento oficial que le identifique) al domicilio social de PALLARES ADVOCATS, o enviando un correo electr\u00f3nico a <u><a href=\"mailto:info@pallaresadvocats.com\">info@pallaresadvocats.com<\/a><\/u>.<\/p>\n<p>La solicitud deber\u00e1 contener los siguientes datos: nombre y apellidos del usuario, domicilio a efectos de notificaciones, fotocopia del Documento Nacional de Identidad o pasaporte, y contenido concreto del derecho ejercitado.<\/p>\n<p>PALLARES ADVOCATS guardar\u00e1 los datos de car\u00e1cter personal que haya recabado, y adoptar\u00e1 las medidas necesarias para evitar su alteraci\u00f3n, p\u00e9rdida, tratamiento o acceso no autorizados de acuerdo con lo establecido por la normativa aplicable<\/p>\n<p>&nbsp;<\/p>\n<p><strong><u>4.- Ley aplicable y foro.<\/u><\/strong><\/p>\n<p>Las presentes Condiciones de Uso se regir\u00e1n e interpretar\u00e1n conforme a la legislaci\u00f3n espa\u00f1ola en aquello que no est\u00e9 expresamente establecido.<\/p>\n<p>El usuario de la red y PALLARES ADVOCATS, con renuncia de forma expresa a cualquier otro foro que pudiera corresponderles, se someten a la jurisdicci\u00f3n y competencia de los Juzgados de la ciudad de Cerdanyola del Vall\u00e8s para la resoluci\u00f3n de cualquier cuesti\u00f3n que pudiera suscitarse sobre la interpretaci\u00f3n, aplicaci\u00f3n y cumplimiento de estas condiciones, as\u00ed como de las reclamaciones que puedan derivarse de cualquier uso de este sitio web.<\/p>","protected":false},"excerpt":{"rendered":"<p>Informaci\u00f3n legal y protecci\u00f3n de datos de PALLARES ADVOCATS CONDICIONES DE USO DE LA WEB WWW.RECLAMARACCIDENTETRAFICO.ES Y DEL RESTO DE WEBS DEL GRUPO PALLARES ADVOCATS &nbsp; Este sitio web es propiedad de PALLARES ADVOCATS, marca propiedad de\u00a0 ANTONI PALLARES ANDREU, con domicilio profesional en la Avenida Primavera 76, Cerdanyola del Vall\u00e8s (08290), provincia de Barcelona, [&hellip;]<\/p>","protected":false},"author":1,"featured_media":0,"parent":0,"menu_order":0,"comment_status":"closed","ping_status":"closed","template":"","meta":{"footnotes":""},"class_list":["post-258","page","type-page","status-publish","czr-hentry"],"yoast_head":"<!-- This site is optimized with the Yoast SEO plugin v26.0 - https:\/\/yoast.com\/wordpress\/plugins\/seo\/ -->\n<title>PALLARES ADVOCATS<\/title>\n<meta name=\"description\" content=\"PALLARES ADVOCATS es un despacho especializado en la reclamaci\u00f3n de lesiones personales y de da\u00f1os causados por accidentes.\" \/>\n<meta name=\"robots\" content=\"index, follow, max-snippet:-1, max-image-preview:large, max-video-preview:-1\" \/>\n<link rel=\"canonical\" href=\"https:\/\/www.reclamaraccidentetrafico.es\/cat\/aviso-legal\/\" \/>\n<meta property=\"og:locale\" content=\"ca_ES\" \/>\n<meta property=\"og:type\" content=\"article\" \/>\n<meta property=\"og:title\" content=\"PALLARES ADVOCATS\" \/>\n<meta property=\"og:description\" content=\"PALLARES ADVOCATS es un despacho especializado en la reclamaci\u00f3n de lesiones personales y de da\u00f1os causados por accidentes.\" \/>\n<meta property=\"og:url\" content=\"https:\/\/www.reclamaraccidentetrafico.es\/cat\/aviso-legal\/\" \/>\n<meta property=\"og:site_name\" content=\"ABOGADOS DE ACCIDENTES DE TRAFICO\" \/>\n<meta property=\"article:publisher\" content=\"https:\/\/www.facebook.com\/Pallares.Advocat\" \/>\n<meta property=\"article:modified_time\" content=\"2023-05-17T15:50:49+00:00\" \/>\n<meta property=\"og:image\" content=\"http:\/\/www.reclamaraccidentetrafico.es\/wp-content\/uploads\/2023\/04\/pallares-blanc-222x300.png\" \/>\n<meta name=\"twitter:card\" content=\"summary_large_image\" \/>\n<meta name=\"twitter:site\" content=\"@pallaresadvocats\" \/>\n<meta name=\"twitter:label1\" content=\"Temps estimat de lectura\" \/>\n\t<meta name=\"twitter:data1\" content=\"6 minuts\" \/>\n<script type=\"application\/ld+json\" class=\"yoast-schema-graph\">{\"@context\":\"https:\/\/schema.org\",\"@graph\":[{\"@type\":\"WebPage\",\"@id\":\"https:\/\/www.reclamaraccidentetrafico.es\/aviso-legal\/\",\"url\":\"https:\/\/www.reclamaraccidentetrafico.es\/aviso-legal\/\",\"name\":\"PALLARES ADVOCATS\",\"isPartOf\":{\"@id\":\"https:\/\/www.reclamaraccidentetrafico.es\/#website\"},\"primaryImageOfPage\":{\"@id\":\"https:\/\/www.reclamaraccidentetrafico.es\/aviso-legal\/#primaryimage\"},\"image\":{\"@id\":\"https:\/\/www.reclamaraccidentetrafico.es\/aviso-legal\/#primaryimage\"},\"thumbnailUrl\":\"http:\/\/www.reclamaraccidentetrafico.es\/wp-content\/uploads\/2023\/04\/pallares-blanc-222x300.png\",\"datePublished\":\"2018-07-09T21:28:26+00:00\",\"dateModified\":\"2023-05-17T15:50:49+00:00\",\"description\":\"PALLARES ADVOCATS es un despacho especializado en la reclamaci\u00f3n de lesiones personales y de da\u00f1os causados por accidentes.\",\"breadcrumb\":{\"@id\":\"https:\/\/www.reclamaraccidentetrafico.es\/aviso-legal\/#breadcrumb\"},\"inLanguage\":\"ca\",\"potentialAction\":[{\"@type\":\"ReadAction\",\"target\":[\"https:\/\/www.reclamaraccidentetrafico.es\/aviso-legal\/\"]}]},{\"@type\":\"ImageObject\",\"inLanguage\":\"ca\",\"@id\":\"https:\/\/www.reclamaraccidentetrafico.es\/aviso-legal\/#primaryimage\",\"url\":\"http:\/\/www.reclamaraccidentetrafico.es\/wp-content\/uploads\/2023\/04\/pallares-blanc-222x300.png\",\"contentUrl\":\"http:\/\/www.reclamaraccidentetrafico.es\/wp-content\/uploads\/2023\/04\/pallares-blanc-222x300.png\"},{\"@type\":\"BreadcrumbList\",\"@id\":\"https:\/\/www.reclamaraccidentetrafico.es\/aviso-legal\/#breadcrumb\",\"itemListElement\":[{\"@type\":\"ListItem\",\"position\":1,\"name\":\"Portada\",\"item\":\"https:\/\/www.reclamaraccidentetrafico.es\/\"},{\"@type\":\"ListItem\",\"position\":2,\"name\":\"Aviso Legal\"}]},{\"@type\":\"WebSite\",\"@id\":\"https:\/\/www.reclamaraccidentetrafico.es\/#website\",\"url\":\"https:\/\/www.reclamaraccidentetrafico.es\/\",\"name\":\"ABOGADOS DE ACCIDENTES DE TRAFICO\",\"description\":\"ABOGADOS EXPERTOS EN RECLAMAR ACCIDENTES DE TRAFICO\",\"publisher\":{\"@id\":\"https:\/\/www.reclamaraccidentetrafico.es\/#organization\"},\"potentialAction\":[{\"@type\":\"SearchAction\",\"target\":{\"@type\":\"EntryPoint\",\"urlTemplate\":\"https:\/\/www.reclamaraccidentetrafico.es\/?s={search_term_string}\"},\"query-input\":{\"@type\":\"PropertyValueSpecification\",\"valueRequired\":true,\"valueName\":\"search_term_string\"}}],\"inLanguage\":\"ca\"},{\"@type\":\"Organization\",\"@id\":\"https:\/\/www.reclamaraccidentetrafico.es\/#organization\",\"name\":\"PALLAR\u00c8S ADVOCATS\",\"alternateName\":\"Pallar\u00e8s\",\"url\":\"https:\/\/www.reclamaraccidentetrafico.es\/\",\"logo\":{\"@type\":\"ImageObject\",\"inLanguage\":\"ca\",\"@id\":\"https:\/\/www.reclamaraccidentetrafico.es\/#\/schema\/logo\/image\/\",\"url\":\"https:\/\/www.reclamaraccidentetrafico.es\/wp-content\/uploads\/2023\/04\/pallares-blanc.png\",\"contentUrl\":\"https:\/\/www.reclamaraccidentetrafico.es\/wp-content\/uploads\/2023\/04\/pallares-blanc.png\",\"width\":305,\"height\":412,\"caption\":\"PALLAR\u00c8S ADVOCATS\"},\"image\":{\"@id\":\"https:\/\/www.reclamaraccidentetrafico.es\/#\/schema\/logo\/image\/\"},\"sameAs\":[\"https:\/\/www.facebook.com\/Pallares.Advocat\",\"https:\/\/x.com\/pallaresadvocats\",\"https:\/\/instagram.com\/pallares_advocats?igshid=NTc4MTIwNjQ2YQ==\"]}]}<\/script>\n<!-- \/ Yoast SEO plugin. -->","yoast_head_json":{"title":"PALLAR\u00c8S ADVOCATS","description":"PALLARES ADVOCATS es un despacho especializado en la reclamaci\u00f3n de lesiones personales y de da\u00f1os causados por accidentes.","robots":{"index":"index","follow":"follow","max-snippet":"max-snippet:-1","max-image-preview":"max-image-preview:large","max-video-preview":"max-video-preview:-1"},"canonical":"https:\/\/www.reclamaraccidentetrafico.es\/cat\/aviso-legal\/","og_locale":"ca_ES","og_type":"article","og_title":"PALLARES ADVOCATS","og_description":"PALLARES ADVOCATS es un despacho especializado en la reclamaci\u00f3n de lesiones personales y de da\u00f1os causados por accidentes.","og_url":"https:\/\/www.reclamaraccidentetrafico.es\/cat\/aviso-legal\/","og_site_name":"ABOGADOS DE ACCIDENTES DE TRAFICO","article_publisher":"https:\/\/www.facebook.com\/Pallares.Advocat","article_modified_time":"2023-05-17T15:50:49+00:00","og_image":[{"url":"http:\/\/www.reclamaraccidentetrafico.es\/wp-content\/uploads\/2023\/04\/pallares-blanc-222x300.png","type":"","width":"","height":""}],"twitter_card":"summary_large_image","twitter_site":"@pallaresadvocats","twitter_misc":{"Temps estimat de lectura":"6 minuts"},"schema":{"@context":"https:\/\/schema.org","@graph":[{"@type":"WebPage","@id":"https:\/\/www.reclamaraccidentetrafico.es\/aviso-legal\/","url":"https:\/\/www.reclamaraccidentetrafico.es\/aviso-legal\/","name":"PALLAR\u00c8S ADVOCATS","isPartOf":{"@id":"https:\/\/www.reclamaraccidentetrafico.es\/#website"},"primaryImageOfPage":{"@id":"https:\/\/www.reclamaraccidentetrafico.es\/aviso-legal\/#primaryimage"},"image":{"@id":"https:\/\/www.reclamaraccidentetrafico.es\/aviso-legal\/#primaryimage"},"thumbnailUrl":"http:\/\/www.reclamaraccidentetrafico.es\/wp-content\/uploads\/2023\/04\/pallares-blanc-222x300.png","datePublished":"2018-07-09T21:28:26+00:00","dateModified":"2023-05-17T15:50:49+00:00","description":"PALLARES ADVOCATS es un despacho especializado en la reclamaci\u00f3n de lesiones personales y de da\u00f1os causados por accidentes.","breadcrumb":{"@id":"https:\/\/www.reclamaraccidentetrafico.es\/aviso-legal\/#breadcrumb"},"inLanguage":"ca","potentialAction":[{"@type":"ReadAction","target":["https:\/\/www.reclamaraccidentetrafico.es\/aviso-legal\/"]}]},{"@type":"ImageObject","inLanguage":"ca","@id":"https:\/\/www.reclamaraccidentetrafico.es\/aviso-legal\/#primaryimage","url":"http:\/\/www.reclamaraccidentetrafico.es\/wp-content\/uploads\/2023\/04\/pallares-blanc-222x300.png","contentUrl":"http:\/\/www.reclamaraccidentetrafico.es\/wp-content\/uploads\/2023\/04\/pallares-blanc-222x300.png"},{"@type":"BreadcrumbList","@id":"https:\/\/www.reclamaraccidentetrafico.es\/aviso-legal\/#breadcrumb","itemListElement":[{"@type":"ListItem","position":1,"name":"Portada","item":"https:\/\/www.reclamaraccidentetrafico.es\/"},{"@type":"ListItem","position":2,"name":"Aviso Legal"}]},{"@type":"WebSite","@id":"https:\/\/www.reclamaraccidentetrafico.es\/#website","url":"https:\/\/www.reclamaraccidentetrafico.es\/","name":"ACCIDENT ADVOCATS DE TR\u00c0NSIT","description":"ADVOCATS ESPERTS EN RECLAMACI\u00d3 PER ACCIDENTS DE TR\u00c0NSIT","publisher":{"@id":"https:\/\/www.reclamaraccidentetrafico.es\/#organization"},"potentialAction":[{"@type":"SearchAction","target":{"@type":"EntryPoint","urlTemplate":"https:\/\/www.reclamaraccidentetrafico.es\/?s={search_term_string}"},"query-input":{"@type":"PropertyValueSpecification","valueRequired":true,"valueName":"search_term_string"}}],"inLanguage":"ca"},{"@type":"Organization","@id":"https:\/\/www.reclamaraccidentetrafico.es\/#organization","name":"PALLAR\u00c8S ADVOCATS","alternateName":"Pallar\u00e8s","url":"https:\/\/www.reclamaraccidentetrafico.es\/","logo":{"@type":"ImageObject","inLanguage":"ca","@id":"https:\/\/www.reclamaraccidentetrafico.es\/#\/schema\/logo\/image\/","url":"https:\/\/www.reclamaraccidentetrafico.es\/wp-content\/uploads\/2023\/04\/pallares-blanc.png","contentUrl":"https:\/\/www.reclamaraccidentetrafico.es\/wp-content\/uploads\/2023\/04\/pallares-blanc.png","width":305,"height":412,"caption":"PALLAR\u00c8S ADVOCATS"},"image":{"@id":"https:\/\/www.reclamaraccidentetrafico.es\/#\/schema\/logo\/image\/"},"sameAs":["https:\/\/www.facebook.com\/Pallares.Advocat","https:\/\/x.com\/pallaresadvocats","https:\/\/instagram.com\/pallares_advocats?igshid=NTc4MTIwNjQ2YQ=="]}]}},"_links":{"self":[{"href":"https:\/\/www.reclamaraccidentetrafico.es\/cat\/wp-json\/wp\/v2\/pages\/258","targetHints":{"allow":["GET"]}}],"collection":[{"href":"https:\/\/www.reclamaraccidentetrafico.es\/cat\/wp-json\/wp\/v2\/pages"}],"about":[{"href":"https:\/\/www.reclamaraccidentetrafico.es\/cat\/wp-json\/wp\/v2\/types\/page"}],"author":[{"embeddable":true,"href":"https:\/\/www.reclamaraccidentetrafico.es\/cat\/wp-json\/wp\/v2\/users\/1"}],"replies":[{"embeddable":true,"href":"https:\/\/www.reclamaraccidentetrafico.es\/cat\/wp-json\/wp\/v2\/comments?post=258"}],"version-history":[{"count":4,"href":"https:\/\/www.reclamaraccidentetrafico.es\/cat\/wp-json\/wp\/v2\/pages\/258\/revisions"}],"predecessor-version":[{"id":2228,"href":"https:\/\/www.reclamaraccidentetrafico.es\/cat\/wp-json\/wp\/v2\/pages\/258\/revisions\/2228"}],"wp:attachment":[{"href":"https:\/\/www.reclamaraccidentetrafico.es\/cat\/wp-json\/wp\/v2\/media?parent=258"}],"curies":[{"name":"wp","href":"https:\/\/api.w.org\/{rel}","templated":true}]}}