{"id":492,"date":"2020-04-13T19:57:47","date_gmt":"2020-04-13T19:57:47","guid":{"rendered":"http:\/\/www.abogadonegligenciamedica.eu\/?page_id=492"},"modified":"2023-05-14T17:06:41","modified_gmt":"2023-05-14T17:06:41","slug":"abogados-accidentes-coche","status":"publish","type":"page","link":"https:\/\/www.reclamaraccidentetrafico.es\/cat\/abogados-accidentes-coche\/","title":{"rendered":"\u00c0MBIT D&#039;ACTUACI\u00d3"},"content":{"rendered":"<h1 style=\"text-align: center;\"><strong>ADVOCATS EXPERTS EN ACCIDENTS DE TR\u00c0NSIT A SABADELL, CERDANYOLA iBARCELONA<\/strong><\/h1>\n<h2 style=\"text-align: center;\">Els nostres advocats poden actuar en toto el territori nacional, encara que les nostres oficines es troben a la Prov\u00edncia de Barcelona<\/h2>\n<p>&nbsp;<\/p>\n<p style=\"text-align: justify;\"><a href=\"http:\/\/www,pallaresadvocats.com\">PALLAR\u00c8S ADVOCATS<\/a> es tracta d&#039;un despatx, amb m\u00e9s de 25 anys d&#039;experi\u00e8ncia amb experts Advocats per accidents de tr\u00e0nsit a Cerdanyola, Sant Cugat, Sabadell, Castellar i Barcelona<\/p>\n<figure id=\"attachment_1841\" aria-describedby=\"caption-attachment-1841\" style=\"width: 222px\" class=\"wp-caption alignright\"><img fetchpriority=\"high\" decoding=\"async\" class=\"wp-image-1841 size-medium\" src=\"http:\/\/www.reclamaraccidentetrafico.es\/wp-content\/uploads\/2023\/04\/pallares-blanc-222x300.png\" alt=\"ABOGADOS EXPERTOS EN ACCIDENTES DE COCHE\" width=\"222\" height=\"300\" srcset=\"https:\/\/www.reclamaraccidentetrafico.es\/wp-content\/uploads\/2023\/04\/pallares-blanc-222x300.png 222w, https:\/\/www.reclamaraccidentetrafico.es\/wp-content\/uploads\/2023\/04\/pallares-blanc.png 305w\" sizes=\"(max-width: 222px) 100vw, 222px\" \/><figcaption id=\"caption-attachment-1841\" class=\"wp-caption-text\">VOLEM SER EL SEU DESPATX DE LA CONFIAN\u00c7A EN ACCIDENT DE TR\u00c0NSIT<\/figcaption><\/figure>\n<p>Hem plantejat la nostra empresa a poc a poc, amb esfor\u00e7, amb el treball de tots els dies, d&#039;un mode d&#039;artesania, molt a prop, amb l&#039;honestedat, la xerrada, i per sobre de tot, fent el nostre millor esfor\u00e7 per ajudar sempre als nostres clients, per defensar els seus interessos per sobre de tot.<\/p>\n<p>Amb el temps s&#039;han anat especialitzant i avui, tenim reconeguts experts afirmen en la reclamaci\u00f3 dels danys i perjudicis causats per qualsevol tipus d&#039;accident, per aix\u00f2, avui podem dir que si es mira per un advocat perqu\u00e8 ell ha patit un accident de tr\u00e0nsit en el Cerdanyola, un accident de tr\u00e0nsit a Sabadell o un accident de tr\u00e0nsit a Barcelona, podem ser els seus advocats, experts en accidents de tr\u00e0nsit<\/p>\n<p>Gr\u00e0cies a tot aix\u00f2 i l&#039;equip d&#039;Advocats que treballem per a tots i cadascun dels partits judicials, el nostre \u00e0mbit d&#039;actuaci\u00f3 cobreix tot el territori nacional, per tant, podem dir que :<\/p>\n<h3 style=\"text-align: center;\">Podem oferir experts advocats per accidents de tr\u00e0nsit a qualsevol prov\u00edncia catalana:<\/h3>\n<ul>\n<li style=\"text-align: justify;\">Si vost\u00e8 vol reclamar perqu\u00e8 ell ha patit un accident de tr\u00e0nsit, podem ser els seus advocats a <a title=\"BARCELONA\" href=\"http:\/\/www.reclamaraccidentetrafico.es\/cat\/barcelona\/\">Barcelona<\/a><\/li>\n<li style=\"text-align: justify;\">Si vost\u00e8 vol reclamar perqu\u00e8 ell ha patit un accident de tr\u00e0nsit, podem ser els seus advocats a <a title=\"TARRAGONA\" href=\"http:\/\/www.reclamaraccidentetrafico.es\/cat\/tarragona\/\">Tarragona<\/a>.<\/li>\n<li style=\"text-align: justify;\">Si vost\u00e8 vol reclamar perqu\u00e8 ell ha patit un accident de tr\u00e0nsit, podem ser els seus advocats a <a title=\"GIRONA\" href=\"http:\/\/www.reclamaraccidentetrafico.es\/cat\/girona\/\">Girona<\/a>.<\/li>\n<li style=\"text-align: justify;\">Si vost\u00e8 vol reclamar perqu\u00e8 ell ha patit un accident de tr\u00e0nsit, podem ser els seus advocats a <a title=\"LLEIDA\" href=\"http:\/\/www.reclamaraccidentetrafico.es\/cat\/lleida\/\">LLeida<\/a><\/li>\n<\/ul>\n<p><a href=\"http:\/\/www.pallaresadvocats.com\"><img decoding=\"async\" class=\"aligncenter wp-image-1841 size-medium\" src=\"http:\/\/www.reclamaraccidentetrafico.es\/wp-content\/uploads\/2023\/04\/pallares-blanc-222x300.png\" alt=\"ABOGADOS EXPERTOS EN ACCIDENTES DE COCHE\" width=\"222\" height=\"300\" srcset=\"https:\/\/www.reclamaraccidentetrafico.es\/wp-content\/uploads\/2023\/04\/pallares-blanc-222x300.png 222w, https:\/\/www.reclamaraccidentetrafico.es\/wp-content\/uploads\/2023\/04\/pallares-blanc.png 305w\" sizes=\"(max-width: 222px) 100vw, 222px\" \/><\/a><\/p>\n<p style=\"text-align: center;\">\u00a0<strong><a href=\"http:\/\/www.pallaresadvocats.com\">PALLAR\u00c8S ADVOCATS<\/a><\/strong><\/p>\n<p style=\"text-align: center;\">Ens pot ajudar en moltes altres especialitats<\/p>\n<p>&nbsp;<\/p>\n<p style=\"text-align: center;\">TREBALLEM PER AJUDAR-VOS<\/p>\n<p style=\"text-align: center;\">Som un despatx d&#039;advocats amb experi\u00e8ncia i independent, per\u00f2 tamb\u00e9 din\u00e0mic i innovador<\/p>\n<p style=\"text-align: center;\">\u00a0Els nostres m\u00e9s de 25 anys d&#039;experi\u00e8ncia acumulada i l&#039;experi\u00e8ncia en diversos \u00e0mbits, ens converteixen en una empresa de refer\u00e8ncia en el nostre \u00e0mbit<\/p>\n<p style=\"text-align: center;\"><u><b>HI HA DIVERSOS TIPUS DE DANYS, COM ARA ADVOCATS ACCIDENT DE COTXE, PODEM<\/b><\/u><u><b> RECLAMAR-HO PER A TU<\/b><\/u><\/p>\n<p style=\"text-align: center;\"><strong>EXPLICA&#039;NS EL TEU CAS<\/strong><\/p>\n<p style=\"text-align: center;\"><u><b>CONSULTA INICIAL GRATU\u00cfTA<\/b><\/u><\/p>\n<p style=\"text-align: center;\"><b>\u00a0<\/b><b>info@pallaresadvocats.com<\/b><\/p>\n<p style=\"text-align: center;\"><b>936553170<\/b><\/p>\n<h3 style=\"text-align: center;\"><\/h3>","protected":false},"excerpt":{"rendered":"<p>Podemos ser sus abogado experto en negligencias medicas en Espa\u00f1a<\/p>","protected":false},"author":1,"featured_media":1258,"parent":0,"menu_order":0,"comment_status":"closed","ping_status":"closed","template":"","meta":{"footnotes":""},"class_list":["post-492","page","type-page","status-publish","has-post-thumbnail","czr-hentry"],"yoast_head":"<!-- This site is optimized with the Yoast SEO plugin v26.0 - https:\/\/yoast.com\/wordpress\/plugins\/seo\/ -->\n<title>Abogados expertos en accidentes de coche<\/title>\n<meta name=\"description\" content=\"Somos abogados expertos en accidentes de coche. Nuestro ambito de actuaci\u00f3n est\u00e1 en Sabadell, Sant Cugat, Cerdanyola, Castellar y Barcelona\" \/>\n<meta name=\"robots\" content=\"index, follow, max-snippet:-1, max-image-preview:large, max-video-preview:-1\" \/>\n<link rel=\"canonical\" href=\"https:\/\/www.reclamaraccidentetrafico.es\/cat\/abogados-accidentes-coche\/\" \/>\n<meta property=\"og:locale\" content=\"ca_ES\" \/>\n<meta property=\"og:type\" content=\"article\" \/>\n<meta property=\"og:title\" content=\"Abogados expertos en accidentes de coche\" \/>\n<meta property=\"og:description\" content=\"Somos abogados expertos en accidentes de coche. Nuestro ambito de actuaci\u00f3n est\u00e1 en Sabadell, Sant Cugat, Cerdanyola, Castellar y Barcelona\" \/>\n<meta property=\"og:url\" content=\"https:\/\/www.reclamaraccidentetrafico.es\/cat\/abogados-accidentes-coche\/\" \/>\n<meta property=\"og:site_name\" content=\"ABOGADOS DE ACCIDENTES DE TRAFICO\" \/>\n<meta property=\"article:publisher\" content=\"https:\/\/www.facebook.com\/Pallares.Advocat\" \/>\n<meta property=\"article:modified_time\" content=\"2023-05-14T17:06:41+00:00\" \/>\n<meta property=\"og:image\" content=\"https:\/\/www.reclamaraccidentetrafico.es\/wp-content\/uploads\/2023\/04\/car-accident-g857c8f6b5_1280.png\" \/>\n\t<meta property=\"og:image:width\" content=\"1280\" \/>\n\t<meta property=\"og:image:height\" content=\"742\" \/>\n\t<meta property=\"og:image:type\" content=\"image\/png\" \/>\n<meta name=\"twitter:card\" content=\"summary_large_image\" \/>\n<meta name=\"twitter:site\" content=\"@pallaresadvocats\" \/>\n<meta name=\"twitter:label1\" content=\"Temps estimat de lectura\" \/>\n\t<meta name=\"twitter:data1\" content=\"3 minuts\" \/>\n<script type=\"application\/ld+json\" class=\"yoast-schema-graph\">{\"@context\":\"https:\/\/schema.org\",\"@graph\":[{\"@type\":\"WebPage\",\"@id\":\"https:\/\/www.reclamaraccidentetrafico.es\/abogados-accidentes-coche\/\",\"url\":\"https:\/\/www.reclamaraccidentetrafico.es\/abogados-accidentes-coche\/\",\"name\":\"Abogados expertos en accidentes de coche\",\"isPartOf\":{\"@id\":\"https:\/\/www.reclamaraccidentetrafico.es\/#website\"},\"primaryImageOfPage\":{\"@id\":\"https:\/\/www.reclamaraccidentetrafico.es\/abogados-accidentes-coche\/#primaryimage\"},\"image\":{\"@id\":\"https:\/\/www.reclamaraccidentetrafico.es\/abogados-accidentes-coche\/#primaryimage\"},\"thumbnailUrl\":\"\",\"datePublished\":\"2020-04-13T19:57:47+00:00\",\"dateModified\":\"2023-05-14T17:06:41+00:00\",\"description\":\"Somos abogados expertos en accidentes de coche. Nuestro ambito de actuaci\u00f3n est\u00e1 en Sabadell, Sant Cugat, Cerdanyola, Castellar y Barcelona\",\"breadcrumb\":{\"@id\":\"https:\/\/www.reclamaraccidentetrafico.es\/abogados-accidentes-coche\/#breadcrumb\"},\"inLanguage\":\"ca\",\"potentialAction\":[{\"@type\":\"ReadAction\",\"target\":[\"https:\/\/www.reclamaraccidentetrafico.es\/abogados-accidentes-coche\/\"]}]},{\"@type\":\"ImageObject\",\"inLanguage\":\"ca\",\"@id\":\"https:\/\/www.reclamaraccidentetrafico.es\/abogados-accidentes-coche\/#primaryimage\",\"url\":\"\",\"contentUrl\":\"\"},{\"@type\":\"BreadcrumbList\",\"@id\":\"https:\/\/www.reclamaraccidentetrafico.es\/abogados-accidentes-coche\/#breadcrumb\",\"itemListElement\":[{\"@type\":\"ListItem\",\"position\":1,\"name\":\"Portada\",\"item\":\"https:\/\/www.reclamaraccidentetrafico.es\/\"},{\"@type\":\"ListItem\",\"position\":2,\"name\":\"AMBITO DE ACTUACION\"}]},{\"@type\":\"WebSite\",\"@id\":\"https:\/\/www.reclamaraccidentetrafico.es\/#website\",\"url\":\"https:\/\/www.reclamaraccidentetrafico.es\/\",\"name\":\"ABOGADOS DE ACCIDENTES DE TRAFICO\",\"description\":\"ABOGADOS EXPERTOS EN RECLAMAR ACCIDENTES DE TRAFICO\",\"publisher\":{\"@id\":\"https:\/\/www.reclamaraccidentetrafico.es\/#organization\"},\"potentialAction\":[{\"@type\":\"SearchAction\",\"target\":{\"@type\":\"EntryPoint\",\"urlTemplate\":\"https:\/\/www.reclamaraccidentetrafico.es\/?s={search_term_string}\"},\"query-input\":{\"@type\":\"PropertyValueSpecification\",\"valueRequired\":true,\"valueName\":\"search_term_string\"}}],\"inLanguage\":\"ca\"},{\"@type\":\"Organization\",\"@id\":\"https:\/\/www.reclamaraccidentetrafico.es\/#organization\",\"name\":\"PALLAR\u00c8S ADVOCATS\",\"alternateName\":\"Pallar\u00e8s\",\"url\":\"https:\/\/www.reclamaraccidentetrafico.es\/\",\"logo\":{\"@type\":\"ImageObject\",\"inLanguage\":\"ca\",\"@id\":\"https:\/\/www.reclamaraccidentetrafico.es\/#\/schema\/logo\/image\/\",\"url\":\"https:\/\/www.reclamaraccidentetrafico.es\/wp-content\/uploads\/2023\/04\/pallares-blanc.png\",\"contentUrl\":\"https:\/\/www.reclamaraccidentetrafico.es\/wp-content\/uploads\/2023\/04\/pallares-blanc.png\",\"width\":305,\"height\":412,\"caption\":\"PALLAR\u00c8S ADVOCATS\"},\"image\":{\"@id\":\"https:\/\/www.reclamaraccidentetrafico.es\/#\/schema\/logo\/image\/\"},\"sameAs\":[\"https:\/\/www.facebook.com\/Pallares.Advocat\",\"https:\/\/x.com\/pallaresadvocats\",\"https:\/\/instagram.com\/pallares_advocats?igshid=NTc4MTIwNjQ2YQ==\"]}]}<\/script>\n<!-- \/ Yoast SEO plugin. -->","yoast_head_json":{"title":"Abogados expertos en accidentes de coche","description":"Somos abogados expertos en accidentes de coche. Nuestro ambito de actuaci\u00f3n est\u00e1 en Sabadell, Sant Cugat, Cerdanyola, Castellar y Barcelona","robots":{"index":"index","follow":"follow","max-snippet":"max-snippet:-1","max-image-preview":"max-image-preview:large","max-video-preview":"max-video-preview:-1"},"canonical":"https:\/\/www.reclamaraccidentetrafico.es\/cat\/abogados-accidentes-coche\/","og_locale":"ca_ES","og_type":"article","og_title":"Abogados expertos en accidentes de coche","og_description":"Somos abogados expertos en accidentes de coche. Nuestro ambito de actuaci\u00f3n est\u00e1 en Sabadell, Sant Cugat, Cerdanyola, Castellar y Barcelona","og_url":"https:\/\/www.reclamaraccidentetrafico.es\/cat\/abogados-accidentes-coche\/","og_site_name":"ABOGADOS DE ACCIDENTES DE TRAFICO","article_publisher":"https:\/\/www.facebook.com\/Pallares.Advocat","article_modified_time":"2023-05-14T17:06:41+00:00","og_image":[{"width":1280,"height":742,"url":"https:\/\/www.reclamaraccidentetrafico.es\/wp-content\/uploads\/2023\/04\/car-accident-g857c8f6b5_1280.png","type":"image\/png"}],"twitter_card":"summary_large_image","twitter_site":"@pallaresadvocats","twitter_misc":{"Temps estimat de lectura":"3 minuts"},"schema":{"@context":"https:\/\/schema.org","@graph":[{"@type":"WebPage","@id":"https:\/\/www.reclamaraccidentetrafico.es\/abogados-accidentes-coche\/","url":"https:\/\/www.reclamaraccidentetrafico.es\/abogados-accidentes-coche\/","name":"Abogados expertos en accidentes de coche","isPartOf":{"@id":"https:\/\/www.reclamaraccidentetrafico.es\/#website"},"primaryImageOfPage":{"@id":"https:\/\/www.reclamaraccidentetrafico.es\/abogados-accidentes-coche\/#primaryimage"},"image":{"@id":"https:\/\/www.reclamaraccidentetrafico.es\/abogados-accidentes-coche\/#primaryimage"},"thumbnailUrl":"","datePublished":"2020-04-13T19:57:47+00:00","dateModified":"2023-05-14T17:06:41+00:00","description":"Somos abogados expertos en accidentes de coche. Nuestro ambito de actuaci\u00f3n est\u00e1 en Sabadell, Sant Cugat, Cerdanyola, Castellar y Barcelona","breadcrumb":{"@id":"https:\/\/www.reclamaraccidentetrafico.es\/abogados-accidentes-coche\/#breadcrumb"},"inLanguage":"ca","potentialAction":[{"@type":"ReadAction","target":["https:\/\/www.reclamaraccidentetrafico.es\/abogados-accidentes-coche\/"]}]},{"@type":"ImageObject","inLanguage":"ca","@id":"https:\/\/www.reclamaraccidentetrafico.es\/abogados-accidentes-coche\/#primaryimage","url":"","contentUrl":""},{"@type":"BreadcrumbList","@id":"https:\/\/www.reclamaraccidentetrafico.es\/abogados-accidentes-coche\/#breadcrumb","itemListElement":[{"@type":"ListItem","position":1,"name":"Portada","item":"https:\/\/www.reclamaraccidentetrafico.es\/"},{"@type":"ListItem","position":2,"name":"AMBITO DE ACTUACION"}]},{"@type":"WebSite","@id":"https:\/\/www.reclamaraccidentetrafico.es\/#website","url":"https:\/\/www.reclamaraccidentetrafico.es\/","name":"ACCIDENT ADVOCATS DE TR\u00c0NSIT","description":"ADVOCATS ESPERTS EN RECLAMACI\u00d3 PER ACCIDENTS DE TR\u00c0NSIT","publisher":{"@id":"https:\/\/www.reclamaraccidentetrafico.es\/#organization"},"potentialAction":[{"@type":"SearchAction","target":{"@type":"EntryPoint","urlTemplate":"https:\/\/www.reclamaraccidentetrafico.es\/?s={search_term_string}"},"query-input":{"@type":"PropertyValueSpecification","valueRequired":true,"valueName":"search_term_string"}}],"inLanguage":"ca"},{"@type":"Organization","@id":"https:\/\/www.reclamaraccidentetrafico.es\/#organization","name":"PALLAR\u00c8S ADVOCATS","alternateName":"Pallar\u00e8s","url":"https:\/\/www.reclamaraccidentetrafico.es\/","logo":{"@type":"ImageObject","inLanguage":"ca","@id":"https:\/\/www.reclamaraccidentetrafico.es\/#\/schema\/logo\/image\/","url":"https:\/\/www.reclamaraccidentetrafico.es\/wp-content\/uploads\/2023\/04\/pallares-blanc.png","contentUrl":"https:\/\/www.reclamaraccidentetrafico.es\/wp-content\/uploads\/2023\/04\/pallares-blanc.png","width":305,"height":412,"caption":"PALLAR\u00c8S ADVOCATS"},"image":{"@id":"https:\/\/www.reclamaraccidentetrafico.es\/#\/schema\/logo\/image\/"},"sameAs":["https:\/\/www.facebook.com\/Pallares.Advocat","https:\/\/x.com\/pallaresadvocats","https:\/\/instagram.com\/pallares_advocats?igshid=NTc4MTIwNjQ2YQ=="]}]}},"_links":{"self":[{"href":"https:\/\/www.reclamaraccidentetrafico.es\/cat\/wp-json\/wp\/v2\/pages\/492","targetHints":{"allow":["GET"]}}],"collection":[{"href":"https:\/\/www.reclamaraccidentetrafico.es\/cat\/wp-json\/wp\/v2\/pages"}],"about":[{"href":"https:\/\/www.reclamaraccidentetrafico.es\/cat\/wp-json\/wp\/v2\/types\/page"}],"author":[{"embeddable":true,"href":"https:\/\/www.reclamaraccidentetrafico.es\/cat\/wp-json\/wp\/v2\/users\/1"}],"replies":[{"embeddable":true,"href":"https:\/\/www.reclamaraccidentetrafico.es\/cat\/wp-json\/wp\/v2\/comments?post=492"}],"version-history":[{"count":8,"href":"https:\/\/www.reclamaraccidentetrafico.es\/cat\/wp-json\/wp\/v2\/pages\/492\/revisions"}],"predecessor-version":[{"id":2227,"href":"https:\/\/www.reclamaraccidentetrafico.es\/cat\/wp-json\/wp\/v2\/pages\/492\/revisions\/2227"}],"wp:featuredmedia":[{"embeddable":true,"href":"https:\/\/www.reclamaraccidentetrafico.es\/cat\/wp-json\/"}],"wp:attachment":[{"href":"https:\/\/www.reclamaraccidentetrafico.es\/cat\/wp-json\/wp\/v2\/media?parent=492"}],"curies":[{"name":"wp","href":"https:\/\/api.w.org\/{rel}","templated":true}]}}