{"id":719,"date":"2020-04-15T16:16:43","date_gmt":"2020-04-15T16:16:43","guid":{"rendered":"http:\/\/www.abogadonegligenciamedica.eu\/?page_id=719"},"modified":"2023-05-14T15:42:18","modified_gmt":"2023-05-14T15:42:18","slug":"abogados-accidente-trafico-barcelona","status":"publish","type":"page","link":"https:\/\/www.reclamaraccidentetrafico.es\/cat\/abogados-accidente-trafico-barcelona\/","title":{"rendered":"BARCELONA"},"content":{"rendered":"<h1 style=\"text-align: center;\">Advocats d'accidents de tr\u00e0nsit a Barcelona<\/h1>\n<h2 style=\"text-align: center;\">PALLAR\u00c8S ADVOCATS COMPTA AMB UN EXPERIMENTAT EQUIP D'ADVOCATS EXPERTS EN ACCIDENTS DE TR\u00c0NSIT A BARCELONA I PROV\u00cdNCIA<\/h2>\n<figure id=\"attachment_1841\" aria-describedby=\"caption-attachment-1841\" style=\"width: 222px\" class=\"wp-caption aligncenter\"><img fetchpriority=\"high\" decoding=\"async\" class=\"size-medium wp-image-1841\" src=\"http:\/\/www.reclamaraccidentetrafico.es\/wp-content\/uploads\/2023\/04\/pallares-blanc-222x300.png\" alt=\"\" width=\"222\" height=\"300\" srcset=\"https:\/\/www.reclamaraccidentetrafico.es\/wp-content\/uploads\/2023\/04\/pallares-blanc-222x300.png 222w, https:\/\/www.reclamaraccidentetrafico.es\/wp-content\/uploads\/2023\/04\/pallares-blanc.png 305w\" sizes=\"(max-width: 222px) 100vw, 222px\" \/><figcaption id=\"caption-attachment-1841\" class=\"wp-caption-text\">VOLEM SER EL SEU DESPATX DE LA CONFIAN\u00c7A EN ACCIDENT DE TR\u00c0NSIT<\/figcaption><\/figure>\n<p style=\"text-align: justify;\"><strong>En <a href=\"http:\/\/www.pallaresadvocats.com\">PALLAR\u00c8S ADVOCATS<\/a> estem conven\u00e7uts que si es busqui un advocat perqu\u00e8 ell ha patit un accident de tr\u00e0fic, podem ser els seus Advocats accident de cotxe a Barcelona.<\/strong><\/p>\n<h3 style=\"text-align: justify;\"><strong>Els nostres <a title=\"CONTACTE\" href=\"http:\/\/www.reclamaraccidentetrafico.es\/cat\/contactenos\/\">DESPATXOS<\/a> s\u00f3n a Cerdanyola del Vall\u00e8s, Sabadell i Barcelona, per\u00f2 en l'actualitat, la tecnologia permet que les dist\u00e0ncies no siguin un problema. Disposem no nom\u00e9s del tel\u00e8fon, poden tenir videoconfer\u00e8ncia per dur a terme visites\/entrevistes virtuals.<\/strong><\/h3>\n<p style=\"text-align: justify;\"><strong>Visites cara a cara, ja no s\u00f3n essencials, la possibilitat de converses telef\u00f2niques, uneix-te avui mateix, la possibilitat de fer trucades de v\u00eddeo a trav\u00e9s de les aplicacions i programes lliures que s\u00f3n molt f\u00e0cils d&#039;utilitzar.<\/strong><\/p>\n<p style=\"text-align: justify;\"><strong>Aquest v\u00eddeo confer\u00e8ncia ens permeten no nom\u00e9s obtenir la cara (a alguna cosa essencial en una relaci\u00f3 basada en la confian\u00e7a com \u00e9s l&#039;advocat-client), per\u00f2 que va a permetre recollir tots els detalls de la visita, cara a cara, a manera d&#039;exemple:<\/strong><\/p>\n<ul>\n<li style=\"text-align: justify;\"><strong>La espec\u00edfiques dia i hora per a la visita virtual a trav\u00e9s de videoconfer\u00e8ncia<\/strong><\/li>\n<li style=\"text-align: justify;\"><strong>Per ser una visita concertada, no va patir els riscos d&#039;una trucada sorpresa (impossibilitat de tracte, la improvisaci\u00f3, la impossibilitat d&#039;accedir a aquest moment a la informaci\u00f3...etc)<\/strong><\/li>\n<li style=\"text-align: justify;\"><strong>La visita virtual permet compartir la pantalla de l&#039;ordinador, que ens permet mostrar al client la documentaci\u00f3 que volem comentari<\/strong><\/li>\n<\/ul>\n<p style=\"text-align: justify;\"><strong>Evidentment, si aquest \u00e9s el cas, anem a passar a on \u00e9s necessari, ja que si vost\u00e8 est\u00e0 buscant un advocat perqu\u00e8 ell ha patit un accident de tr\u00e0nsit, podem actuar en tot el territori nacional.<\/strong><\/p>\n<p style=\"text-align: justify;\"><strong>Quant a la documentaci\u00f3, a dir que sempre treballem amb documents escanejats en format PDF, per a que el client sempre tenir en la seva possessi\u00f3 a l&#039;original, perqu\u00e8 sabem que el gran valor d&#039;aquests documents.<\/strong><\/p>\n<p style=\"text-align: justify;\"><strong>I, en qualsevol cas, per a aquells dels nostres clients que no tenen la possibilitat de escanejar la documentaci\u00f3 en la seva casa, a la feina o en una botiga, sempre va a poder enviar per correu o missatgeria, de manera que ens analitzar\u00e0 i ser\u00e0 retornat al client resid\u00e8ncia si ho precisa.<\/strong><\/p>\n<h2 style=\"text-align: justify;\"><strong>\u00c9s per aquest motiu que diem que si vost\u00e8 busca un advocat perqu\u00e8 ell ha patit un accident de tr\u00e0fic, podem ser els seus ADVOCATS PER ACCIDENT de TR\u00c0NSIT A BARCELONA i els seus districtes judicials, de tal manera que:<\/strong><\/h2>\n<ul>\n<li style=\"text-align: justify;\"><strong>Si vost\u00e8 est\u00e0 buscant un advocat perqu\u00e8 ell ha patit un accident de tr\u00e0nsit, podem ser els seus advocats, experts en accidents de tr\u00e0nsit a Martorell<\/strong><\/li>\n<li style=\"text-align: justify;\"><strong>Si vost\u00e8 est\u00e0 buscant un advocat perqu\u00e8 ell ha patit un accident de tr\u00e0nsit, podem ser els seus advocats, experts en accidents de tr\u00e0nsit a Manresa<\/strong><\/li>\n<li style=\"text-align: justify;\"><strong>Si vost\u00e8 est\u00e0 buscant un advocat perqu\u00e8 ell ha patit un accident de tr\u00e0nsit, podem ser els seus advocats, experts en accidents de tr\u00e0nsit a Granollers<\/strong><\/li>\n<li style=\"text-align: justify;\"><strong>Si vost\u00e8 est\u00e0 buscant un advocat perqu\u00e8 ell ha patit un accident de tr\u00e0nsit, podem ser els seus advocats, experts en accidents de tr\u00e0nsit a Matar\u00f3.<\/strong><\/li>\n<li style=\"text-align: justify;\"><strong>Si vost\u00e8 est\u00e0 buscant un advocat perqu\u00e8 ell ha patit un accident de tr\u00e0nsit, podem ser els seus advocats, experts en accidents de tr\u00e0nsit a la ciutat de Vic<\/strong><\/li>\n<li style=\"text-align: justify;\"><strong>Si vost\u00e8 est\u00e0 buscant un advocat perqu\u00e8 ell ha patit un accident de tr\u00e0nsit, podem ser els seus advocats, experts en accidents de tr\u00e0nsit a Arenys de Mar<\/strong><\/li>\n<li style=\"text-align: justify;\"><strong>Si vost\u00e8 est\u00e0 buscant un advocat perqu\u00e8 ell ha patit un accident de tr\u00e0nsit, podem ser els seus advocats, experts en accidents de tr\u00e0nsit a Igualada<\/strong><\/li>\n<li style=\"text-align: justify;\"><strong>Si vost\u00e8 est\u00e0 buscant un advocat perqu\u00e8 ell ha patit un accident de tr\u00e0nsit, podem ser els seus advocats, experts en accidents de tr\u00e0nsit a la ciutat de Berga<\/strong><\/li>\n<li style=\"text-align: justify;\"><strong>Si vost\u00e8 est\u00e0 buscant un advocat perqu\u00e8 ell ha patit un accident de tr\u00e0nsit, podem ser els seus advocats, experts en accidents de tr\u00e0nsit a Vilafranca del Pened\u00e8s<\/strong><\/li>\n<li style=\"text-align: justify;\"><strong>Si vost\u00e8 est\u00e0 buscant un advocat perqu\u00e8 ell ha patit un accident de tr\u00e0nsit, podem ser els seus advocats, experts en accidents de tr\u00e0nsit a Badalona<\/strong><\/li>\n<li style=\"text-align: justify;\"><strong>Si vost\u00e8 est\u00e0 buscant un advocat perqu\u00e8 ell ha patit un accident de tr\u00e0nsit, podem ser els seus advocats, experts en accidents de tr\u00e0nsit a Barcelona<\/strong><\/li>\n<li style=\"text-align: justify;\"><strong>Si vost\u00e8 est\u00e0 buscant un advocat perqu\u00e8 ell ha patit un accident de tr\u00e0nsit, podem ser els seus advocats, experts en accidents de tr\u00e0nsit a Sant Boi de Llobregat<\/strong><\/li>\n<li style=\"text-align: justify;\"><strong>Si vost\u00e8 est\u00e0 buscant un advocat perqu\u00e8 ell ha patit un accident de tr\u00e0nsit, podem ser els seus advocats, experts en accidents de tr\u00e0nsit a Sabadell<\/strong><\/li>\n<li style=\"text-align: justify;\"><strong>Si vost\u00e8 est\u00e0 buscant un advocat perqu\u00e8 ell ha patit un accident de tr\u00e0nsit, podem ser els seus advocats, experts en accidents de tr\u00e0nsit a Vilanova i la Geltr\u00fa<\/strong><\/li>\n<li style=\"text-align: justify;\"><strong>Si vost\u00e8 est\u00e0 buscant un advocat perqu\u00e8 ell ha patit un accident de tr\u00e0nsit, podem ser els seus advocats, experts en accidents de tr\u00e0nsit a Terrassa<\/strong><\/li>\n<li style=\"text-align: justify;\"><strong>Si vost\u00e8 est\u00e0 buscant un advocat perqu\u00e8 ell ha patit un accident de tr\u00e0nsit, podem ser els seus advocats, experts en accidents de tr\u00e0nsit a Sant Feliu de LLobregat<\/strong><\/li>\n<li style=\"text-align: justify;\"><strong>Si vost\u00e8 est\u00e0 buscant un advocat perqu\u00e8 ell ha patit un accident de tr\u00e0nsit, podem ser els seus advocats, experts en accidents de tr\u00e0nsit a l'Hospitalet de LLobregat<\/strong><\/li>\n<li style=\"text-align: justify;\"><strong>Si vost\u00e8 est\u00e0 buscant un advocat perqu\u00e8 ell ha patit un accident de tr\u00e0nsit, podem ser els seus advocats, experts en accidents de tr\u00e0nsit a Santa Coloma de Gramenet<\/strong><\/li>\n<li style=\"text-align: justify;\"><strong>Si vost\u00e8 est\u00e0 buscant un advocat perqu\u00e8 ell ha patit un accident de tr\u00e0nsit, podem ser els seus advocats, experts en accidents de tr\u00e0nsit a Cerdanyola del Vall\u00e8s<\/strong><\/li>\n<li style=\"text-align: justify;\"><strong>Si vost\u00e8 est\u00e0 buscant un advocat perqu\u00e8 ell ha patit un accident de tr\u00e0nsit, podem ser els seus advocats, experts en accidents de tr\u00e0nsit a Cornell\u00e0 de LLobregat<\/strong><\/li>\n<li style=\"text-align: justify;\"><strong>Si vost\u00e8 est\u00e0 buscant un advocat perqu\u00e8 ell ha patit un accident de tr\u00e0nsit, podem ser els seus advocats, experts en accidents de tr\u00e0nsit a Gav\u00e0<\/strong><\/li>\n<li style=\"text-align: justify;\"><strong>Si vost\u00e8 est\u00e0 buscant un advocat perqu\u00e8 ell ha patit un accident de tr\u00e0nsit, podem ser els seus advocats, experts en accidents de tr\u00e0nsit a Mollet del Vall\u00e8s<\/strong><\/li>\n<li style=\"text-align: justify;\"><strong>Si vost\u00e8 est\u00e0 buscant un advocat perqu\u00e8 ell ha patit un accident de tr\u00e0nsit, podem ser els seus advocats, experts en accidents de tr\u00e0nsit a Esplugues de Llobregat<\/strong><\/li>\n<li style=\"text-align: justify;\"><strong>Si vost\u00e8 est\u00e0 buscant un advocat perqu\u00e8 ell ha patit un accident de tr\u00e0nsit, podem ser els seus advocats, experts en accidents de tr\u00e0nsit a Rub\u00ed<\/strong><\/li>\n<li style=\"text-align: justify;\"><strong>Si vost\u00e8 est\u00e0 buscant un advocat perqu\u00e8 ell ha patit un accident de tr\u00e0nsit, podem ser els seus advocats, experts en accidents de tr\u00e0nsit al Prat de LLobregat<\/strong><\/li>\n<\/ul>\n<h4 style=\"text-align: justify;\"><\/h4>\n<h4 style=\"text-align: justify;\"><\/h4>\n<figure id=\"attachment_1841\" aria-describedby=\"caption-attachment-1841\" style=\"width: 222px\" class=\"wp-caption aligncenter\"><img decoding=\"async\" class=\"wp-image-1841 size-medium\" src=\"http:\/\/www.reclamaraccidentetrafico.es\/wp-content\/uploads\/2023\/04\/pallares-blanc-222x300.png\" alt=\"ABOGADOS PARA ACCIDENTES DE TRAFICO EN BARCELONA\" width=\"222\" height=\"300\" srcset=\"https:\/\/www.reclamaraccidentetrafico.es\/wp-content\/uploads\/2023\/04\/pallares-blanc-222x300.png 222w, https:\/\/www.reclamaraccidentetrafico.es\/wp-content\/uploads\/2023\/04\/pallares-blanc.png 305w\" sizes=\"(max-width: 222px) 100vw, 222px\" \/><figcaption id=\"caption-attachment-1841\" class=\"wp-caption-text\">--ACCIDENT DE TR\u00c0NSIT--<\/figcaption><\/figure>\n<h3 style=\"text-align: center;\"><u>SOM ADVOCATS PER ACCIDENTS DE TR\u00c0NSIT A BARCELONA<\/u><\/h3>\n<h3 style=\"text-align: center;\"><span style=\"color: #ff9900;\"><u><b>CONSULTA INICIAL GRATU\u00cfTA<\/b><\/u><\/span><br \/>\n<b>\u00a0<\/b><a href=\"mailto:info@pallaresadvocats.com\"><b>info@pallaresadvocats.com<\/b><\/a><\/h3>\n<h3 style=\"text-align: center;\"><span style=\"color: #ff9900;\"><b>93 655 31 70<\/b><\/span><\/h3>\n<h4><\/h4>","protected":false},"excerpt":{"rendered":"<p>Abogados de accidente de tr\u00e1fico en Barcelona PALLARES ADVOCATS CUENTA CON UN EQUIPO EXPERTO DE ABOGADOS DE ACCIDENTE DE TRAFICO EN BARCELONA Y PROVINCIA En PALLARES ADVOCATS estamos convencidos que si usted busca un abogado porque ha sufrido un accidente de tr\u00e1fico, podemos ser sus Abogados de accidente de tr\u00e1fico en Barcelona. Nuestros despachos est\u00e1n [&hellip;]<\/p>","protected":false},"author":1,"featured_media":1991,"parent":0,"menu_order":0,"comment_status":"closed","ping_status":"closed","template":"","meta":{"footnotes":""},"class_list":["post-719","page","type-page","status-publish","has-post-thumbnail","czr-hentry"],"yoast_head":"<!-- This site is optimized with the Yoast SEO plugin v26.0 - https:\/\/yoast.com\/wordpress\/plugins\/seo\/ -->\n<title>Abogados de accidente de tr\u00e1fico en Barcelona<\/title>\n<meta name=\"description\" content=\"Sus abogados de accidente de tr\u00e1fico en Barcelona, estamos altamente especializados. \u00a1Solo cobramos si usted cobra, m\u00e1xima indemnizaci\u00f3n!\" \/>\n<meta name=\"robots\" content=\"index, follow, max-snippet:-1, max-image-preview:large, max-video-preview:-1\" \/>\n<link rel=\"canonical\" href=\"https:\/\/www.reclamaraccidentetrafico.es\/cat\/abogados-accidente-trafico-barcelona\/\" \/>\n<meta property=\"og:locale\" content=\"ca_ES\" \/>\n<meta property=\"og:type\" content=\"article\" \/>\n<meta property=\"og:title\" content=\"Abogados de accidente de tr\u00e1fico en Barcelona\" \/>\n<meta property=\"og:description\" content=\"Sus abogados de accidente de tr\u00e1fico en Barcelona, estamos altamente especializados. \u00a1Solo cobramos si usted cobra, m\u00e1xima indemnizaci\u00f3n!\" \/>\n<meta property=\"og:url\" content=\"https:\/\/www.reclamaraccidentetrafico.es\/cat\/abogados-accidente-trafico-barcelona\/\" \/>\n<meta property=\"og:site_name\" content=\"ABOGADOS DE ACCIDENTES DE TRAFICO\" \/>\n<meta property=\"article:publisher\" content=\"https:\/\/www.facebook.com\/Pallares.Advocat\" \/>\n<meta property=\"article:modified_time\" content=\"2023-05-14T15:42:18+00:00\" \/>\n<meta property=\"og:image\" content=\"https:\/\/www.reclamaraccidentetrafico.es\/wp-content\/uploads\/2023\/04\/Barcelona.jpg\" \/>\n\t<meta property=\"og:image:width\" content=\"1280\" \/>\n\t<meta property=\"og:image:height\" content=\"500\" \/>\n\t<meta property=\"og:image:type\" content=\"image\/jpeg\" \/>\n<meta name=\"twitter:card\" content=\"summary_large_image\" \/>\n<meta name=\"twitter:site\" content=\"@pallaresadvocats\" \/>\n<meta name=\"twitter:label1\" content=\"Temps estimat de lectura\" \/>\n\t<meta name=\"twitter:data1\" content=\"6 minuts\" \/>\n<script type=\"application\/ld+json\" class=\"yoast-schema-graph\">{\"@context\":\"https:\/\/schema.org\",\"@graph\":[{\"@type\":\"WebPage\",\"@id\":\"https:\/\/www.reclamaraccidentetrafico.es\/abogados-accidente-trafico-barcelona\/\",\"url\":\"https:\/\/www.reclamaraccidentetrafico.es\/abogados-accidente-trafico-barcelona\/\",\"name\":\"Abogados de accidente de tr\u00e1fico en Barcelona\",\"isPartOf\":{\"@id\":\"https:\/\/www.reclamaraccidentetrafico.es\/#website\"},\"primaryImageOfPage\":{\"@id\":\"https:\/\/www.reclamaraccidentetrafico.es\/abogados-accidente-trafico-barcelona\/#primaryimage\"},\"image\":{\"@id\":\"https:\/\/www.reclamaraccidentetrafico.es\/abogados-accidente-trafico-barcelona\/#primaryimage\"},\"thumbnailUrl\":\"https:\/\/www.reclamaraccidentetrafico.es\/wp-content\/uploads\/2023\/04\/Barcelona.jpg\",\"datePublished\":\"2020-04-15T16:16:43+00:00\",\"dateModified\":\"2023-05-14T15:42:18+00:00\",\"description\":\"Sus abogados de accidente de tr\u00e1fico en Barcelona, estamos altamente especializados. \u00a1Solo cobramos si usted cobra, m\u00e1xima indemnizaci\u00f3n!\",\"breadcrumb\":{\"@id\":\"https:\/\/www.reclamaraccidentetrafico.es\/abogados-accidente-trafico-barcelona\/#breadcrumb\"},\"inLanguage\":\"ca\",\"potentialAction\":[{\"@type\":\"ReadAction\",\"target\":[\"https:\/\/www.reclamaraccidentetrafico.es\/abogados-accidente-trafico-barcelona\/\"]}]},{\"@type\":\"ImageObject\",\"inLanguage\":\"ca\",\"@id\":\"https:\/\/www.reclamaraccidentetrafico.es\/abogados-accidente-trafico-barcelona\/#primaryimage\",\"url\":\"https:\/\/www.reclamaraccidentetrafico.es\/wp-content\/uploads\/2023\/04\/Barcelona.jpg\",\"contentUrl\":\"https:\/\/www.reclamaraccidentetrafico.es\/wp-content\/uploads\/2023\/04\/Barcelona.jpg\",\"width\":1280,\"height\":500},{\"@type\":\"BreadcrumbList\",\"@id\":\"https:\/\/www.reclamaraccidentetrafico.es\/abogados-accidente-trafico-barcelona\/#breadcrumb\",\"itemListElement\":[{\"@type\":\"ListItem\",\"position\":1,\"name\":\"Portada\",\"item\":\"https:\/\/www.reclamaraccidentetrafico.es\/\"},{\"@type\":\"ListItem\",\"position\":2,\"name\":\"BARCELONA\"}]},{\"@type\":\"WebSite\",\"@id\":\"https:\/\/www.reclamaraccidentetrafico.es\/#website\",\"url\":\"https:\/\/www.reclamaraccidentetrafico.es\/\",\"name\":\"ABOGADOS DE ACCIDENTES DE TRAFICO\",\"description\":\"ABOGADOS EXPERTOS EN RECLAMAR ACCIDENTES DE TRAFICO\",\"publisher\":{\"@id\":\"https:\/\/www.reclamaraccidentetrafico.es\/#organization\"},\"potentialAction\":[{\"@type\":\"SearchAction\",\"target\":{\"@type\":\"EntryPoint\",\"urlTemplate\":\"https:\/\/www.reclamaraccidentetrafico.es\/?s={search_term_string}\"},\"query-input\":{\"@type\":\"PropertyValueSpecification\",\"valueRequired\":true,\"valueName\":\"search_term_string\"}}],\"inLanguage\":\"ca\"},{\"@type\":\"Organization\",\"@id\":\"https:\/\/www.reclamaraccidentetrafico.es\/#organization\",\"name\":\"PALLAR\u00c8S ADVOCATS\",\"alternateName\":\"Pallar\u00e8s\",\"url\":\"https:\/\/www.reclamaraccidentetrafico.es\/\",\"logo\":{\"@type\":\"ImageObject\",\"inLanguage\":\"ca\",\"@id\":\"https:\/\/www.reclamaraccidentetrafico.es\/#\/schema\/logo\/image\/\",\"url\":\"https:\/\/www.reclamaraccidentetrafico.es\/wp-content\/uploads\/2023\/04\/pallares-blanc.png\",\"contentUrl\":\"https:\/\/www.reclamaraccidentetrafico.es\/wp-content\/uploads\/2023\/04\/pallares-blanc.png\",\"width\":305,\"height\":412,\"caption\":\"PALLAR\u00c8S ADVOCATS\"},\"image\":{\"@id\":\"https:\/\/www.reclamaraccidentetrafico.es\/#\/schema\/logo\/image\/\"},\"sameAs\":[\"https:\/\/www.facebook.com\/Pallares.Advocat\",\"https:\/\/x.com\/pallaresadvocats\",\"https:\/\/instagram.com\/pallares_advocats?igshid=NTc4MTIwNjQ2YQ==\"]}]}<\/script>\n<!-- \/ Yoast SEO plugin. -->","yoast_head_json":{"title":"Advocats d'accidents de tr\u00e0nsit a Barcelona","description":"Sus abogados de accidente de tr\u00e1fico en Barcelona, estamos altamente especializados. \u00a1Solo cobramos si usted cobra, m\u00e1xima indemnizaci\u00f3n!","robots":{"index":"index","follow":"follow","max-snippet":"max-snippet:-1","max-image-preview":"max-image-preview:large","max-video-preview":"max-video-preview:-1"},"canonical":"https:\/\/www.reclamaraccidentetrafico.es\/cat\/abogados-accidente-trafico-barcelona\/","og_locale":"ca_ES","og_type":"article","og_title":"Abogados de accidente de tr\u00e1fico en Barcelona","og_description":"Sus abogados de accidente de tr\u00e1fico en Barcelona, estamos altamente especializados. \u00a1Solo cobramos si usted cobra, m\u00e1xima indemnizaci\u00f3n!","og_url":"https:\/\/www.reclamaraccidentetrafico.es\/cat\/abogados-accidente-trafico-barcelona\/","og_site_name":"ABOGADOS DE ACCIDENTES DE TRAFICO","article_publisher":"https:\/\/www.facebook.com\/Pallares.Advocat","article_modified_time":"2023-05-14T15:42:18+00:00","og_image":[{"width":1280,"height":500,"url":"https:\/\/www.reclamaraccidentetrafico.es\/wp-content\/uploads\/2023\/04\/Barcelona.jpg","type":"image\/jpeg"}],"twitter_card":"summary_large_image","twitter_site":"@pallaresadvocats","twitter_misc":{"Temps estimat de lectura":"6 minuts"},"schema":{"@context":"https:\/\/schema.org","@graph":[{"@type":"WebPage","@id":"https:\/\/www.reclamaraccidentetrafico.es\/abogados-accidente-trafico-barcelona\/","url":"https:\/\/www.reclamaraccidentetrafico.es\/abogados-accidente-trafico-barcelona\/","name":"Advocats d'accidents de tr\u00e0nsit a Barcelona","isPartOf":{"@id":"https:\/\/www.reclamaraccidentetrafico.es\/#website"},"primaryImageOfPage":{"@id":"https:\/\/www.reclamaraccidentetrafico.es\/abogados-accidente-trafico-barcelona\/#primaryimage"},"image":{"@id":"https:\/\/www.reclamaraccidentetrafico.es\/abogados-accidente-trafico-barcelona\/#primaryimage"},"thumbnailUrl":"https:\/\/www.reclamaraccidentetrafico.es\/wp-content\/uploads\/2023\/04\/Barcelona.jpg","datePublished":"2020-04-15T16:16:43+00:00","dateModified":"2023-05-14T15:42:18+00:00","description":"Sus abogados de accidente de tr\u00e1fico en Barcelona, estamos altamente especializados. \u00a1Solo cobramos si usted cobra, m\u00e1xima indemnizaci\u00f3n!","breadcrumb":{"@id":"https:\/\/www.reclamaraccidentetrafico.es\/abogados-accidente-trafico-barcelona\/#breadcrumb"},"inLanguage":"ca","potentialAction":[{"@type":"ReadAction","target":["https:\/\/www.reclamaraccidentetrafico.es\/abogados-accidente-trafico-barcelona\/"]}]},{"@type":"ImageObject","inLanguage":"ca","@id":"https:\/\/www.reclamaraccidentetrafico.es\/abogados-accidente-trafico-barcelona\/#primaryimage","url":"https:\/\/www.reclamaraccidentetrafico.es\/wp-content\/uploads\/2023\/04\/Barcelona.jpg","contentUrl":"https:\/\/www.reclamaraccidentetrafico.es\/wp-content\/uploads\/2023\/04\/Barcelona.jpg","width":1280,"height":500},{"@type":"BreadcrumbList","@id":"https:\/\/www.reclamaraccidentetrafico.es\/abogados-accidente-trafico-barcelona\/#breadcrumb","itemListElement":[{"@type":"ListItem","position":1,"name":"Portada","item":"https:\/\/www.reclamaraccidentetrafico.es\/"},{"@type":"ListItem","position":2,"name":"BARCELONA"}]},{"@type":"WebSite","@id":"https:\/\/www.reclamaraccidentetrafico.es\/#website","url":"https:\/\/www.reclamaraccidentetrafico.es\/","name":"ACCIDENT ADVOCATS DE TR\u00c0NSIT","description":"ADVOCATS ESPERTS EN RECLAMACI\u00d3 PER ACCIDENTS DE TR\u00c0NSIT","publisher":{"@id":"https:\/\/www.reclamaraccidentetrafico.es\/#organization"},"potentialAction":[{"@type":"SearchAction","target":{"@type":"EntryPoint","urlTemplate":"https:\/\/www.reclamaraccidentetrafico.es\/?s={search_term_string}"},"query-input":{"@type":"PropertyValueSpecification","valueRequired":true,"valueName":"search_term_string"}}],"inLanguage":"ca"},{"@type":"Organization","@id":"https:\/\/www.reclamaraccidentetrafico.es\/#organization","name":"PALLAR\u00c8S ADVOCATS","alternateName":"Pallar\u00e8s","url":"https:\/\/www.reclamaraccidentetrafico.es\/","logo":{"@type":"ImageObject","inLanguage":"ca","@id":"https:\/\/www.reclamaraccidentetrafico.es\/#\/schema\/logo\/image\/","url":"https:\/\/www.reclamaraccidentetrafico.es\/wp-content\/uploads\/2023\/04\/pallares-blanc.png","contentUrl":"https:\/\/www.reclamaraccidentetrafico.es\/wp-content\/uploads\/2023\/04\/pallares-blanc.png","width":305,"height":412,"caption":"PALLAR\u00c8S ADVOCATS"},"image":{"@id":"https:\/\/www.reclamaraccidentetrafico.es\/#\/schema\/logo\/image\/"},"sameAs":["https:\/\/www.facebook.com\/Pallares.Advocat","https:\/\/x.com\/pallaresadvocats","https:\/\/instagram.com\/pallares_advocats?igshid=NTc4MTIwNjQ2YQ=="]}]}},"_links":{"self":[{"href":"https:\/\/www.reclamaraccidentetrafico.es\/cat\/wp-json\/wp\/v2\/pages\/719","targetHints":{"allow":["GET"]}}],"collection":[{"href":"https:\/\/www.reclamaraccidentetrafico.es\/cat\/wp-json\/wp\/v2\/pages"}],"about":[{"href":"https:\/\/www.reclamaraccidentetrafico.es\/cat\/wp-json\/wp\/v2\/types\/page"}],"author":[{"embeddable":true,"href":"https:\/\/www.reclamaraccidentetrafico.es\/cat\/wp-json\/wp\/v2\/users\/1"}],"replies":[{"embeddable":true,"href":"https:\/\/www.reclamaraccidentetrafico.es\/cat\/wp-json\/wp\/v2\/comments?post=719"}],"version-history":[{"count":15,"href":"https:\/\/www.reclamaraccidentetrafico.es\/cat\/wp-json\/wp\/v2\/pages\/719\/revisions"}],"predecessor-version":[{"id":2222,"href":"https:\/\/www.reclamaraccidentetrafico.es\/cat\/wp-json\/wp\/v2\/pages\/719\/revisions\/2222"}],"wp:featuredmedia":[{"embeddable":true,"href":"https:\/\/www.reclamaraccidentetrafico.es\/cat\/wp-json\/wp\/v2\/media\/1991"}],"wp:attachment":[{"href":"https:\/\/www.reclamaraccidentetrafico.es\/cat\/wp-json\/wp\/v2\/media?parent=719"}],"curies":[{"name":"wp","href":"https:\/\/api.w.org\/{rel}","templated":true}]}}