{"id":723,"date":"2020-04-15T16:32:55","date_gmt":"2020-04-15T16:32:55","guid":{"rendered":"http:\/\/www.abogadonegligenciamedica.eu\/?page_id=723"},"modified":"2023-08-30T17:01:12","modified_gmt":"2023-08-30T17:01:12","slug":"abogados-accidente-trafico-lleida","status":"publish","type":"page","link":"https:\/\/www.reclamaraccidentetrafico.es\/cat\/abogados-accidente-trafico-lleida\/","title":{"rendered":"LLEIDA"},"content":{"rendered":"<h1 style=\"text-align: center;\">ADVOCATS EXPERTS EN ACCIDENTS DE TR\u00c0NSIT A LLEIDA<\/h1>\n<h2 style=\"text-align: center;\"><span style=\"color: #ff9900;\">NOM\u00c9S COBRAREM SI VOST\u00c9 COBRA <\/span><\/h2>\n<h2 style=\"text-align: center;\">VOLEM SER EL SEU ADVOCAT EXPERTS EN ACCIDENTS DE TR\u00c0NSIT A LLEIDA.<\/h2>\n<h2 style=\"text-align: center;\"><span style=\"color: #ff9900;\">CONTACTE<\/span><\/h2>\n<figure id=\"attachment_1841\" aria-describedby=\"caption-attachment-1841\" style=\"width: 222px\" class=\"wp-caption alignright\"><img fetchpriority=\"high\" decoding=\"async\" class=\"size-medium wp-image-1841\" src=\"http:\/\/www.reclamaraccidentetrafico.es\/wp-content\/uploads\/2023\/04\/pallares-blanc-222x300.png\" alt=\"\" width=\"222\" height=\"300\" srcset=\"https:\/\/www.reclamaraccidentetrafico.es\/wp-content\/uploads\/2023\/04\/pallares-blanc-222x300.png 222w, https:\/\/www.reclamaraccidentetrafico.es\/wp-content\/uploads\/2023\/04\/pallares-blanc.png 305w\" sizes=\"(max-width: 222px) 100vw, 222px\" \/><figcaption id=\"caption-attachment-1841\" class=\"wp-caption-text\">Advocats accident de cotxe Lleida<\/figcaption><\/figure>\n<p><strong>En <a href=\"http:\/\/www.pallaresadvocats.com\">PALLAR\u00c8S ADVOCATS<\/a> estem conven\u00e7uts que si es busqui un advocat perqu\u00e8 ell ha patit un accident de tr\u00e0nsit, podem ser els seus advocats, experts en accidents de tr\u00e0nsit a Lleida.<\/strong><\/p>\n<p><strong>Els nostres <a title=\"CONTACTE\" href=\"http:\/\/www.reclamaraccidentetrafico.es\/cat\/contactenos\/\">DESPATXOS<\/a> s\u00f3n a Barcelona, per\u00f2 actualment, la tecnologia permet que les dist\u00e0ncies no s\u00f3n un problema. Tenim no nom\u00e9s del tel\u00e8fon, es poden tenir a l&#039;audioconfer\u00e8ncia de v\u00eddeo per dur a terme visites\/entrevistes virtuals.<\/strong><\/p>\n<p><strong>Visites cara a cara, ja no s\u00f3n essencials, la possibilitat de converses telef\u00f2niques, uneix-te avui mateix, la possibilitat de fer trucades de v\u00eddeo a trav\u00e9s de les aplicacions i programes lliures que s\u00f3n molt f\u00e0cils d&#039;utilitzar.<\/strong><\/p>\n<p><strong>Aquest v\u00eddeo confer\u00e8ncia ens permeten no nom\u00e9s obtenir la cara (a alguna cosa essencial en una relaci\u00f3 basada en la confian\u00e7a com \u00e9s l&#039;advocat-client), per\u00f2 que va a permetre recollir tots els detalls de la visita, cara a cara, a manera d&#039;exemple:<\/strong><\/p>\n<ul>\n<li><strong>La espec\u00edfiques dia i hora per a la visita virtual a trav\u00e9s de videoconfer\u00e8ncia<\/strong><\/li>\n<li><strong>Per ser una visita concertada, no va patir els riscos d&#039;una trucada sorpresa (impossibilitat de tracte, la improvisaci\u00f3, la impossibilitat d&#039;accedir a aquest moment a la informaci\u00f3...etc)<\/strong><\/li>\n<li><strong>La visita virtual permet compartir la pantalla de l&#039;ordinador, que ens permet mostrar al client la documentaci\u00f3 que volem comentari<\/strong><\/li>\n<\/ul>\n<p><strong>Evidentment, si aquest \u00e9s el cas, anem a passar a on \u00e9s necessari, ja que si vost\u00e8 est\u00e0 buscant un advocat perqu\u00e8 ell ha patit un accident de tr\u00e0nsit, podem actuar en tot el territori nacional.<\/strong><\/p>\n<p><strong>Quant a la documentaci\u00f3, a dir que sempre treballem amb documents escanejats en format PDF, per a que el client sempre tenir en la seva possessi\u00f3 a l&#039;original, perqu\u00e8 sabem que el gran valor d&#039;aquests documents.<\/strong><\/p>\n<p><strong>I, en qualsevol cas, per a aquells dels nostres clients que no tenen la possibilitat de escanejar la documentaci\u00f3 en la seva casa, a la feina o en una botiga, sempre va a poder enviar per correu o missatgeria, de manera que ens analitzar\u00e0 i ser\u00e0 retornat al client resid\u00e8ncia si ho precisa.<\/strong><\/p>\n<p><strong>\u00c9s per aquest motiu que diem que si vost\u00e8 busca un advocat perqu\u00e8 ell ha patit un accident de tr\u00e0fic, podem ser els seus advocats, experts en accidents de tr\u00e0nsit a LLeida i el seu partit judicial, de tal manera que<\/strong><\/p>\n<ol>\n<li><strong>Si vost\u00e8 est\u00e0 buscant un advocat perqu\u00e8 ell ha patit un accident de tr\u00e0fic, podem ser els seus advocats, experts en accidents de tr\u00e0nsit de Tremp<\/strong><\/li>\n<li><strong>Si vost\u00e8 est\u00e0 buscant un advocat perqu\u00e8 ell ha patit un accident de tr\u00e0fic, podem ser els seus advocats, experts en accidents de tr\u00e0nsit a Balaguer<\/strong><\/li>\n<li><strong>Si vost\u00e8 est\u00e0 buscant un advocat perqu\u00e8 ell ha patit un accident de tr\u00e0fic, podem ser els seus advocats, experts en accidents de tr\u00e0nsit a Cervera<\/strong><\/li>\n<li><strong>Si vost\u00e8 est\u00e0 buscant un advocat perqu\u00e8 ell ha patit un accident de tr\u00e0fic, podem ser els seus advocats, experts en accidents de tr\u00e0nsit a La Seu d&#039;urgell.<\/strong><\/li>\n<li><strong>Si vost\u00e8 est\u00e0 buscant un advocat perqu\u00e8 ell ha patit un accident de tr\u00e0fic, podem ser els seus advocats, experts en accidents de tr\u00e0nsit en Vielha e Mijaran<\/strong><\/li>\n<li><strong>Si vost\u00e8 est\u00e0 buscant un advocat perqu\u00e8 ell ha patit un accident de tr\u00e0fic, podem ser els seus advocats, experts en accidents de tr\u00e0nsit a Solsona<\/strong><\/li>\n<\/ol>\n<h4 style=\"text-align: center;\"><span style=\"color: #ff9900;\"><strong>NO HO DUBTI: CONTACTI AMB NOSALTRES<\/strong><\/span><\/h4>\n<figure id=\"attachment_1841\" aria-describedby=\"caption-attachment-1841\" style=\"width: 222px\" class=\"wp-caption aligncenter\"><img fetchpriority=\"high\" decoding=\"async\" class=\"size-medium wp-image-1841\" src=\"http:\/\/www.reclamaraccidentetrafico.es\/wp-content\/uploads\/2023\/04\/pallares-blanc-222x300.png\" alt=\"\" width=\"222\" height=\"300\" srcset=\"https:\/\/www.reclamaraccidentetrafico.es\/wp-content\/uploads\/2023\/04\/pallares-blanc-222x300.png 222w, https:\/\/www.reclamaraccidentetrafico.es\/wp-content\/uploads\/2023\/04\/pallares-blanc.png 305w\" sizes=\"(max-width: 222px) 100vw, 222px\" \/><figcaption id=\"caption-attachment-1841\" class=\"wp-caption-text\">Advocats accident de cotxe Lleida<\/figcaption><\/figure>\n<h2 style=\"text-align: center;\"><u>SOM ADVOCATS  EXPERTS EN ACCIDENTS DE TR\u00c0NSIT<\/u><\/h2>\n<h2 style=\"text-align: center;\"><span style=\"color: #ff9900;\"><u><b>CONSULTA INICIAL GRATU\u00cfTA<\/b><\/u><\/span><br \/>\n<b>\u00a0<\/b><a href=\"mailto:info@pallaresadvocats.com\"><b>info@pallaresadvocats.com<\/b><\/a><\/h2>\n<h2 style=\"text-align: center;\"><span style=\"color: #ff9900;\"><b>93 655 31 70<\/b><\/span><\/h2>\n<h4><\/h4>\n<h4 style=\"text-align: center;\">&#8212;&#8212;&#8212;&#8212;&#8212;&#8212;&#8212;-<\/h4>\n<h4>A <a href=\"http:\/\/www.pallaresadvocats.com\">PALLAR\u00c8S ADVOCATS<\/a>, estem conven\u00e7uts que si vost\u00e8 busca un advocat perqu\u00e8 ha sofert un accident de tr\u00e0nsit, pot ser els seus advocats experts en accidents de tr\u00e0nsit a Lleida<\/h4>\n<h4>Els nostres <a title=\"&quot;despatxos&lt;\/a\"> s\u00f3n de Barcelona, per\u00f2 actualment, la tecnologia permet dist\u00e0ncies no no siguin un problema. Disposem no sols en el tel\u00e8fon, pot comptar amb les videoconfer\u00e8ncies per a realitzar la visita\/entrevistes virtuals.<\/a><\/h4>\n<h4>Les visites presencials no s\u00f3n ja imprescindibles doncs a la possibilitat d&#039;ells xerrant telef\u00f2niques, s uneixen avui la possibilitat de realitzar videoconfer\u00e8ncies a trav\u00e9s d&#039;aplicacions i programes gratu\u00efts i molt f\u00e0cils d&#039;utilitzar.<\/h4>\n<h4>Aquesta videoconfer\u00e8ncia ens permetr\u00e0 no sols plantejar-li la cara (una cosa essencial en una relaci\u00f3 basada en la confian\u00e7a com ho \u00e9s la d&#039;advocat-client), per\u00f2 permetr\u00e0 recollir tots els detalls d&#039;una cara visita, a tall d&#039;exemple:<\/h4>\n<h4>\u00b7 Es tracta d&#039;un formig\u00f3 un dia i una hora per visita virtual mitjan\u00e7ant videoconfer\u00e8ncia.<\/h4>\n<h4>\u00b7 L&#039;\u00e9sser una visita concertada, no patir\u00e0 dels riscos d&#039;un cangrees feta per sorpresa (impossibilitat d&#039;atendre-la improvisaci\u00f3, impossibilitat d&#039;accedir en aquests moments a la informaci\u00f3...etc)<\/h4>\n<h4>\u00b7 La visita virtual permet compartir la pantalla de l&#039;coordinaci\u00f3, la qual cosa ens permetr\u00e0 mostrar el client els documents que vulguem comentari.<\/h4>\n<h4>Evidentment, arribat el cas, ens despla\u00e7arem a la seg\u00fcent necessari, ja que si vost\u00e8 busca un advocat perqu\u00e8 ha sofert un accident de tr\u00e0nsit, pot actuar en tot el territori nacional.<\/h4>\n<h4>Respecte a la documentaci\u00f3, dir-li treballem sempre amb documentaci\u00f3 escanejada, en format PDF, perqu\u00e8 el client conservi sempre en el seu poder els originals ja que sabem el gran valor a aquests documents.<\/h4>\n<h4>I en tot cas, per a aquells dels nostres clients que no a la possibilitat d&#039;escanejar la documentaci\u00f3 de la seva casa, a la feina o en una copisteria, sempre ens pot remetre per correu o missatgeria, de tal manera que ens l&#039;escanejarem i retornarem el domicili del client si aix\u00ed ens ho precisa.<\/h4>\n<h4>\u00c9s per tot aix\u00f2 que afirmem que si vost\u00e8 busca un advocat perqu\u00e8 ha sofert un accident de tr\u00e0nsit, pot ser els seus advocats experts en accidents de tr\u00e0nsit a Lleida i els seus partits judicials, de tal manera que:<\/h4>\n<h4>\u00b7 Si vost\u00e8 busca un advocat perqu\u00e8 ha sofert un accident de tr\u00e0nsit, pot ser els seus advocats experts en accidents de tr\u00e0nsit a Tremp.<\/h4>\n<h4>\u00b7 Si vost\u00e8 busca un advocat perqu\u00e8 ha sofert un accident de tr\u00e0nsit, pot ser els seus advocats experts en accidents de tr\u00e0nsit a Balaguer.<\/h4>\n<h4>\u00b7 Si vost\u00e8 busca un advocat perqu\u00e8 ha sofert un accident de tr\u00e0nsit, pot ser els seus advocats experts en accidents de tr\u00e0nsit a Cervera.<\/h4>\n<h4>\u00b7 Si vost\u00e8 busca un advocat perqu\u00e8 ha sofert un accident de tr\u00e0nsit, pot ser els seus advocats experts en accidents de tr\u00e0nsit a Lleida.<\/h4>\n<h4>\u00b7 Si vost\u00e8 busca un advocat perqu\u00e8 ha sofert un accident de tr\u00e0nsit, pot ser els seus advocats experts en accidents de tr\u00e0nsit a La Seu d&#039;urgell.<\/h4>\n<h4>\u00b7 Si vost\u00e8 busca un advocat perqu\u00e8 ha sofert un accident de tr\u00e0nsit, pot ser els seus advocats experts en accidents de tr\u00e0nsit a Vielha e Mijaran.<\/h4>\n<h4>\u00b7 Si vost\u00e8 busca un advocat perqu\u00e8 ha sofert un accident de tr\u00e0nsit, pot ser els seus advocats experts en accidents de tr\u00e0nsit a Solsona.<\/h4>\n<h4 style=\"text-align: justify;\"><\/h4>\n<h2 style=\"text-align: center;\"><u>SOM ADVOCATS DE VICTIMES D&#039;ACCIDENTS DE TR\u00c0NSIT<\/u><\/h2>\n<h2 style=\"text-align: center;\"><span style=\"color: #ff9900;\"><u><b>PRIMERA CONSULTA GRATU\u00cfTA I SENSE COMPROM\u00cdS<\/b><\/u><\/span><br \/>\n<b>\u00a0<\/b><a href=\"mailto:info@pallaresadvocats.com\"><b>info@pallaresadvocats.com<\/b><\/a><\/h2>\n<h2 style=\"text-align: center;\"><span style=\"color: #ff9900;\"><b>93 655 31 70<\/b><\/span><\/h2>\n<h2 style=\"text-align: center;\"><span style=\"color: #ff9900;\"><strong>NO HO DUBTI, POSI'S EN CONTACTE AMB NOSALTRES<\/strong><\/span><\/h2>","protected":false},"excerpt":{"rendered":"<p>ABOGADOS EXPERTOS EN ACCIDENTES DE TRAFICO EN LLEIDA SOLO COBRAREMOS CUANDO UD. COBRE. QUEREMOS SER SUS ABOGADOS EXPERTOS EN ACCIDENTES DE TRAFICO EN LLEIDA. CONT\u00c1CTENOS En PALLARES ADVOCATS estamos convencidos que si usted busca un abogado porque ha sufrido un accidente de tr\u00e1fico, podemos ser sus abogados expertos en accidentes de tr\u00e1fico en Lleida. Nuestros [&hellip;]<\/p>","protected":false},"author":1,"featured_media":1995,"parent":0,"menu_order":0,"comment_status":"closed","ping_status":"closed","template":"","meta":{"footnotes":""},"class_list":["post-723","page","type-page","status-publish","has-post-thumbnail","czr-hentry"],"yoast_head":"<!-- This site is optimized with the Yoast SEO plugin v26.0 - https:\/\/yoast.com\/wordpress\/plugins\/seo\/ -->\n<title>Abogados accidente tr\u00e1fico Lleida<\/title>\n<meta name=\"description\" content=\"PALLARES ADVOCATS. Contacte con abogados expertos si ha sufrido un accidente de tr\u00e1fico en Lleida. 936 551 730-info@pallaresadvocats.com\" \/>\n<meta name=\"robots\" content=\"index, follow, max-snippet:-1, max-image-preview:large, max-video-preview:-1\" \/>\n<link rel=\"canonical\" href=\"https:\/\/www.reclamaraccidentetrafico.es\/cat\/abogados-accidente-trafico-lleida\/\" \/>\n<meta property=\"og:locale\" content=\"ca_ES\" \/>\n<meta property=\"og:type\" content=\"article\" \/>\n<meta property=\"og:title\" content=\"Abogados accidente tr\u00e1fico Lleida\" \/>\n<meta property=\"og:description\" content=\"PALLARES ADVOCATS. Contacte con abogados expertos si ha sufrido un accidente de tr\u00e1fico en Lleida. 936 551 730-info@pallaresadvocats.com\" \/>\n<meta property=\"og:url\" content=\"https:\/\/www.reclamaraccidentetrafico.es\/cat\/abogados-accidente-trafico-lleida\/\" \/>\n<meta property=\"og:site_name\" content=\"ABOGADOS DE ACCIDENTES DE TRAFICO\" \/>\n<meta property=\"article:publisher\" content=\"https:\/\/www.facebook.com\/Pallares.Advocat\" \/>\n<meta property=\"article:modified_time\" content=\"2023-08-30T17:01:12+00:00\" \/>\n<meta property=\"og:image\" content=\"https:\/\/www.reclamaraccidentetrafico.es\/wp-content\/uploads\/2023\/04\/Lleida-1.jpg\" \/>\n\t<meta property=\"og:image:width\" content=\"1280\" \/>\n\t<meta property=\"og:image:height\" content=\"469\" \/>\n\t<meta property=\"og:image:type\" content=\"image\/jpeg\" \/>\n<meta name=\"twitter:card\" content=\"summary_large_image\" \/>\n<meta name=\"twitter:site\" content=\"@pallaresadvocats\" \/>\n<meta name=\"twitter:label1\" content=\"Temps estimat de lectura\" \/>\n\t<meta name=\"twitter:data1\" content=\"6 minuts\" \/>\n<script type=\"application\/ld+json\" class=\"yoast-schema-graph\">{\"@context\":\"https:\/\/schema.org\",\"@graph\":[{\"@type\":\"WebPage\",\"@id\":\"https:\/\/www.reclamaraccidentetrafico.es\/abogados-accidente-trafico-lleida\/\",\"url\":\"https:\/\/www.reclamaraccidentetrafico.es\/abogados-accidente-trafico-lleida\/\",\"name\":\"Abogados accidente tr\u00e1fico Lleida\",\"isPartOf\":{\"@id\":\"https:\/\/www.reclamaraccidentetrafico.es\/#website\"},\"primaryImageOfPage\":{\"@id\":\"https:\/\/www.reclamaraccidentetrafico.es\/abogados-accidente-trafico-lleida\/#primaryimage\"},\"image\":{\"@id\":\"https:\/\/www.reclamaraccidentetrafico.es\/abogados-accidente-trafico-lleida\/#primaryimage\"},\"thumbnailUrl\":\"https:\/\/www.reclamaraccidentetrafico.es\/wp-content\/uploads\/2023\/04\/Lleida-1.jpg\",\"datePublished\":\"2020-04-15T16:32:55+00:00\",\"dateModified\":\"2023-08-30T17:01:12+00:00\",\"description\":\"PALLARES ADVOCATS. Contacte con abogados expertos si ha sufrido un accidente de tr\u00e1fico en Lleida. 936 551 730-info@pallaresadvocats.com\",\"breadcrumb\":{\"@id\":\"https:\/\/www.reclamaraccidentetrafico.es\/abogados-accidente-trafico-lleida\/#breadcrumb\"},\"inLanguage\":\"ca\",\"potentialAction\":[{\"@type\":\"ReadAction\",\"target\":[\"https:\/\/www.reclamaraccidentetrafico.es\/abogados-accidente-trafico-lleida\/\"]}]},{\"@type\":\"ImageObject\",\"inLanguage\":\"ca\",\"@id\":\"https:\/\/www.reclamaraccidentetrafico.es\/abogados-accidente-trafico-lleida\/#primaryimage\",\"url\":\"https:\/\/www.reclamaraccidentetrafico.es\/wp-content\/uploads\/2023\/04\/Lleida-1.jpg\",\"contentUrl\":\"https:\/\/www.reclamaraccidentetrafico.es\/wp-content\/uploads\/2023\/04\/Lleida-1.jpg\",\"width\":1280,\"height\":469,\"caption\":\"Abogados-accidente-tr\u00e1fico-Lleida\"},{\"@type\":\"BreadcrumbList\",\"@id\":\"https:\/\/www.reclamaraccidentetrafico.es\/abogados-accidente-trafico-lleida\/#breadcrumb\",\"itemListElement\":[{\"@type\":\"ListItem\",\"position\":1,\"name\":\"Portada\",\"item\":\"https:\/\/www.reclamaraccidentetrafico.es\/\"},{\"@type\":\"ListItem\",\"position\":2,\"name\":\"LLEIDA\"}]},{\"@type\":\"WebSite\",\"@id\":\"https:\/\/www.reclamaraccidentetrafico.es\/#website\",\"url\":\"https:\/\/www.reclamaraccidentetrafico.es\/\",\"name\":\"ABOGADOS DE ACCIDENTES DE TRAFICO\",\"description\":\"ABOGADOS EXPERTOS EN RECLAMAR ACCIDENTES DE TRAFICO\",\"publisher\":{\"@id\":\"https:\/\/www.reclamaraccidentetrafico.es\/#organization\"},\"potentialAction\":[{\"@type\":\"SearchAction\",\"target\":{\"@type\":\"EntryPoint\",\"urlTemplate\":\"https:\/\/www.reclamaraccidentetrafico.es\/?s={search_term_string}\"},\"query-input\":{\"@type\":\"PropertyValueSpecification\",\"valueRequired\":true,\"valueName\":\"search_term_string\"}}],\"inLanguage\":\"ca\"},{\"@type\":\"Organization\",\"@id\":\"https:\/\/www.reclamaraccidentetrafico.es\/#organization\",\"name\":\"PALLAR\u00c8S ADVOCATS\",\"alternateName\":\"Pallar\u00e8s\",\"url\":\"https:\/\/www.reclamaraccidentetrafico.es\/\",\"logo\":{\"@type\":\"ImageObject\",\"inLanguage\":\"ca\",\"@id\":\"https:\/\/www.reclamaraccidentetrafico.es\/#\/schema\/logo\/image\/\",\"url\":\"https:\/\/www.reclamaraccidentetrafico.es\/wp-content\/uploads\/2023\/04\/pallares-blanc.png\",\"contentUrl\":\"https:\/\/www.reclamaraccidentetrafico.es\/wp-content\/uploads\/2023\/04\/pallares-blanc.png\",\"width\":305,\"height\":412,\"caption\":\"PALLAR\u00c8S ADVOCATS\"},\"image\":{\"@id\":\"https:\/\/www.reclamaraccidentetrafico.es\/#\/schema\/logo\/image\/\"},\"sameAs\":[\"https:\/\/www.facebook.com\/Pallares.Advocat\",\"https:\/\/x.com\/pallaresadvocats\",\"https:\/\/instagram.com\/pallares_advocats?igshid=NTc4MTIwNjQ2YQ==\"]}]}<\/script>\n<!-- \/ Yoast SEO plugin. -->","yoast_head_json":{"title":"Advocats accident de cotxe Lleida","description":"PALLARES ADVOCATS. Contacte con abogados expertos si ha sufrido un accidente de tr\u00e1fico en Lleida. 936 551 730-info@pallaresadvocats.com","robots":{"index":"index","follow":"follow","max-snippet":"max-snippet:-1","max-image-preview":"max-image-preview:large","max-video-preview":"max-video-preview:-1"},"canonical":"https:\/\/www.reclamaraccidentetrafico.es\/cat\/abogados-accidente-trafico-lleida\/","og_locale":"ca_ES","og_type":"article","og_title":"Abogados accidente tr\u00e1fico Lleida","og_description":"PALLARES ADVOCATS. Contacte con abogados expertos si ha sufrido un accidente de tr\u00e1fico en Lleida. 936 551 730-info@pallaresadvocats.com","og_url":"https:\/\/www.reclamaraccidentetrafico.es\/cat\/abogados-accidente-trafico-lleida\/","og_site_name":"ABOGADOS DE ACCIDENTES DE TRAFICO","article_publisher":"https:\/\/www.facebook.com\/Pallares.Advocat","article_modified_time":"2023-08-30T17:01:12+00:00","og_image":[{"width":1280,"height":469,"url":"https:\/\/www.reclamaraccidentetrafico.es\/wp-content\/uploads\/2023\/04\/Lleida-1.jpg","type":"image\/jpeg"}],"twitter_card":"summary_large_image","twitter_site":"@pallaresadvocats","twitter_misc":{"Temps estimat de lectura":"6 minuts"},"schema":{"@context":"https:\/\/schema.org","@graph":[{"@type":"WebPage","@id":"https:\/\/www.reclamaraccidentetrafico.es\/abogados-accidente-trafico-lleida\/","url":"https:\/\/www.reclamaraccidentetrafico.es\/abogados-accidente-trafico-lleida\/","name":"Advocats accident de cotxe Lleida","isPartOf":{"@id":"https:\/\/www.reclamaraccidentetrafico.es\/#website"},"primaryImageOfPage":{"@id":"https:\/\/www.reclamaraccidentetrafico.es\/abogados-accidente-trafico-lleida\/#primaryimage"},"image":{"@id":"https:\/\/www.reclamaraccidentetrafico.es\/abogados-accidente-trafico-lleida\/#primaryimage"},"thumbnailUrl":"https:\/\/www.reclamaraccidentetrafico.es\/wp-content\/uploads\/2023\/04\/Lleida-1.jpg","datePublished":"2020-04-15T16:32:55+00:00","dateModified":"2023-08-30T17:01:12+00:00","description":"PALLARES ADVOCATS. Contacte con abogados expertos si ha sufrido un accidente de tr\u00e1fico en Lleida. 936 551 730-info@pallaresadvocats.com","breadcrumb":{"@id":"https:\/\/www.reclamaraccidentetrafico.es\/abogados-accidente-trafico-lleida\/#breadcrumb"},"inLanguage":"ca","potentialAction":[{"@type":"ReadAction","target":["https:\/\/www.reclamaraccidentetrafico.es\/abogados-accidente-trafico-lleida\/"]}]},{"@type":"ImageObject","inLanguage":"ca","@id":"https:\/\/www.reclamaraccidentetrafico.es\/abogados-accidente-trafico-lleida\/#primaryimage","url":"https:\/\/www.reclamaraccidentetrafico.es\/wp-content\/uploads\/2023\/04\/Lleida-1.jpg","contentUrl":"https:\/\/www.reclamaraccidentetrafico.es\/wp-content\/uploads\/2023\/04\/Lleida-1.jpg","width":1280,"height":469,"caption":"Abogados-accidente-tr\u00e1fico-Lleida"},{"@type":"BreadcrumbList","@id":"https:\/\/www.reclamaraccidentetrafico.es\/abogados-accidente-trafico-lleida\/#breadcrumb","itemListElement":[{"@type":"ListItem","position":1,"name":"Portada","item":"https:\/\/www.reclamaraccidentetrafico.es\/"},{"@type":"ListItem","position":2,"name":"LLEIDA"}]},{"@type":"WebSite","@id":"https:\/\/www.reclamaraccidentetrafico.es\/#website","url":"https:\/\/www.reclamaraccidentetrafico.es\/","name":"ACCIDENT ADVOCATS DE TR\u00c0NSIT","description":"ADVOCATS ESPERTS EN RECLAMACI\u00d3 PER ACCIDENTS DE TR\u00c0NSIT","publisher":{"@id":"https:\/\/www.reclamaraccidentetrafico.es\/#organization"},"potentialAction":[{"@type":"SearchAction","target":{"@type":"EntryPoint","urlTemplate":"https:\/\/www.reclamaraccidentetrafico.es\/?s={search_term_string}"},"query-input":{"@type":"PropertyValueSpecification","valueRequired":true,"valueName":"search_term_string"}}],"inLanguage":"ca"},{"@type":"Organization","@id":"https:\/\/www.reclamaraccidentetrafico.es\/#organization","name":"PALLAR\u00c8S ADVOCATS","alternateName":"Pallar\u00e8s","url":"https:\/\/www.reclamaraccidentetrafico.es\/","logo":{"@type":"ImageObject","inLanguage":"ca","@id":"https:\/\/www.reclamaraccidentetrafico.es\/#\/schema\/logo\/image\/","url":"https:\/\/www.reclamaraccidentetrafico.es\/wp-content\/uploads\/2023\/04\/pallares-blanc.png","contentUrl":"https:\/\/www.reclamaraccidentetrafico.es\/wp-content\/uploads\/2023\/04\/pallares-blanc.png","width":305,"height":412,"caption":"PALLAR\u00c8S ADVOCATS"},"image":{"@id":"https:\/\/www.reclamaraccidentetrafico.es\/#\/schema\/logo\/image\/"},"sameAs":["https:\/\/www.facebook.com\/Pallares.Advocat","https:\/\/x.com\/pallaresadvocats","https:\/\/instagram.com\/pallares_advocats?igshid=NTc4MTIwNjQ2YQ=="]}]}},"_links":{"self":[{"href":"https:\/\/www.reclamaraccidentetrafico.es\/cat\/wp-json\/wp\/v2\/pages\/723","targetHints":{"allow":["GET"]}}],"collection":[{"href":"https:\/\/www.reclamaraccidentetrafico.es\/cat\/wp-json\/wp\/v2\/pages"}],"about":[{"href":"https:\/\/www.reclamaraccidentetrafico.es\/cat\/wp-json\/wp\/v2\/types\/page"}],"author":[{"embeddable":true,"href":"https:\/\/www.reclamaraccidentetrafico.es\/cat\/wp-json\/wp\/v2\/users\/1"}],"replies":[{"embeddable":true,"href":"https:\/\/www.reclamaraccidentetrafico.es\/cat\/wp-json\/wp\/v2\/comments?post=723"}],"version-history":[{"count":5,"href":"https:\/\/www.reclamaraccidentetrafico.es\/cat\/wp-json\/wp\/v2\/pages\/723\/revisions"}],"predecessor-version":[{"id":2263,"href":"https:\/\/www.reclamaraccidentetrafico.es\/cat\/wp-json\/wp\/v2\/pages\/723\/revisions\/2263"}],"wp:featuredmedia":[{"embeddable":true,"href":"https:\/\/www.reclamaraccidentetrafico.es\/cat\/wp-json\/wp\/v2\/media\/1995"}],"wp:attachment":[{"href":"https:\/\/www.reclamaraccidentetrafico.es\/cat\/wp-json\/wp\/v2\/media?parent=723"}],"curies":[{"name":"wp","href":"https:\/\/api.w.org\/{rel}","templated":true}]}}