{"id":725,"date":"2020-04-15T16:51:00","date_gmt":"2020-04-15T16:51:00","guid":{"rendered":"http:\/\/www.abogadonegligenciamedica.eu\/?page_id=725"},"modified":"2023-05-14T15:32:05","modified_gmt":"2023-05-14T15:32:05","slug":"girona","status":"publish","type":"page","link":"https:\/\/www.reclamaraccidentetrafico.es\/cat\/girona\/","title":{"rendered":"GIRONA"},"content":{"rendered":"<div data-elementor-type=\"wp-page\" data-elementor-id=\"725\" class=\"elementor elementor-725\">\n\t\t\t\t\t\t<section class=\"elementor-section elementor-top-section elementor-element elementor-element-1321dd4c elementor-section-boxed elementor-section-height-default elementor-section-height-default\" data-id=\"1321dd4c\" data-element_type=\"section\">\n\t\t\t\t\t\t<div class=\"elementor-container elementor-column-gap-default\">\n\t\t\t\t\t<div class=\"elementor-column elementor-col-100 elementor-top-column elementor-element elementor-element-1c693f8c\" data-id=\"1c693f8c\" data-element_type=\"column\">\n\t\t\t<div class=\"elementor-widget-wrap elementor-element-populated\">\n\t\t\t\t\t\t<div class=\"elementor-element elementor-element-227ecea2 elementor-widget__width-initial elementor-widget elementor-widget-text-editor\" data-id=\"227ecea2\" data-element_type=\"widget\" data-widget_type=\"text-editor.default\">\n\t\t\t\t<div class=\"elementor-widget-container\">\n\t\t\t\t\t\t\t\t\t<h1 style=\"text-align: center;\">ADVOCATS ACCIDENT DE TR\u00c0NSIT A GIRONA<\/h1><h2 style=\"text-align: center;\">PODEM TREBALLAR \u00cdNTEGRAMENT A PERCENTATGE<\/h2><figure id=\"attachment_1841\" aria-describedby=\"caption-attachment-1841\" style=\"width: 222px\" class=\"wp-caption aligncenter\"><img fetchpriority=\"high\" decoding=\"async\" class=\"size-medium wp-image-1841\" src=\"http:\/\/www.reclamaraccidentetrafico.es\/wp-content\/uploads\/2023\/04\/pallares-blanc-222x300.png\" alt=\"\" width=\"222\" height=\"300\" srcset=\"https:\/\/www.reclamaraccidentetrafico.es\/wp-content\/uploads\/2023\/04\/pallares-blanc-222x300.png 222w, https:\/\/www.reclamaraccidentetrafico.es\/wp-content\/uploads\/2023\/04\/pallares-blanc.png 305w\" sizes=\"(max-width: 222px) 100vw, 222px\" \/><figcaption id=\"caption-attachment-1841\" class=\"wp-caption-text\">VOLEM SER EL SEU DESPATX DE LA CONFIAN\u00c7A EN UN ACCIDENT DE TR\u00c0NSIT A GIRONA<\/figcaption><\/figure><h4 style=\"text-align: justify;\"><strong>En <a href=\"http:\/\/www.pallaresadvocats.com\">PALLAR\u00c8S ADVOCATS<\/a> estem conven\u00e7uts que si es busqui un advocat perqu\u00e8 ell ha patit un accident de tr\u00e0nsit, podem ser els seus advocats per accidents de tr\u00e0nsit a Girona.<\/strong><\/h4><h4 style=\"text-align: justify;\"><strong>Els nostres <a title=\"CONTACTE\" href=\"http:\/\/www.reclamaraccidentetrafico.es\/cat\/contactenos\/\">DESPATXOS<\/a> s\u00f3n a la prov\u00edncia de Barcelona, per\u00f2 actualment, la tecnologia permet que les dist\u00e0ncies no s\u00f3n un problema. Tenim no nom\u00e9s del tel\u00e8fon, es poden tenir a l&#039;audioconfer\u00e8ncia de v\u00eddeo per dur a terme visites\/entrevistes virtuals.<\/strong><\/h4><h4 style=\"text-align: justify;\"><strong>Visites cara a cara, ja no s\u00f3n essencials, la possibilitat de converses telef\u00f2niques, uneix-te avui mateix, la possibilitat de fer trucades de v\u00eddeo a trav\u00e9s de les aplicacions i programes lliures que s\u00f3n molt f\u00e0cils d&#039;utilitzar.<\/strong><\/h4><h4 style=\"text-align: justify;\"><strong>Aquest v\u00eddeo confer\u00e8ncia ens permeten no nom\u00e9s obtenir la cara (a alguna cosa essencial en una relaci\u00f3 basada en la confian\u00e7a com \u00e9s l&#039;advocat-client, si no anem a permetre que es reuneixen tots els detalls de la visita, cara a cara, a manera d&#039;exemple:<\/strong><\/h4><ul><li><h4 style=\"text-align: justify;\"><strong>La espec\u00edfiques dia i hora per a la visita virtual a trav\u00e9s de videoconfer\u00e8ncia<\/strong><\/h4><\/li><li><h4 style=\"text-align: justify;\"><strong>Per ser una visita concertada, no va patir els riscos d&#039;una trucada sorpresa (impossibilitat de tracte, la improvisaci\u00f3, la impossibilitat d&#039;accedir a aquest moment a la informaci\u00f3...etc)<\/strong><\/h4><\/li><li style=\"text-align: justify;\"><h4><strong>La visita virtual permet compartir la pantalla de l&#039;ordinador, que ens permet mostrar al client la documentaci\u00f3 que volem comentari<\/strong><\/h4><\/li><\/ul><h4 style=\"text-align: justify;\"><strong>Evidentment, si aquest \u00e9s el cas, anem a passar a on \u00e9s necessari, ja que si vost\u00e8 est\u00e0 buscant un advocat perqu\u00e8 ell ha patit un accident de tr\u00e0nsit, podem actuar en tot el territori nacional.<\/strong><\/h4><h4 style=\"text-align: justify;\"><strong>Quant a la documentaci\u00f3, a dir que sempre treballem amb documents escanejats en format PDF, per a que el client sempre tenir en la seva possessi\u00f3 a l&#039;original, perqu\u00e8 sabem que el gran valor d&#039;aquests documents.<\/strong><\/h4><h4 style=\"text-align: justify;\"><strong>I, en qualsevol cas, per a aquells dels nostres clients que no tenen la possibilitat de escanejar la documentaci\u00f3 en la seva casa, a la feina o en una botiga, sempre va a poder enviar per correu o missatgeria, de manera que ens analitzar\u00e0 i ser\u00e0 retornat al client resid\u00e8ncia si ho precisa.<\/strong><\/h4><h4 style=\"text-align: justify;\"><strong>\u00c9s per aquest motiu que diem que si vost\u00e8 busca un advocat perqu\u00e8 ell ha patit un accident de tr\u00e0fic, podem ser els seus advocats, experts en accidents de tr\u00e0nsit a Girona i el seu partit judicial, de tal manera que<\/strong><\/h4><ul><li><h4 style=\"text-align: justify;\"><strong>Si vost\u00e8 est\u00e0 buscant un advocat perqu\u00e8 ell ha patit un accident de tr\u00e0fic, podem ser els seus advocats, experts en accidents de tr\u00e0nsit a Figueres<\/strong><\/h4><\/li><li><h4 style=\"text-align: justify;\"><strong>Si vost\u00e8 est\u00e0 buscant un advocat perqu\u00e8 ell ha patit un accident de tr\u00e0fic, podem ser els seus advocats, experts en accidents de tr\u00e0nsit a Girona<\/strong><\/h4><\/li><li style=\"text-align: justify;\"><h4><strong>Si vost\u00e8 est\u00e0 buscant un advocat perqu\u00e8 ell ha patit un accident de tr\u00e0fic, podem ser els seus advocats, experts en accidents de tr\u00e0nsit a La Bisbal d&#039;empord\u00e0<\/strong><\/h4><\/li><li style=\"text-align: justify;\"><h4><strong>Si vost\u00e8 est\u00e0 buscant un advocat perqu\u00e8 ell ha patit un accident de tr\u00e0fic, podem ser els seus advocats, experts en accidents de tr\u00e0nsit a Ripoll.<\/strong><\/h4><\/li><li style=\"text-align: justify;\"><h4><strong>Si vost\u00e8 est\u00e0 buscant un advocat perqu\u00e8 ell ha patit un accident de tr\u00e0fic, podem ser els seus advocats, experts en accidents de tr\u00e0nsit a Santa Coloma de Farners<\/strong><\/h4><\/li><li style=\"text-align: justify;\"><h4><strong>Si vost\u00e8 est\u00e0 buscant un advocat perqu\u00e8 ell ha patit un accident de tr\u00e0fic, podem ser els seus advocats, experts en accidents de tr\u00e0nsit a Olot<\/strong><\/h4><\/li><li style=\"text-align: justify;\"><h4><strong>Si vost\u00e8 est\u00e0 buscant un advocat perqu\u00e8 ell ha patit un accident de tr\u00e0fic, podem ser els seus advocats, experts en accidents de tr\u00e0nsit a Blanes<\/strong><\/h4><\/li><li style=\"text-align: justify;\"><h4><strong>Si vost\u00e8 est\u00e0 buscant un advocat perqu\u00e8 ell ha patit un accident de tr\u00e0fic, podem ser els seus advocats, experts en accidents de tr\u00e0nsit a Sant Feliu de Gu\u00edxols<\/strong><\/h4><\/li><li style=\"text-align: justify;\"><h4><strong>Si vost\u00e8 est\u00e0 buscant un advocat perqu\u00e8 ell ha patit un accident de tr\u00e0fic, podem ser els seus advocats, experts en accidents de tr\u00e0nsit a Puigcerd\u00e0<\/strong><\/h4><\/li><\/ul><figure id=\"attachment_1841\" aria-describedby=\"caption-attachment-1841\" style=\"width: 222px\" class=\"wp-caption aligncenter\"><img fetchpriority=\"high\" decoding=\"async\" class=\"size-medium wp-image-1841\" src=\"http:\/\/www.reclamaraccidentetrafico.es\/wp-content\/uploads\/2023\/04\/pallares-blanc-222x300.png\" alt=\"\" width=\"222\" height=\"300\" srcset=\"https:\/\/www.reclamaraccidentetrafico.es\/wp-content\/uploads\/2023\/04\/pallares-blanc-222x300.png 222w, https:\/\/www.reclamaraccidentetrafico.es\/wp-content\/uploads\/2023\/04\/pallares-blanc.png 305w\" sizes=\"(max-width: 222px) 100vw, 222px\" \/><figcaption id=\"caption-attachment-1841\" class=\"wp-caption-text\">VOLEM SER EL SEU DESPATX DE LA CONFIAN\u00c7A EN ACCIDENT DE TR\u00c0NSIT<\/figcaption><\/figure><h2 style=\"text-align: center;\"><span style=\"text-decoration: underline;\">SOM ADVOCATS ACCIDENT DE TR\u00c0NSIT A GIRONA<\/span><\/h2><h2 style=\"text-align: center;\"><span style=\"color: #ff9900;\"><u><b>CONSULTA INICIAL GRATU\u00cfTA<\/b><\/u><\/span><br \/><b>\u00a0<\/b><a href=\"mailto:info@pallaresadvocats.com\"><b>info@pallaresadvocats.com<\/b><\/a><\/h2><h1 style=\"text-align: center;\"><span style=\"color: #ff9900;\"><b>93 655 31 70<\/b><\/span><\/h1><h4 style=\"text-align: center;\">&#8212;&#8212;&#8212;&#8212;&#8212;&#8212;-<\/h4><h4 style=\"text-align: justify;\">A <a href=\"http:\/\/www.pallaresadvocats.com\">PALLAR\u00c8S ADVOCATS<\/a>, estem conven\u00e7uts que si vost\u00e8 busca un advocat perqu\u00e8 ha sofert un accident de tr\u00e0nsit, pot ser els seus advocats experts en accidents de tr\u00e0nsit a Girona<\/h4><h4 style=\"text-align: justify;\">Els nostres <a title=\"CONTACTE\" href=\"http:\/\/www.reclamaraccidentetrafico.es\/cat\/contactenos\/\">despatxos<\/a> s\u00f3n de Barcelona, per\u00f2 actualment, la tecnologia permet dist\u00e0ncies no no siguin un problema. Disposem no sols en el tel\u00e8fon, pot comptar amb les videoconfer\u00e8ncies per a realitzar la visita\/entrevistes virtuals.<\/h4><h4 style=\"text-align: justify;\">Les visites presencials no s\u00f3n ja imprescindibles doncs a la possibilitat d&#039;ells xerrant telef\u00f2niques, s uneixen avui la possibilitat de realitzar videoconfer\u00e8ncies a trav\u00e9s d&#039;aplicacions i programes gratu\u00efts i molt f\u00e0cils d&#039;utilitzar.<\/h4><h4 style=\"text-align: justify;\">Aquesta videoconfer\u00e8ncia ens permetr\u00e0 no sols plantejar-li la cara (una cosa essencial en una relaci\u00f3 basada en la confian\u00e7a com ho \u00e9s la d&#039;advocat-client), per\u00f2 permetr\u00e0 recollir tots els detalls d&#039;una cara visita, a tall d&#039;exemple:<\/h4><h4 style=\"text-align: justify;\">\u00b7 Es tracta d&#039;un formig\u00f3 un dia i una hora per visita virtual mitjan\u00e7ant videoconfer\u00e8ncia.<\/h4><h4 style=\"text-align: justify;\">\u00b7 L&#039;\u00e9sser una visita concertada, no patir\u00e0 dels riscos d&#039;un cangrees feta per sorpresa (impossibilitat d&#039;atendre-la improvisaci\u00f3, impossibilitat d&#039;accedir en aquests moments a la informaci\u00f3...etc)<\/h4><h4 style=\"text-align: justify;\">\u00b7 La visita virtual permet compartir la pantalla de l&#039;coordinaci\u00f3, la qual cosa ens permetr\u00e0 mostrar el client els documents que vulguem comentari.<\/h4><h4 style=\"text-align: justify;\">Evidentment, arribat el cas, ens despla\u00e7arem a la seg\u00fcent necessari, ja que si vost\u00e8 busca un advocat perqu\u00e8 ha sofert un accident de tr\u00e0nsit, pot actuar en tot el territori nacional.<\/h4><h4 style=\"text-align: justify;\">Respecte a la documentaci\u00f3, dir-li treballem sempre amb documentaci\u00f3 escanejada, en format PDF, perqu\u00e8 el client conservi sempre en el seu poder els originals ja que sabem el gran valor a aquests documents.<\/h4><h4 style=\"text-align: justify;\">I en tot cas, per a aquells dels nostres clients que no a la possibilitat d&#039;escanejar la documentaci\u00f3 de la seva casa, a la feina o en una copisteria, sempre ens pot remetre per correu o missatgeria, de tal manera que ens l&#039;escanejarem i retornarem el domicili del client si aix\u00ed ens ho precisa.<\/h4><h4 style=\"text-align: justify;\">\u00c9s per tot aix\u00f2 que afirmem que si vost\u00e8 busca un advocat perqu\u00e8 ha sofert un accident de tr\u00e0nsit, pot ser els seus advocats experts en accidents de tr\u00e0nsit a Girona i els seus partits judicials, de tal manera que:<\/h4><h4 style=\"text-align: justify;\">\u00b7 Si vost\u00e8 busca un advocat perqu\u00e8 ha sofert un accident de tr\u00e0nsit, pot ser els seus advocats experts en accidents de tr\u00e0nsit a Figueres.<\/h4><h4 style=\"text-align: justify;\">\u00b7 Si vost\u00e8 busca un advocat perqu\u00e8 ha sofert un accident de tr\u00e0nsit, pot ser els seus advocats experts en accidents de tr\u00e0nsit a Girona.<\/h4><h4 style=\"text-align: justify;\">\u00b7 Si vost\u00e8 busca un advocat perqu\u00e8 ha sofert un accident de tr\u00e0nsit, pot ser els seus advocats experts en accidents de tr\u00e0nsit a La Bisbal d&#039;empord\u00e0.<\/h4><h4 style=\"text-align: justify;\">\u00b7 Si vost\u00e8 busca un advocat perqu\u00e8 ha sofert un accident de tr\u00e0nsit, pot ser els seus advocats experts en accidents de tr\u00e0nsit a Ripoll.<\/h4><h4 style=\"text-align: justify;\">\u00b7 Si vost\u00e8 busca un advocat perqu\u00e8 ha sofert un accident de tr\u00e0nsit, pot ser els seus advocats experts en accidents de tr\u00e0nsit a Santa Coloma de Farners.<\/h4><h4 style=\"text-align: justify;\">\u00b7 Si vost\u00e8 busca un advocat perqu\u00e8 ha sofert un accident de tr\u00e0nsit, pot ser els seus advocats experts en accidents de tr\u00e0nsit a Olot.<\/h4><h4 style=\"text-align: justify;\">\u00b7 Si vost\u00e8 busca un advocat perqu\u00e8 ha sofert un accident de tr\u00e0nsit, pot ser els seus advocats experts en accidents de tr\u00e0nsit a Blanes.<\/h4><h4 style=\"text-align: justify;\">\u00b7 Si vost\u00e8 busca un advocat perqu\u00e8 ha sofert un accident de tr\u00e0nsit, pot ser els seus advocats experts en accidents de tr\u00e0nsit a Sant Feliu de Gu\u00edxols.<\/h4><h4 style=\"text-align: justify;\">\u00b7 Si vost\u00e8 busca un advocat perqu\u00e8 ha sofert un accident de tr\u00e0nsit, pot ser els seus advocats experts en accidents de tr\u00e0nsit a Puigcerd\u00e0.<\/h4><h2 style=\"text-align: center;\"><u>SOM ADVOCATS DE VICTIMES D&#039;ACCIDENTS DE TR\u00c0NSIT A GIRONA<\/u><\/h2><h2 style=\"text-align: center;\"><span style=\"color: #ff9900;\"><u><b>PRIMERA CONSULTA GRATU\u00cfTA I SENSE COMPROM\u00cdS<\/b><\/u><\/span><br \/><b>\u00a0<\/b><a href=\"mailto:info@pallaresadvocats.com\"><b>info@pallaresadvocats.com<\/b><\/a><\/h2><h2 style=\"text-align: center;\"><span style=\"color: #ff9900;\"><b>93 655 31 70<\/b><\/span><\/h2><h4 style=\"text-align: center;\"><span style=\"color: #ff9900;\"><strong>NO HO DUBTI, POSI'S EN CONTACTE AMB NOSALTRES<\/strong><\/span><\/h4><h4>\u00a0<\/h4>\t\t\t\t\t\t\t\t<\/div>\n\t\t\t\t<\/div>\n\t\t\t\t\t<\/div>\n\t\t<\/div>\n\t\t\t\t\t<\/div>\n\t\t<\/section>\n\t\t\t\t<\/div>","protected":false},"excerpt":{"rendered":"<p>ABOGADOS DE ACCIDENTES DE TRAFICO EN GIRONA PODEMOS TRABAJAR TOTALMENTE A PORCENTAJE En PALLARES ADVOCATS estamos convencidos que si usted busca un abogado porque ha sufrido un accidente de tr\u00e1fico, podemos ser sus abogados de accidentes de tr\u00e1fico en Girona. Nuestros despachos est\u00e1n en la provincia de Barcelona pero actualmente, la tecnolog\u00eda permite que las [&hellip;]<\/p>","protected":false},"author":1,"featured_media":1993,"parent":0,"menu_order":0,"comment_status":"closed","ping_status":"closed","template":"","meta":{"footnotes":""},"class_list":["post-725","page","type-page","status-publish","has-post-thumbnail","czr-hentry"],"yoast_head":"<!-- This site is optimized with the Yoast SEO plugin v26.0 - https:\/\/yoast.com\/wordpress\/plugins\/seo\/ -->\n<title>Abogados de accidentes de tr\u00e1fico en Girona<\/title>\n<meta name=\"description\" content=\"Sus abogados de accidentes de tr\u00e1fico en Girona, estamos altamente especializados. \u00a1Solo cobramos si usted cobra, m\u00e1xima indemnizaci\u00f3n!\" \/>\n<meta name=\"robots\" content=\"index, follow, max-snippet:-1, max-image-preview:large, max-video-preview:-1\" \/>\n<link rel=\"canonical\" href=\"https:\/\/www.reclamaraccidentetrafico.es\/cat\/girona\/\" \/>\n<meta property=\"og:locale\" content=\"ca_ES\" \/>\n<meta property=\"og:type\" content=\"article\" \/>\n<meta property=\"og:title\" content=\"Abogados de accidentes de tr\u00e1fico en Girona\" \/>\n<meta property=\"og:description\" content=\"Sus abogados de accidentes de tr\u00e1fico en Girona, estamos altamente especializados. \u00a1Solo cobramos si usted cobra, m\u00e1xima indemnizaci\u00f3n!\" \/>\n<meta property=\"og:url\" content=\"https:\/\/www.reclamaraccidentetrafico.es\/cat\/girona\/\" \/>\n<meta property=\"og:site_name\" content=\"ABOGADOS DE ACCIDENTES DE TRAFICO\" \/>\n<meta property=\"article:publisher\" content=\"https:\/\/www.facebook.com\/Pallares.Advocat\" \/>\n<meta property=\"article:modified_time\" content=\"2023-05-14T15:32:05+00:00\" \/>\n<meta property=\"og:image\" content=\"https:\/\/www.reclamaraccidentetrafico.es\/wp-content\/uploads\/2023\/04\/Girona.jpg\" \/>\n\t<meta property=\"og:image:width\" content=\"1280\" \/>\n\t<meta property=\"og:image:height\" content=\"500\" \/>\n\t<meta property=\"og:image:type\" content=\"image\/jpeg\" \/>\n<meta name=\"twitter:card\" content=\"summary_large_image\" \/>\n<meta name=\"twitter:site\" content=\"@pallaresadvocats\" \/>\n<meta name=\"twitter:label1\" content=\"Temps estimat de lectura\" \/>\n\t<meta name=\"twitter:data1\" content=\"7 minuts\" \/>\n<script type=\"application\/ld+json\" class=\"yoast-schema-graph\">{\"@context\":\"https:\/\/schema.org\",\"@graph\":[{\"@type\":\"WebPage\",\"@id\":\"https:\/\/www.reclamaraccidentetrafico.es\/girona\/\",\"url\":\"https:\/\/www.reclamaraccidentetrafico.es\/girona\/\",\"name\":\"Abogados de accidentes de tr\u00e1fico en Girona\",\"isPartOf\":{\"@id\":\"https:\/\/www.reclamaraccidentetrafico.es\/#website\"},\"primaryImageOfPage\":{\"@id\":\"https:\/\/www.reclamaraccidentetrafico.es\/girona\/#primaryimage\"},\"image\":{\"@id\":\"https:\/\/www.reclamaraccidentetrafico.es\/girona\/#primaryimage\"},\"thumbnailUrl\":\"https:\/\/www.reclamaraccidentetrafico.es\/wp-content\/uploads\/2023\/04\/Girona.jpg\",\"datePublished\":\"2020-04-15T16:51:00+00:00\",\"dateModified\":\"2023-05-14T15:32:05+00:00\",\"description\":\"Sus abogados de accidentes de tr\u00e1fico en Girona, estamos altamente especializados. \u00a1Solo cobramos si usted cobra, m\u00e1xima indemnizaci\u00f3n!\",\"breadcrumb\":{\"@id\":\"https:\/\/www.reclamaraccidentetrafico.es\/girona\/#breadcrumb\"},\"inLanguage\":\"ca\",\"potentialAction\":[{\"@type\":\"ReadAction\",\"target\":[\"https:\/\/www.reclamaraccidentetrafico.es\/girona\/\"]}]},{\"@type\":\"ImageObject\",\"inLanguage\":\"ca\",\"@id\":\"https:\/\/www.reclamaraccidentetrafico.es\/girona\/#primaryimage\",\"url\":\"https:\/\/www.reclamaraccidentetrafico.es\/wp-content\/uploads\/2023\/04\/Girona.jpg\",\"contentUrl\":\"https:\/\/www.reclamaraccidentetrafico.es\/wp-content\/uploads\/2023\/04\/Girona.jpg\",\"width\":1280,\"height\":500},{\"@type\":\"BreadcrumbList\",\"@id\":\"https:\/\/www.reclamaraccidentetrafico.es\/girona\/#breadcrumb\",\"itemListElement\":[{\"@type\":\"ListItem\",\"position\":1,\"name\":\"Portada\",\"item\":\"https:\/\/www.reclamaraccidentetrafico.es\/\"},{\"@type\":\"ListItem\",\"position\":2,\"name\":\"GIRONA\"}]},{\"@type\":\"WebSite\",\"@id\":\"https:\/\/www.reclamaraccidentetrafico.es\/#website\",\"url\":\"https:\/\/www.reclamaraccidentetrafico.es\/\",\"name\":\"ABOGADOS DE ACCIDENTES DE TRAFICO\",\"description\":\"ABOGADOS EXPERTOS EN RECLAMAR ACCIDENTES DE TRAFICO\",\"publisher\":{\"@id\":\"https:\/\/www.reclamaraccidentetrafico.es\/#organization\"},\"potentialAction\":[{\"@type\":\"SearchAction\",\"target\":{\"@type\":\"EntryPoint\",\"urlTemplate\":\"https:\/\/www.reclamaraccidentetrafico.es\/?s={search_term_string}\"},\"query-input\":{\"@type\":\"PropertyValueSpecification\",\"valueRequired\":true,\"valueName\":\"search_term_string\"}}],\"inLanguage\":\"ca\"},{\"@type\":\"Organization\",\"@id\":\"https:\/\/www.reclamaraccidentetrafico.es\/#organization\",\"name\":\"PALLAR\u00c8S ADVOCATS\",\"alternateName\":\"Pallar\u00e8s\",\"url\":\"https:\/\/www.reclamaraccidentetrafico.es\/\",\"logo\":{\"@type\":\"ImageObject\",\"inLanguage\":\"ca\",\"@id\":\"https:\/\/www.reclamaraccidentetrafico.es\/#\/schema\/logo\/image\/\",\"url\":\"https:\/\/www.reclamaraccidentetrafico.es\/wp-content\/uploads\/2023\/04\/pallares-blanc.png\",\"contentUrl\":\"https:\/\/www.reclamaraccidentetrafico.es\/wp-content\/uploads\/2023\/04\/pallares-blanc.png\",\"width\":305,\"height\":412,\"caption\":\"PALLAR\u00c8S ADVOCATS\"},\"image\":{\"@id\":\"https:\/\/www.reclamaraccidentetrafico.es\/#\/schema\/logo\/image\/\"},\"sameAs\":[\"https:\/\/www.facebook.com\/Pallares.Advocat\",\"https:\/\/x.com\/pallaresadvocats\",\"https:\/\/instagram.com\/pallares_advocats?igshid=NTc4MTIwNjQ2YQ==\"]}]}<\/script>\n<!-- \/ Yoast SEO plugin. -->","yoast_head_json":{"title":"Abogados de accidentes de tr\u00e1fico en Girona","description":"Sus abogados de accidentes de tr\u00e1fico en Girona, estamos altamente especializados. \u00a1Solo cobramos si usted cobra, m\u00e1xima indemnizaci\u00f3n!","robots":{"index":"index","follow":"follow","max-snippet":"max-snippet:-1","max-image-preview":"max-image-preview:large","max-video-preview":"max-video-preview:-1"},"canonical":"https:\/\/www.reclamaraccidentetrafico.es\/cat\/girona\/","og_locale":"ca_ES","og_type":"article","og_title":"Abogados de accidentes de tr\u00e1fico en Girona","og_description":"Sus abogados de accidentes de tr\u00e1fico en Girona, estamos altamente especializados. \u00a1Solo cobramos si usted cobra, m\u00e1xima indemnizaci\u00f3n!","og_url":"https:\/\/www.reclamaraccidentetrafico.es\/cat\/girona\/","og_site_name":"ABOGADOS DE ACCIDENTES DE TRAFICO","article_publisher":"https:\/\/www.facebook.com\/Pallares.Advocat","article_modified_time":"2023-05-14T15:32:05+00:00","og_image":[{"width":1280,"height":500,"url":"https:\/\/www.reclamaraccidentetrafico.es\/wp-content\/uploads\/2023\/04\/Girona.jpg","type":"image\/jpeg"}],"twitter_card":"summary_large_image","twitter_site":"@pallaresadvocats","twitter_misc":{"Temps estimat de lectura":"7 minuts"},"schema":{"@context":"https:\/\/schema.org","@graph":[{"@type":"WebPage","@id":"https:\/\/www.reclamaraccidentetrafico.es\/girona\/","url":"https:\/\/www.reclamaraccidentetrafico.es\/girona\/","name":"Abogados de accidentes de tr\u00e1fico en Girona","isPartOf":{"@id":"https:\/\/www.reclamaraccidentetrafico.es\/#website"},"primaryImageOfPage":{"@id":"https:\/\/www.reclamaraccidentetrafico.es\/girona\/#primaryimage"},"image":{"@id":"https:\/\/www.reclamaraccidentetrafico.es\/girona\/#primaryimage"},"thumbnailUrl":"https:\/\/www.reclamaraccidentetrafico.es\/wp-content\/uploads\/2023\/04\/Girona.jpg","datePublished":"2020-04-15T16:51:00+00:00","dateModified":"2023-05-14T15:32:05+00:00","description":"Sus abogados de accidentes de tr\u00e1fico en Girona, estamos altamente especializados. \u00a1Solo cobramos si usted cobra, m\u00e1xima indemnizaci\u00f3n!","breadcrumb":{"@id":"https:\/\/www.reclamaraccidentetrafico.es\/girona\/#breadcrumb"},"inLanguage":"ca","potentialAction":[{"@type":"ReadAction","target":["https:\/\/www.reclamaraccidentetrafico.es\/girona\/"]}]},{"@type":"ImageObject","inLanguage":"ca","@id":"https:\/\/www.reclamaraccidentetrafico.es\/girona\/#primaryimage","url":"https:\/\/www.reclamaraccidentetrafico.es\/wp-content\/uploads\/2023\/04\/Girona.jpg","contentUrl":"https:\/\/www.reclamaraccidentetrafico.es\/wp-content\/uploads\/2023\/04\/Girona.jpg","width":1280,"height":500},{"@type":"BreadcrumbList","@id":"https:\/\/www.reclamaraccidentetrafico.es\/girona\/#breadcrumb","itemListElement":[{"@type":"ListItem","position":1,"name":"Portada","item":"https:\/\/www.reclamaraccidentetrafico.es\/"},{"@type":"ListItem","position":2,"name":"GIRONA"}]},{"@type":"WebSite","@id":"https:\/\/www.reclamaraccidentetrafico.es\/#website","url":"https:\/\/www.reclamaraccidentetrafico.es\/","name":"ACCIDENT ADVOCATS DE TR\u00c0NSIT","description":"ADVOCATS ESPERTS EN RECLAMACI\u00d3 PER ACCIDENTS DE TR\u00c0NSIT","publisher":{"@id":"https:\/\/www.reclamaraccidentetrafico.es\/#organization"},"potentialAction":[{"@type":"SearchAction","target":{"@type":"EntryPoint","urlTemplate":"https:\/\/www.reclamaraccidentetrafico.es\/?s={search_term_string}"},"query-input":{"@type":"PropertyValueSpecification","valueRequired":true,"valueName":"search_term_string"}}],"inLanguage":"ca"},{"@type":"Organization","@id":"https:\/\/www.reclamaraccidentetrafico.es\/#organization","name":"PALLAR\u00c8S ADVOCATS","alternateName":"Pallar\u00e8s","url":"https:\/\/www.reclamaraccidentetrafico.es\/","logo":{"@type":"ImageObject","inLanguage":"ca","@id":"https:\/\/www.reclamaraccidentetrafico.es\/#\/schema\/logo\/image\/","url":"https:\/\/www.reclamaraccidentetrafico.es\/wp-content\/uploads\/2023\/04\/pallares-blanc.png","contentUrl":"https:\/\/www.reclamaraccidentetrafico.es\/wp-content\/uploads\/2023\/04\/pallares-blanc.png","width":305,"height":412,"caption":"PALLAR\u00c8S ADVOCATS"},"image":{"@id":"https:\/\/www.reclamaraccidentetrafico.es\/#\/schema\/logo\/image\/"},"sameAs":["https:\/\/www.facebook.com\/Pallares.Advocat","https:\/\/x.com\/pallaresadvocats","https:\/\/instagram.com\/pallares_advocats?igshid=NTc4MTIwNjQ2YQ=="]}]}},"_links":{"self":[{"href":"https:\/\/www.reclamaraccidentetrafico.es\/cat\/wp-json\/wp\/v2\/pages\/725","targetHints":{"allow":["GET"]}}],"collection":[{"href":"https:\/\/www.reclamaraccidentetrafico.es\/cat\/wp-json\/wp\/v2\/pages"}],"about":[{"href":"https:\/\/www.reclamaraccidentetrafico.es\/cat\/wp-json\/wp\/v2\/types\/page"}],"author":[{"embeddable":true,"href":"https:\/\/www.reclamaraccidentetrafico.es\/cat\/wp-json\/wp\/v2\/users\/1"}],"replies":[{"embeddable":true,"href":"https:\/\/www.reclamaraccidentetrafico.es\/cat\/wp-json\/wp\/v2\/comments?post=725"}],"version-history":[{"count":15,"href":"https:\/\/www.reclamaraccidentetrafico.es\/cat\/wp-json\/wp\/v2\/pages\/725\/revisions"}],"predecessor-version":[{"id":2213,"href":"https:\/\/www.reclamaraccidentetrafico.es\/cat\/wp-json\/wp\/v2\/pages\/725\/revisions\/2213"}],"wp:featuredmedia":[{"embeddable":true,"href":"https:\/\/www.reclamaraccidentetrafico.es\/cat\/wp-json\/wp\/v2\/media\/1993"}],"wp:attachment":[{"href":"https:\/\/www.reclamaraccidentetrafico.es\/cat\/wp-json\/wp\/v2\/media?parent=725"}],"curies":[{"name":"wp","href":"https:\/\/api.w.org\/{rel}","templated":true}]}}